{"id":16634,"date":"2025-08-27T08:19:54","date_gmt":"2025-08-27T06:19:54","guid":{"rendered":"https:\/\/balavander.com\/?post_type=product&#038;p=16634"},"modified":"2026-04-24T06:32:38","modified_gmt":"2026-04-24T04:32:38","slug":"mini-eco-glow-lime-mirisna-sveca","status":"publish","type":"product","link":"https:\/\/balavander.com\/de\/prodavnica\/mini-eco-glow-lime-mirisna-sveca\/","title":{"rendered":"Mini Eco Glow \u2013 Lime \u2013 Duftkerze"},"content":{"rendered":"<p><strong>Mini Eco Glow \u2013 Lime<\/strong> ist eine Duftkerze aus 100 % nat\u00fcrlichem Sojawachs in einem Glas. Sie duftet verf\u00fchrerisch nach einer erfrischenden Kombination aus Minze und Limette, die Sie sofort weckt und energetisiert und sommerliche Frische in Ihr Zuhause bringt.<\/p>\n<p>Diese einzigartige Mischung aus \u00e4therischen \u00d6len von Ingwer und Limette schafft perfekte Harmonie \u2013 Limette hebt die Stimmung und bringt Freude, w\u00e4hrend Ingwer den Geist erfrischt und die Gedanken kl\u00e4rt.\nSie ist ideal f\u00fcr die Morgenstunden, wenn Sie Inspiration suchen, oder f\u00fcr den Nachmittag, wenn Sie einen nat\u00fcrlichen Energieschub brauchen.<\/p>\n<p>Kerzen aus Sojawachs sind viel sicherer und ges\u00fcnder als herk\u00f6mmliche Kerzen, da sie aus pflanzlichem Wachs bestehen, das keine krebserregenden Partikel enth\u00e4lt, und sind daher auch f\u00fcr Veganer geeignet.\nDie Brenndauer ist ebenfalls deutlich l\u00e4nger als bei herk\u00f6mmlichen Kerzen.<\/p>\n<p><strong>Inhaltsstoffe:<\/strong><br \/>\n\u2013 Baumwoll-WEDO-Docht h\u00f6chster Qualit\u00e4t<br \/>\n\u2013 100% Sojawachs<br \/>\n\u2013 \u00c4therisches Ingwer\u00f6l<br \/>\n\u2013 \u00c4therisches Limetten\u00f6l<br \/>\n\u2013 Glastiegel<\/p>\n<p><strong>Brenndauer:<\/strong> 20+ sati<\/p>\n<p>Wie entfernt man Wachsreste nach dem Gebrauch einer Duftkerze aus Sojawachs?<br \/>\nSehen Sie sich die sehr einfache Anleitung an.<\/p>\n<p><iframe title=\"YouTube video player\" src=\"https:\/\/www.youtube.com\/embed\/u1I-uOqCmHs?controls=0\" width=\"560\" height=\"315\" frameborder=\"0\" allowfullscreen=\"allowfullscreen\"><\/iframe><\/p>","protected":false},"excerpt":{"rendered":"<div class=\"mb-2 whitespace-pre-line last:mb-0\" data-sentry-component=\"P\" data-sentry-source-file=\"p.tsx\"><strong>Mini Eco Glow Lime<\/strong>, eine Duftkerze aus Sojawachs im Glas, bringt die erfrischende Energie von Minze und Limette in Ihren Raum.<br \/>\nMit einem hochwertigen WEDO\u2011Baumwolldocht, Sojawachs und \u00e4therischen \u00d6len von Minze und Limette bietet sie ein Dufterlebnis von \u00fcber 20 Stunden.<\/div>\n<div class=\"mb-2 whitespace-pre-line last:mb-0\" data-sentry-component=\"P\" data-sentry-source-file=\"p.tsx\">\n<p>Sojawachskerzen, frei von krebserregenden Partikeln, machen diese Kerze ideal f\u00fcr Veganer. Neben der Umweltfreundlichkeit bieten sie auch eine l\u00e4ngere Brenndauer.<\/p>\n<\/div>\n<div class=\"mb-2 whitespace-pre-line last:mb-0\" data-sentry-component=\"P\" data-sentry-source-file=\"p.tsx\">Genie\u00dfen Sie den einzigartigen Duft und die Eleganz der Mini Eco Glow Lime Kerze und verleihen Sie Ihrem Zuhause eine erfrischende Note aus Zitrusfrische und minziger K\u00fchle.<\/div>","protected":false},"featured_media":16636,"comment_status":"open","ping_status":"closed","template":"","meta":{"wprm-recipe-roundup-name":"","wprm-recipe-roundup-description":""},"product_brand":[],"product_cat":[28,26],"product_tag":[],"class_list":{"0":"post-16634","1":"product","2":"type-product","3":"status-publish","4":"has-post-thumbnail","6":"product_cat-mirisne-svece-od-sojinog-voska","7":"product_cat-aromaterapija","9":"first","10":"instock","11":"taxable","12":"shipping-taxable","13":"purchasable","14":"product-type-simple"},"_links":{"self":[{"href":"https:\/\/balavander.com\/de\/wp-json\/wp\/v2\/product\/16634","targetHints":{"allow":["GET"]}}],"collection":[{"href":"https:\/\/balavander.com\/de\/wp-json\/wp\/v2\/product"}],"about":[{"href":"https:\/\/balavander.com\/de\/wp-json\/wp\/v2\/types\/product"}],"replies":[{"embeddable":true,"href":"https:\/\/balavander.com\/de\/wp-json\/wp\/v2\/comments?post=16634"}],"wp:featuredmedia":[{"embeddable":true,"href":"https:\/\/balavander.com\/de\/wp-json\/wp\/v2\/media\/16636"}],"wp:attachment":[{"href":"https:\/\/balavander.com\/de\/wp-json\/wp\/v2\/media?parent=16634"}],"wp:term":[{"taxonomy":"product_brand","embeddable":true,"href":"https:\/\/balavander.com\/de\/wp-json\/wp\/v2\/product_brand?post=16634"},{"taxonomy":"product_cat","embeddable":true,"href":"https:\/\/balavander.com\/de\/wp-json\/wp\/v2\/product_cat?post=16634"},{"taxonomy":"product_tag","embeddable":true,"href":"https:\/\/balavander.com\/de\/wp-json\/wp\/v2\/product_tag?post=16634"}],"curies":[{"name":"wp","href":"https:\/\/api.w.org\/{rel}","templated":true}]}}