{"id":15874,"date":"2025-05-19T21:59:59","date_gmt":"2025-05-19T19:59:59","guid":{"rendered":"https:\/\/balavander.com\/?post_type=product&#038;p=15874"},"modified":"2026-04-21T06:32:12","modified_gmt":"2026-04-21T04:32:12","slug":"lavanda-prodaja-suseni-cvet-lavande","status":"publish","type":"product","link":"https:\/\/balavander.com\/de\/prodavnica\/lavanda-prodaja-suseni-cvet-lavande\/","title":{"rendered":"Lavendel \u2013 Getrocknete Bl\u00fcte \u2013 1 kg (Saison)"},"content":{"rendered":"<p class=\"mb-2 whitespace-pre-line last:mb-0\"><strong>Lavendel-Verkauf \u2013 Getrocknete Lavendelbl\u00fcten \u2013 Duft der Natur!<\/strong><\/p>\n<p class=\"mb-2 whitespace-pre-line last:mb-0\">Bringen Sie authentisches Aroma und Sch\u00f6nheit von Bio-Lavendel in Ihr Zuhause mit unserem <strong>getrocknete Lavendelbl\u00fcte<\/strong>. Handgepfl\u00fcckt auf unseren Feldern und nat\u00fcrlich getrocknet, beh\u00e4lt Lavendel seine reiche violette Farbe und den charakteristischen, beruhigenden Duft. Getrocknete Lavendelbl\u00fcte ist vielseitig \u2013 perfekt f\u00fcr die Herstellung von Dufts\u00e4ckchen, Tees, Dekoration, Aromatherapie oder als nat\u00fcrlicher Lufterfrischer.<\/p>\n<p class=\"mb-2 whitespace-pre-line last:mb-0\"><strong>Wichtiger Hinweis: Saisonverkauf<\/strong><\/p>\n<ul>\n<li>Getrocknete Lavendelbl\u00fcte ist im Saisonverkauf erh\u00e4ltlich.<\/li>\n<li>Ernte 2025<\/li>\n<li>Mengen sind begrenzt<\/li>\n<\/ul>\n<p class=\"mb-2 whitespace-pre-line last:mb-0\"><strong>Warum unsere getrocknete Lavendelbl\u00fcte w\u00e4hlen?<\/strong><\/p>\n<ul>\n<li>100% nat\u00fcrlich, ohne Zus\u00e4tze, handgepfl\u00fcckt und sorgf\u00e4ltig getrocknet.<\/li>\n<li>Besitzt Zertifikat f\u00fcr Korrektheit und Gesundheitssicherheit.<\/li>\n<li>Beh\u00e4lt intensive Farbe und reichen, langanhaltenden Duft.<\/li>\n<li>Vielseitige Verwendung: Dufts\u00e4ckchen, hausgemachte Tees, Dekoration, B\u00e4der, nat\u00fcrliches Repellent, DIY-Projekte.<\/li>\n<li>Verpackung: \u00f6kologische, Papierverpackung.<\/li>\n<\/ul>\n<p class=\"mb-2 whitespace-pre-line last:mb-0\"><strong>Lieferung:<\/strong> Kostenlos f\u00fcr Bestellungen \u00fcber 3000 RSD in Serbien.<\/p>\n<p class=\"mb-2 whitespace-pre-line last:mb-0\">Reservieren Sie Ihre getrockneten Lavendelbl\u00fcten noch heute und sichern Sie sich einen Hauch von Natur das ganze Jahr \u00fcber! Die Mengen sind begrenzt!<\/p>\n<p>&nbsp;<\/p>\n<p><iframe title=\"YouTube video player\" src=\"https:\/\/www.youtube.com\/embed\/qPJiNKiPK50?si=Tsc1JUFPLccb8fxY\" width=\"560\" height=\"315\" frameborder=\"0\" allowfullscreen=\"allowfullscreen\"><\/iframe><\/p>","protected":false},"excerpt":{"rendered":"<p class=\"mb-2 whitespace-pre-line last:mb-0\">Saisonaler Verkauf von getrockneten Lavendelbl\u00fcten zu einem Sonderpreis! 100% nat\u00fcrlich, handgepfl\u00fcckt und sorgf\u00e4ltig unter kontrollierten und sterilen Bedingungen getrocknet.<\/p>","protected":false},"featured_media":15890,"comment_status":"open","ping_status":"closed","template":"","meta":{"wprm-recipe-roundup-name":"","wprm-recipe-roundup-description":""},"product_brand":[],"product_cat":[30,26],"product_tag":[146],"class_list":{"0":"post-15874","1":"product","2":"type-product","3":"status-publish","4":"has-post-thumbnail","6":"product_cat-prirodna-kozmetika","7":"product_cat-aromaterapija","8":"product_tag-lavanda","10":"first","11":"outofstock","12":"taxable","13":"shipping-taxable","14":"purchasable","15":"product-type-simple"},"_links":{"self":[{"href":"https:\/\/balavander.com\/de\/wp-json\/wp\/v2\/product\/15874","targetHints":{"allow":["GET"]}}],"collection":[{"href":"https:\/\/balavander.com\/de\/wp-json\/wp\/v2\/product"}],"about":[{"href":"https:\/\/balavander.com\/de\/wp-json\/wp\/v2\/types\/product"}],"replies":[{"embeddable":true,"href":"https:\/\/balavander.com\/de\/wp-json\/wp\/v2\/comments?post=15874"}],"wp:featuredmedia":[{"embeddable":true,"href":"https:\/\/balavander.com\/de\/wp-json\/wp\/v2\/media\/15890"}],"wp:attachment":[{"href":"https:\/\/balavander.com\/de\/wp-json\/wp\/v2\/media?parent=15874"}],"wp:term":[{"taxonomy":"product_brand","embeddable":true,"href":"https:\/\/balavander.com\/de\/wp-json\/wp\/v2\/product_brand?post=15874"},{"taxonomy":"product_cat","embeddable":true,"href":"https:\/\/balavander.com\/de\/wp-json\/wp\/v2\/product_cat?post=15874"},{"taxonomy":"product_tag","embeddable":true,"href":"https:\/\/balavander.com\/de\/wp-json\/wp\/v2\/product_tag?post=15874"}],"curies":[{"name":"wp","href":"https:\/\/api.w.org\/{rel}","templated":true}]}}