{"id":15748,"date":"2025-04-28T11:21:55","date_gmt":"2025-04-28T09:21:55","guid":{"rendered":"https:\/\/balavander.com\/?post_type=product&#038;p=15748"},"modified":"2026-04-20T06:32:14","modified_gmt":"2026-04-20T04:32:14","slug":"poklon-set-lavandin-raj","status":"publish","type":"product","link":"https:\/\/balavander.com\/de\/prodavnica\/poklon-set-lavandin-raj\/","title":{"rendered":"Geschenkset - Lavendelparadies"},"content":{"rendered":"<h3><strong>Geschenkset \u2013 Lavandin Paradies: Harmonie der Natur in einem kleinen Geschenk<\/strong><\/h3>\n<p class=\"mb-2 whitespace-pre-line last:mb-0\">Geben Sie sich dem Charme des Lavendels mit unserem <strong>Geschenkset - Lavendelparadies<\/strong>. Dieses Set ist sorgf\u00e4ltig entworfen, um Momente der Entspannung, nat\u00fcrlichen Pflege und Aromatherapie zu bieten, ideal f\u00fcr Liebhaber nat\u00fcrlicher Kosmetik und Lavendelduft. Es ist eine perfekte Wahl f\u00fcr ein Geschenk an eine liebe Person oder als kleine Aufmerksamkeit f\u00fcr sich selbst. Durch die Kombination von Produkten, die den K\u00f6rper n\u00e4hren, den Raum erfrischen und einen beruhigenden Duft bieten, bringt dieses Set einen Hauch von Natur in Ihr t\u00e4gliches Leben.<\/p>\n<p class=\"mb-2 whitespace-pre-line last:mb-0\">Lavendel, die K\u00f6nigin der Aromatherapie, ist seit Jahrhunderten f\u00fcr ihre beruhigenden und regenerativen Eigenschaften bekannt. Inspiriert von ihren Wohltaten haben wir ein Set kreiert, das alles umfasst, was Sie f\u00fcr Momente des Friedens und der Harmonie ben\u00f6tigen. Ob Sie es f\u00fcr die Hautpflege, die Erfrischung des Raumes oder zur Entspannung nach einem anstrengenden Tag verwenden, <strong>Lavandin Paradies<\/strong> wird Sie mit der Natur auf der tiefsten Ebene verbinden.<\/p>\n<p>&nbsp;<\/p>\n<h3><strong>Vier Produkte f\u00fcr die t\u00e4gliche Pflege und Entspannung<\/strong><\/h3>\n<p class=\"mb-2 whitespace-pre-line last:mb-0\">Unser <strong>Geschenkset - Lavendelparadies<\/strong> umfasst vier sorgf\u00e4ltig ausgew\u00e4hlte Produkte, die eine umfassende Erfahrung von Pflege und Entspannung bieten:<\/p>\n<ol>\n<li>\n<p class=\"mb-2 whitespace-pre-line last:mb-0\"><a href=\"\/de\/prodavnica\/origin-etericno-ulje-lavande\/\"><strong>Origin Lavendel \u00e4therisches \u00d6l (10 ml)<\/strong><\/a><br \/>\nDieses reine \u00e4therische \u00d6l bietet zahlreiche Anwendungsm\u00f6glichkeiten. Verwenden Sie es in einem Diffuser, um eine beruhigende Atmosph\u00e4re zu schaffen, f\u00fcgen Sie ein paar Tropfen zu einem warmen Bad zur Entspannung hinzu oder verwenden Sie es f\u00fcr die Massage. Lavendel ist daf\u00fcr bekannt, Stress zu reduzieren, den Schlaf zu verbessern und dabei zu helfen, Geist und K\u00f6rper zu entspannen.<\/p>\n<\/li>\n<li>\n<p class=\"mb-2 whitespace-pre-line last:mb-0\"><a href=\"\/de\/prodavnica\/botanic-hidrolat-lavande\/\"><strong>Botanic Lavendel Hydrolat (100 ml)<\/strong><\/a><br \/>\nLavendel Hydrolat ist ein nat\u00fcrliches Tonikum f\u00fcr Gesicht und K\u00f6rper, perfekt zur Erfrischung der Haut w\u00e4hrend des Tages. Seine sanfte Formel beruhigt Irritationen, spendet Feuchtigkeit und erfrischt die Haut, wodurch es f\u00fcr alle Hauttypen geeignet ist. Es ist auch ideal als nat\u00fcrlicher Raumerfrischer oder Zusatz in Gesichtsmasken.<\/p>\n<\/li>\n<li>\n<p class=\"mb-2 whitespace-pre-line last:mb-0\"><a href=\"\/de\/prodavnica\/violet-prirodni-sapun-od-lavande\/\"><strong>Violet Lavendel Seife<\/strong><\/a><br \/>\nHandgemachte Seife aus nat\u00fcrlichen Inhaltsstoffen, angereichert mit Lavendel-\u00e4therischem \u00d6l, bietet eine sanfte Reinigung der Haut. Ihre milde Formel bewahrt die nat\u00fcrliche Feuchtigkeit der Haut und hinterl\u00e4sst sie weich, frisch und duftend.<\/p>\n<\/li>\n<li>\n<p class=\"mb-2 whitespace-pre-line last:mb-0\"><a href=\"\/de\/prodavnica\/lavanda-kesice\/\"><strong>Getrocknetes Lavendels\u00e4ckchen<\/strong><\/a><br \/>\nNat\u00fcrlicher Raumerfrischer, der den entspannenden Duft von Lavendel in Ihr Zuhause bringt. Stellen Sie ihn in Ihren Kleiderschrank, Ihre Tasche oder Ihr Schlafzimmer und genie\u00dfen Sie die Vorteile dieses nat\u00fcrlichen Produkts.<\/p>\n<\/li>\n<\/ol>\n<hr \/>\n<h3><strong>Warum Geschenkset \u2013 Lavandin Paradies w\u00e4hlen?<\/strong><\/h3>\n<ul>\n<li><strong>\u00d6kologische Verpackung:<\/strong> Alle Produkte kommen in Verpackungen, die v\u00f6llig plastikfrei sind und aus recycelbaren Materialien hergestellt werden. Auf diese Weise pflegen Sie nicht nur sich selbst, sondern tragen auch zur Erhaltung der Natur bei.<\/li>\n<li><strong>Handgefertigt:<\/strong> Produkte werden mit Liebe handgefertigt, unter Verwendung von Lavendel, der auf unseren Bio-Feldern in Serbien angebaut wird.<\/li>\n<li><strong>Vielf\u00e4ltige Anwendung:<\/strong> Dieses Set ist ideal f\u00fcr Hautpflege, Aromatherapie und die Erfrischung des Raumes.<\/li>\n<li><strong>Geschenk mit einer Geschichte:<\/strong> Es ist eine perfekte Wahl f\u00fcr diejenigen, die Natur, Handarbeit und \u00f6kologisches Bewusstsein sch\u00e4tzen.<\/li>\n<\/ul>\n<hr \/>\n<h3><strong>\u00a0<\/strong><\/h3>\n<h3>Inspiration und Geschichte<\/h3>\n<p class=\"mb-2 whitespace-pre-line last:mb-0\">Unser <strong>Geschenkset - Lavendelparadies<\/strong> entstand aus einer tiefen Liebe zur Natur und der Hingabe, ihre Sch\u00f6nheit zu bewahren. Jede Lavendelpflanze, die in diesem Set verwendet wird, wird sorgf\u00e4ltig auf Bio-Feldern angebaut, im sch\u00f6nsten Moment ihrer Bl\u00fcte von Hand gepfl\u00fcckt und mit traditionellen Wasserdampfdestillationsmethoden verarbeitet. Dieser Prozess erm\u00f6glicht es, alle heilenden und aromatischen Eigenschaften des Lavendels zu bewahren und Ihnen Produkte h\u00f6chster Qualit\u00e4t zu bieten, die Nat\u00fcrlichkeit und Authentizit\u00e4t ausstrahlen.<\/p>\n<p class=\"mb-2 whitespace-pre-line last:mb-0\">Lavendel ist seit Jahrhunderten ein Symbol f\u00fcr Frieden, Entspannung und Harmonie, und wir wollten diese Wohltaten in Ihr t\u00e4gliches Leben bringen. Inspiriert von seinem beruhigenden Duft und seinen heilenden Eigenschaften haben wir ein Set kreiert, das nicht nur den K\u00f6rper, sondern auch die Seele n\u00e4hrt. Jedes Detail dieses Geschenksets, von sorgf\u00e4ltig ausgew\u00e4hlten Inhaltsstoffen bis zur \u00f6kologischen Verpackung, ist mit Liebe zur Natur und dem Wunsch entworfen, zum Umweltschutz beizutragen.<\/p>\n<p class=\"mb-2 whitespace-pre-line last:mb-0\"><strong>Geschenkset - Lavendelparadies<\/strong> ist nicht nur eine Sammlung von Produkten \u2013 es ist eine Geschichte \u00fcber die Verbindung mit der Natur, \u00fcber das Genie\u00dfen einfacher Momente und \u00fcber die R\u00fcckf\u00fchrung von Harmonie in den Alltag. Jedes Produkt tr\u00e4gt einen Teil unserer Leidenschaft und Hingabe in sich und macht dieses Set einzigartig und besonders.<\/p>\n<hr \/>\n<h3>Ideales Geschenk<\/h3>\n<p class=\"mb-2 whitespace-pre-line last:mb-0\">Ob Sie das perfekte Geschenk f\u00fcr Freunde, Familie suchen oder sich selbst Momente des Friedens und der Entspannung schenken m\u00f6chten, <strong>Geschenkset - Lavendelparadies<\/strong> ist die richtige Wahl. Seine sorgf\u00e4ltig entworfene Kombination von Produkten bringt nicht nur nat\u00fcrliche Pflege, sondern auch ein Erlebnis, das das t\u00e4gliche Leben bereichert. Mit diesem Set wird jeder Moment besonders \u2013 ob Sie die Wohltaten des Lavendels w\u00e4hrend Ihrer abendlichen Pflegeroutine genie\u00dfen, den Raum mit seinem beruhigenden Duft erfrischen oder sich einfach der Harmonie der Natur hingeben.<\/p>\n<p class=\"mb-2 whitespace-pre-line last:mb-0\">Dieses Set ist mehr als ein Geschenk \u2013 es ist eine Art, Aufmerksamkeit und Liebe zu denen zu zeigen, die Ihnen wichtig sind, oder sich selbst den Luxus nat\u00fcrlicher Pflege zu g\u00f6nnen. <strong>Geschenkset - Lavendelparadies<\/strong> bringt W\u00e4rme, Frieden und ein Gef\u00fchl der Verbundenheit mit der Natur in jedes Zuhause.<\/p>\n<h3><strong>\u00a0<\/strong><\/h3>","protected":false},"excerpt":{"rendered":"<p><strong>Geschenkset - Lavendelparadies<\/strong> ist eine perfekte Wahl f\u00fcr Liebhaber nat\u00fcrlicher Kosmetik und Lavendel.<br \/>\nGenie\u00dfen Sie die Harmonie der Natur durch handgefertigte Produkte, die K\u00f6rper und Geist n\u00e4hren.<\/p>","protected":false},"featured_media":15753,"comment_status":"open","ping_status":"closed","template":"","meta":{"wprm-recipe-roundup-name":"","wprm-recipe-roundup-description":""},"product_brand":[],"product_cat":[337,30],"product_tag":[146],"class_list":{"0":"post-15748","1":"product","2":"type-product","3":"status-publish","4":"has-post-thumbnail","6":"product_cat-poklon-setovi","7":"product_cat-prirodna-kozmetika","8":"product_tag-lavanda","10":"first","11":"instock","12":"sale","13":"taxable","14":"shipping-taxable","15":"purchasable","16":"product-type-simple"},"_links":{"self":[{"href":"https:\/\/balavander.com\/de\/wp-json\/wp\/v2\/product\/15748","targetHints":{"allow":["GET"]}}],"collection":[{"href":"https:\/\/balavander.com\/de\/wp-json\/wp\/v2\/product"}],"about":[{"href":"https:\/\/balavander.com\/de\/wp-json\/wp\/v2\/types\/product"}],"replies":[{"embeddable":true,"href":"https:\/\/balavander.com\/de\/wp-json\/wp\/v2\/comments?post=15748"}],"wp:featuredmedia":[{"embeddable":true,"href":"https:\/\/balavander.com\/de\/wp-json\/wp\/v2\/media\/15753"}],"wp:attachment":[{"href":"https:\/\/balavander.com\/de\/wp-json\/wp\/v2\/media?parent=15748"}],"wp:term":[{"taxonomy":"product_brand","embeddable":true,"href":"https:\/\/balavander.com\/de\/wp-json\/wp\/v2\/product_brand?post=15748"},{"taxonomy":"product_cat","embeddable":true,"href":"https:\/\/balavander.com\/de\/wp-json\/wp\/v2\/product_cat?post=15748"},{"taxonomy":"product_tag","embeddable":true,"href":"https:\/\/balavander.com\/de\/wp-json\/wp\/v2\/product_tag?post=15748"}],"curies":[{"name":"wp","href":"https:\/\/api.w.org\/{rel}","templated":true}]}}