{"id":15440,"date":"2025-04-04T14:57:55","date_gmt":"2025-04-04T12:57:55","guid":{"rendered":"https:\/\/balavander.com\/?post_type=product&#038;p=15440"},"modified":"2026-04-21T06:31:31","modified_gmt":"2026-04-21T04:31:31","slug":"knjiga-lavanda-vodic-za-pocetnike","status":"publish","type":"product","link":"https:\/\/balavander.com\/de\/prodavnica\/knjiga-lavanda-vodic-za-pocetnike\/","title":{"rendered":"Buch \"Lavendel - Leitfaden f\u00fcr Anf\u00e4nger\" (ebook)"},"content":{"rendered":"<p class=\"mb-2 whitespace-pre-line last:mb-0\"><strong>\u201eLavendel \u2013 Leitfaden f\u00fcr Anf\u00e4nger\"<\/strong> ist ein umfassendes Handbuch, das f\u00fcr alle bestimmt ist, die die zauberhafte Welt des Lavendels erkunden m\u00f6chten \u2013 einer Pflanze, die nat\u00fcrliche Sch\u00f6nheit, Frieden und Nachhaltigkeit symbolisiert.<br \/>\nDieses Buch f\u00fchrt Sie Schritt f\u00fcr Schritt durch die Grundlagen des Lavendelanbaus, seine zahlreichen Anwendungen und wirtschaftliche Rentabilit\u00e4t, mit vielen praktischen Ratschl\u00e4gen und inspirierenden Geschichten.<\/p>\n<hr \/>\n<h4><strong>Was werden Sie in dem Buch finden?<\/strong><\/h4>\n<ol>\n<li>\n<p class=\"mb-2 whitespace-pre-line last:mb-0\"><strong>Lavendelanbau:<\/strong><\/p>\n<ul>\n<li>Lernen Sie, wie Sie Lavendel in Ihrem Hof, auf Ihrem Balkon oder auf gr\u00f6\u00dferen Grundst\u00fccken anbauen.<\/li>\n<li>Erfahren Sie, welche Lavendelsorten f\u00fcr unsere klimatischen Bedingungen am besten geeignet sind und wie Sie sie durch alle Jahreszeiten richtig pflegen.<\/li>\n<li>Praktische Tipps f\u00fcr die Ernte, das Beschneiden und die Erhaltung der Pflanze \u00fcber die Jahre.<\/li>\n<\/ul>\n<\/li>\n<li>\n<p class=\"mb-2 whitespace-pre-line last:mb-0\"><strong>Destillationsprozess:<\/strong><\/p>\n<ul>\n<li>Detaillierte Erkl\u00e4rung der Wasserdampfdestillation \u2013 des Schl\u00fcsselprozesses zur Gewinnung von \u00e4therischem \u00d6l und Hydrolat.<\/li>\n<li>Tipps f\u00fcr die Auswahl der Ausr\u00fcstung, die Vorbereitung des Pflanzenmaterials und die Erhaltung der Produktqualit\u00e4t.<\/li>\n<li>Schritt-f\u00fcr-Schritt-Anleitung f\u00fcr Anf\u00e4nger, die sich an ihre eigene Produktion wagen m\u00f6chten.<\/li>\n<\/ul>\n<\/li>\n<li>\n<p class=\"mb-2 whitespace-pre-line last:mb-0\"><strong>\u00c4therisches Lavendel\u00f6l:<\/strong><\/p>\n<ul>\n<li>Alles \u00fcber die Heilwirkungen dieses kostbaren \u00d6ls \u2013 von der beruhigenden Wirkung auf das Nervensystem bis zur Haut- und Haarpflege.<\/li>\n<li>Wie man hochwertiges \u00d6l erkennt und was seine h\u00e4ufigsten Anwendungen in der Aromatherapie, Kosmetik und im Haushalt sind.<\/li>\n<\/ul>\n<\/li>\n<li>\n<p class=\"mb-2 whitespace-pre-line last:mb-0\"><strong>Lavendel-Hydrolat:<\/strong><\/p>\n<ul>\n<li>Was ist Hydrolat und wie es Ihr Verb\u00fcndeter in der t\u00e4glichen Pflege werden kann.<\/li>\n<li>Ideen f\u00fcr die Verwendung von Hydrolat als nat\u00fcrlicher Gesichtstoner, Raumerfischer und sanftes Hautberuhigungsmittel.<\/li>\n<\/ul>\n<\/li>\n<li>\n<p class=\"mb-2 whitespace-pre-line last:mb-0\"><strong>Lavendel-Wirtschaft:<\/strong><\/p>\n<ul>\n<li>Wie rentabel es ist, Lavendel anzubauen und wie Sie diese Pflanze in eine stabile Einkommensquelle verwandeln k\u00f6nnen.<\/li>\n<li>Zero-Waste-Ansatz in der Produktion \u2013 wie man jeden Teil der Pflanze nutzt und Produkte ohne Abfall herstellt.<\/li>\n<li>Beispiele daf\u00fcr, wie Lavendel zur Entwicklung lokaler Gemeinschaften und nachhaltiger Wirtschaft beitr\u00e4gt.<\/li>\n<\/ul>\n<\/li>\n<li>\n<p class=\"mb-2 whitespace-pre-line last:mb-0\"><strong>Tourismus und Bildung:<\/strong><\/p>\n<ul>\n<li>Wie Lavendelfelder zu Touristenattraktionen und Orten f\u00fcr die Bildung \u00fcber Natur und Tradition werden.<\/li>\n<\/ul>\n<\/li>\n<\/ol>\n<p><a href=\"https:\/\/balavander.com\/wp-content\/uploads\/2025\/04\/lavanda-vodic-ca-pocetnike-3.jpg\"><img fetchpriority=\"high\" decoding=\"async\" class=\"aligncenter wp-image-15443 size-large\" src=\"https:\/\/balavander.com\/wp-content\/uploads\/2025\/04\/lavanda-vodic-ca-pocetnike-3-1024x1024.jpg\" alt=\"lavanda-vodic-ca-pocetnike-3\" width=\"1024\" height=\"1024\" title=\"\" srcset=\"https:\/\/balavander.com\/wp-content\/uploads\/2025\/04\/lavanda-vodic-ca-pocetnike-3-1024x1024.jpg 1024w, https:\/\/balavander.com\/wp-content\/uploads\/2025\/04\/lavanda-vodic-ca-pocetnike-3-300x300.jpg 300w, https:\/\/balavander.com\/wp-content\/uploads\/2025\/04\/lavanda-vodic-ca-pocetnike-3-150x150.jpg 150w, https:\/\/balavander.com\/wp-content\/uploads\/2025\/04\/lavanda-vodic-ca-pocetnike-3-768x768.jpg 768w, https:\/\/balavander.com\/wp-content\/uploads\/2025\/04\/lavanda-vodic-ca-pocetnike-3-12x12.jpg 12w, https:\/\/balavander.com\/wp-content\/uploads\/2025\/04\/lavanda-vodic-ca-pocetnike-3-500x500.jpg 500w, https:\/\/balavander.com\/wp-content\/uploads\/2025\/04\/lavanda-vodic-ca-pocetnike-3-450x450.jpg 450w, https:\/\/balavander.com\/wp-content\/uploads\/2025\/04\/lavanda-vodic-ca-pocetnike-3-900x900.jpg 900w, https:\/\/balavander.com\/wp-content\/uploads\/2025\/04\/lavanda-vodic-ca-pocetnike-3-100x100.jpg 100w, https:\/\/balavander.com\/wp-content\/uploads\/2025\/04\/lavanda-vodic-ca-pocetnike-3-50x50.jpg 50w, https:\/\/balavander.com\/wp-content\/uploads\/2025\/04\/lavanda-vodic-ca-pocetnike-3.jpg 1080w\" sizes=\"(max-width: 1024px) 100vw, 1024px\" \/><\/a><\/p>\n<hr \/>\n<h4><strong>Warum ist dieses Buch besonders?<\/strong><\/h4>\n<p class=\"mb-2 whitespace-pre-line last:mb-0\">\u201eLavendel \u2013 Leitfaden f\u00fcr Anf\u00e4nger\" ist nicht nur ein Buch \u2013 es ist eine Inspiration f\u00fcr alle, die sich mit der Natur verbinden und ihr Potenzial entdecken m\u00f6chten. Es ist in einem einfachen und freundlichen Ton geschrieben, mit vielen praktischen Ratschl\u00e4gen, wissenschaftlichen Fakten und Beispielen aus der Praxis. Unabh\u00e4ngig davon, ob Sie ein kompletter Anf\u00e4nger sind oder bereits Erfahrung mit Lavendel haben, wird Ihnen dieses Buch wertvolle Informationen und Motivation bieten, um weiterzumachen.<\/p>\n<hr \/>\n<h4><strong>F\u00fcr wen ist es bestimmt?<\/strong><\/h4>\n<ul>\n<li>Naturliebhaber und diejenigen, die den Duft von Lavendel in ihr t\u00e4gliches Leben bringen m\u00f6chten.<\/li>\n<li>Anf\u00e4nger im Lavendelanbau, die einfache und praktische Ratschl\u00e4ge suchen.<\/li>\n<li>Hersteller von Naturkosmetik und Aromatherapie-Produkten.<\/li>\n<li>Unternehmer, die dar\u00fcber nachdenken, ein Lavendel-Gesch\u00e4ft zu starten.<\/li>\n<li>Alle, die mehr \u00fcber nachhaltige Landwirtschaft und gr\u00fcne Wirtschaft lernen m\u00f6chten.<\/li>\n<\/ul>\n<p>&nbsp;<\/p>\n<hr \/>\n<h4><\/h4>\n<h4><a href=\"https:\/\/balavander.com\/wp-content\/uploads\/2025\/04\/lavanda-vodic-za-pocetnike-preview-ebook.gif\"><img decoding=\"async\" class=\"aligncenter wp-image-15520\" src=\"https:\/\/balavander.com\/wp-content\/uploads\/2025\/04\/lavanda-vodic-za-pocetnike-preview-ebook.gif\" alt=\"lavanda-vodic-za-pocetnike-preview-ebook\" width=\"565\" height=\"799\" title=\"\"><\/a><\/h4>\n<h4><strong>Produktspezifikationen:<\/strong><\/h4>\n<ul>\n<li><strong>Betreff:<\/strong> Lavendel \u2013 Leitfaden f\u00fcr Anf\u00e4nger<\/li>\n<li><strong>Format:<\/strong> Elektronisches Buch (PDF), Format angepasst f\u00fcr einfaches Lesen auf allen Ger\u00e4ten<\/li>\n<li><strong>Dateigr\u00f6\u00dfe:<\/strong> 276 MB<\/li>\n<li><strong>Seitenzahl:<\/strong> 105<\/li>\n<li><strong>Sprache:<\/strong> Serbisch, lateinische Schrift<\/li>\n<li><strong>Besondere Vorteile: <\/strong>\u201eMit dem Kauf des Buches erhalten Sie auch einen exklusiven Rabatt von 10% auf Produkte aus unserem Angebot.\"<\/li>\n<\/ul>\n<hr \/>\n<h4><strong>Zus\u00e4tzliche Anmerkung:<\/strong><\/h4>\n<p class=\"mb-2 whitespace-pre-line last:mb-0\">Dieses Buch ist ein perfektes Geschenk f\u00fcr Naturliebhaber, Familien, die gemeinsam etwas Neues lernen m\u00f6chten, sowie f\u00fcr alle, die Inspiration und praktische Ratschl\u00e4ge f\u00fcr einen nachhaltigen Lebensstil suchen. Mit \u201eLavendel \u2013 Leitfaden f\u00fcr Anf\u00e4nger\" entdecken Sie, wie Lavendel Teil Ihres Alltags werden kann \u2013 sei es durch Anbau, Produktion oder einfach durch das Genie\u00dfen seiner Reize.<\/p>\n<h3><strong>Rechte und Kopierverbote<\/strong><\/h3>\n<p class=\"mb-2 whitespace-pre-line last:mb-0\">Alle Rechte vorbehalten. Kein Teil dieses Buches, einschlie\u00dflich Text, Illustrationen, Fotografien und Design, darf ohne vorherige schriftliche Genehmigung des Autors oder Verlags reproduziert, verteilt, angepasst oder in irgendeiner Form oder auf irgendeine Weise verwendet werden.<\/p>\n<p class=\"mb-2 whitespace-pre-line last:mb-0\">Svako neovla\u0161\u0107eno kopiranje, umno\u017eavanje ili distribucija sadr\u017eaja predstavlja kr\u0161enje autorskih prava i podle\u017ee zakonskim sankcijama u skladu sa va\u017ee\u0107im zakonima o intelektualnoj svojini.Za dodatne informacije ili zahteve vezane za kori\u0161\u0107enje sadr\u017eaja, molimo vas da nas kontaktirate na <strong><a href=\"mailto:office@balavander.com\" target=\"_blank\" rel=\"noopener noreferrer\">office@balavander.com<\/a><\/strong>.<\/p>","protected":false},"excerpt":{"rendered":"<p><strong>\u201eLavendel \u2013 Leitfaden f\u00fcr Anf\u00e4nger\"<\/strong> ist ein Buch, das f\u00fcr alle bestimmt ist, die in die Welt des Lavendels eintreten m\u00f6chten, sei es beim Anbau, bei der Produktion oder beim Genie\u00dfen seiner Reize.<br \/>\nDas Buch ist ein umfassendes Handbuch, das durch einen einfachen, aber detaillierten Ansatz die Leser in die Grundlagen des Lavendelanbaus, seine Anwendungen und das wirtschaftliche Potenzial einf\u00fchrt.<\/p>","protected":false},"featured_media":15442,"comment_status":"open","ping_status":"closed","template":"","meta":{"wprm-recipe-roundup-name":"","wprm-recipe-roundup-description":""},"product_brand":[],"product_cat":[443],"product_tag":[],"class_list":{"0":"post-15440","1":"product","2":"type-product","3":"status-publish","4":"has-post-thumbnail","6":"product_cat-edukacija","8":"first","9":"instock","10":"sale","11":"downloadable","12":"virtual","13":"taxable","14":"purchasable","15":"product-type-simple"},"_links":{"self":[{"href":"https:\/\/balavander.com\/de\/wp-json\/wp\/v2\/product\/15440","targetHints":{"allow":["GET"]}}],"collection":[{"href":"https:\/\/balavander.com\/de\/wp-json\/wp\/v2\/product"}],"about":[{"href":"https:\/\/balavander.com\/de\/wp-json\/wp\/v2\/types\/product"}],"replies":[{"embeddable":true,"href":"https:\/\/balavander.com\/de\/wp-json\/wp\/v2\/comments?post=15440"}],"wp:featuredmedia":[{"embeddable":true,"href":"https:\/\/balavander.com\/de\/wp-json\/wp\/v2\/media\/15442"}],"wp:attachment":[{"href":"https:\/\/balavander.com\/de\/wp-json\/wp\/v2\/media?parent=15440"}],"wp:term":[{"taxonomy":"product_brand","embeddable":true,"href":"https:\/\/balavander.com\/de\/wp-json\/wp\/v2\/product_brand?post=15440"},{"taxonomy":"product_cat","embeddable":true,"href":"https:\/\/balavander.com\/de\/wp-json\/wp\/v2\/product_cat?post=15440"},{"taxonomy":"product_tag","embeddable":true,"href":"https:\/\/balavander.com\/de\/wp-json\/wp\/v2\/product_tag?post=15440"}],"curies":[{"name":"wp","href":"https:\/\/api.w.org\/{rel}","templated":true}]}}