{"id":15344,"date":"2025-03-29T14:58:59","date_gmt":"2025-03-29T13:58:59","guid":{"rendered":"https:\/\/balavander.com\/?post_type=product&#038;p=15344"},"modified":"2026-04-21T12:19:06","modified_gmt":"2026-04-21T10:19:06","slug":"eco-blend-ulje-za-difuzer","status":"publish","type":"product","link":"https:\/\/balavander.com\/de\/prodavnica\/eco-blend-ulje-za-difuzer\/","title":{"rendered":"Eco Blend \u2013 \u00c4therisches \u00d6l f\u00fcr Diffuser"},"content":{"rendered":"<h3><strong>Eco Blend \u2013 Nat\u00fcrliche Mischung \u00e4therischer \u00d6le f\u00fcr Diffuser<\/strong><\/h3>\n<p class=\"mb-2 whitespace-pre-line last:mb-0\">Bringen Sie die Natur in Ihr Zuhause mit unserer exklusiven Kollektion <strong>Eco Blend<\/strong> \u00e4therische \u00d6le f\u00fcr Diffuser<\/p>\n<p>Diese sorgf\u00e4ltig zusammengestellten Blends werden aus den hochwertigsten nat\u00fcrlichen Zutaten hergestellt und bieten ein einzigartiges aromatherapeutisches Erlebnis, das den Geist entspannt.<br \/>\nErfrischt den Raum und schafft eine angenehme, harmonische Atmosph\u00e4re<\/p>\n<p class=\"mb-2 whitespace-pre-line last:mb-0\">Jede Mischung kommt in einer praktischen und umweltfreundlichen Glasverpackung. <strong>In umweltfreundlicher Glasverpackung von 5 ml<\/strong> Dabei wird die Qualit\u00e4t und Frische der Zutaten bewahrt.<br \/>\nPerfekt kombiniert mit unseren <strong>Wood Scent<\/strong> Mit einem Holzdiffuser f\u00fcr maximale Wirkung und vollst\u00e4ndigen Genuss der nat\u00fcrlichen Aromen.<\/p>\n<h3><strong>Wie verwendet man Eco Blend Diffuser\u00f6l?<\/strong><\/h3>\n<ol>\n<li><strong>Schritt 1:<\/strong> \u00d6ffnen Sie die Flasche und geben Sie ein paar Tropfen (3-5 Tropfen) der Mischung in den Diffuser Ihrer Wahl.<\/li>\n<li><strong>Schritt 2:<\/strong> Befolgen Sie die Anweisungen Ihres Diffusers f\u00fcr optimale Nutzung \u2013 unser <a href=\"\/de\/prodavnica\/wood-scent-drveni-difuzer\/\"><strong>Wood Scent<\/strong><\/a> Diffuser ist eine ideale Wahl f\u00fcr diese Mischungen.<br \/>\nSie k\u00f6nnen auch klassische Ultraschall-Diffuser f\u00fcr Aromatherapie und Lufterfrischer verwenden, die \u00e4therische \u00d6le nutzen.<\/li>\n<li><strong>Schritt 3:<\/strong> Genie\u00dfen Sie die sofortige Erfrischung des Raumes und die Vorteile der Aromatherapie.<\/li>\n<\/ol>\n<p class=\"mb-2 whitespace-pre-line last:mb-0\">Die Mischungen sind ideal f\u00fcr die Verwendung im Wohnzimmer, Schlafzimmer, B\u00fcro oder sogar w\u00e4hrend der Meditation und des Yoga.<\/p>\n<hr \/>\n<h3><\/h3>\n<h3><a href=\"https:\/\/balavander.com\/wp-content\/uploads\/2025\/03\/eco-blend-miris-za-difuzer.jpg\"><img fetchpriority=\"high\" decoding=\"async\" class=\"aligncenter wp-image-15350 size-large\" src=\"https:\/\/balavander.com\/wp-content\/uploads\/2025\/03\/eco-blend-miris-za-difuzer-1024x1024.jpg\" alt=\"eco-blend-miris-za-difuzer\" width=\"1024\" height=\"1024\" title=\"\" srcset=\"https:\/\/balavander.com\/wp-content\/uploads\/2025\/03\/eco-blend-miris-za-difuzer-1024x1024.jpg 1024w, https:\/\/balavander.com\/wp-content\/uploads\/2025\/03\/eco-blend-miris-za-difuzer-300x300.jpg 300w, https:\/\/balavander.com\/wp-content\/uploads\/2025\/03\/eco-blend-miris-za-difuzer-150x150.jpg 150w, https:\/\/balavander.com\/wp-content\/uploads\/2025\/03\/eco-blend-miris-za-difuzer-768x768.jpg 768w, https:\/\/balavander.com\/wp-content\/uploads\/2025\/03\/eco-blend-miris-za-difuzer-12x12.jpg 12w, https:\/\/balavander.com\/wp-content\/uploads\/2025\/03\/eco-blend-miris-za-difuzer-500x500.jpg 500w, https:\/\/balavander.com\/wp-content\/uploads\/2025\/03\/eco-blend-miris-za-difuzer-450x450.jpg 450w, https:\/\/balavander.com\/wp-content\/uploads\/2025\/03\/eco-blend-miris-za-difuzer-900x900.jpg 900w, https:\/\/balavander.com\/wp-content\/uploads\/2025\/03\/eco-blend-miris-za-difuzer-100x100.jpg 100w, https:\/\/balavander.com\/wp-content\/uploads\/2025\/03\/eco-blend-miris-za-difuzer-50x50.jpg 50w, https:\/\/balavander.com\/wp-content\/uploads\/2025\/03\/eco-blend-miris-za-difuzer.jpg 1080w\" sizes=\"(max-width: 1024px) 100vw, 1024px\" \/><\/a><\/h3>\n<h3><strong><br \/>\nWo sollte man Eco Blend Diffuser\u00f6l aufbewahren?<\/strong><\/h3>\n<ul>\n<li>Bewahren Sie die Mischungen an einem trockenen und dunklen Ort auf, fern von direkter Sonneneinstrahlung und W\u00e4rmequellen.<\/li>\n<li>Es wird empfohlen, die Flasche nach Gebrauch immer gut zu verschlie\u00dfen, um die Intensit\u00e4t und Qualit\u00e4t des Duftes zu bewahren.<\/li>\n<\/ul>\n<h3><\/h3>\n<h3>Verf\u00fcgbare D\u00fcfte und ihre Vorteile:<\/h3>\n<ol>\n<li>\n<p class=\"mb-2 whitespace-pre-line last:mb-0\"><strong>Forest Breeze<\/strong><\/p>\n<ul>\n<li><strong>Duftbeschreibung<\/strong>: Frische der sibirischen Kiefer, Tanne und Zeder.<\/li>\n<li><strong>Vorteil<\/strong>: Schafft ein Gef\u00fchl nat\u00fcrlicher Harmonie und Erfrischung, ideal f\u00fcr Entspannung und Meditation.<\/li>\n<\/ul>\n<\/li>\n<li>\n<p class=\"mb-2 whitespace-pre-line last:mb-0\"><strong>Citrus Burst<\/strong><\/p>\n<ul>\n<li><strong>Duftbeschreibung<\/strong>: Erfrischende Noten von Orange und Bergamotte mit sanfter S\u00fc\u00dfe des Granatapfels.<\/li>\n<li><strong>Vorteil<\/strong>: Regt Energie und positive Stimmung an, perfekt f\u00fcr den Tagesstart oder die Erfrischung des Raumes.<\/li>\n<\/ul>\n<\/li>\n<li>\n<p class=\"mb-2 whitespace-pre-line last:mb-0\"><strong>Tropical Escape<\/strong><\/p>\n<ul>\n<li><strong>Duftbeschreibung<\/strong>: Exotische Kombination aus Kokosnuss, Patchouli und roter Orange.<\/li>\n<li><strong>Vorteil<\/strong>: Bringt Sommeratmosph\u00e4re und ein Gef\u00fchl der Entspannung, ideal zum Entspannen nach einem anstrengenden Tag.<\/li>\n<\/ul>\n<\/li>\n<li>\n<p class=\"mb-2 whitespace-pre-line last:mb-0\"><strong>Floral Harmony<\/strong><\/p>\n<ul>\n<li><strong>Duftbeschreibung<\/strong>: Zarte Noten von Lavendel, Rose und Jasmin.<\/li>\n<li><strong>Vorteil<\/strong>: Hilft bei der Stressreduzierung und bringt ein Gef\u00fchl von Eleganz in Ihren Raum. Empfohlen f\u00fcr Schlafzimmer oder Momente der Entspannung.<\/li>\n<\/ul>\n<\/li>\n<li>\n<p class=\"mb-2 whitespace-pre-line last:mb-0\"><strong>Origin<\/strong><\/p>\n<ul>\n<li><strong>Duftbeschreibung<\/strong>: Reines Lavendel \u00e4therisches \u00d6l.<\/li>\n<li><strong>Vorteil<\/strong>: Erfrischt den Raum, entspannt und beruhigt mit der wahren und reinen Note von Lavendel aus unserem Feld.<\/li>\n<\/ul>\n<\/li>\n<\/ol>\n<h3 class=\"mb-2 whitespace-pre-line last:mb-0\"><strong>Warum Eco Blend Diffuser\u00f6l w\u00e4hlen?<\/strong><\/h3>\n<ul>\n<li>100% nat\u00fcrliche Inhaltsstoffe, ohne synthetische Zus\u00e4tze.<\/li>\n<li>Handgefertigte Mischungen inspiriert von der Natur.<\/li>\n<li>\u00d6kologische Glasverpackung ohne Plastik.<\/li>\n<li>Ideal f\u00fcr Entspannung, Konzentration oder die Erfrischung des Raumes.<\/li>\n<\/ul>\n<p class=\"mb-2 whitespace-pre-line last:mb-0\">W\u00e4hlen Sie Ihren Lieblingsduft aus unserer sorgf\u00e4ltig entworfenen Kollektion und genie\u00dfen Sie die Harmonie nat\u00fcrlicher Aromen in Ihrem Zuhause.<\/p>\n<p>&nbsp;<\/p>\n<h3><strong>Eco Blend \u2013 Nat\u00fcrliche Mischungen \u00e4therischer \u00d6le f\u00fcr Diffuser<\/strong><\/h3>\n<div style=\"text-align: center;\"><iframe title=\"YouTube video player\" src=\"https:\/\/www.youtube.com\/embed\/cfRuN1P1KUA?si=Wsz9Y4RsGW93H-lI\" width=\"560\" height=\"315\" frameborder=\"0\" allowfullscreen=\"allowfullscreen\"><\/iframe><\/div>\n<div><\/div>\n<div>\n<h3><strong>Wood Scent - Holzdiffusor f\u00fcr \u00e4therische \u00d6le<\/strong><\/h3>\n<\/div>\n<div style=\"text-align: center;\">\n<p><iframe title=\"YouTube video player\" src=\"https:\/\/www.youtube.com\/embed\/Tu89htg-Kw8?si=umNpeZdSijbdWt1A\" width=\"560\" height=\"315\" frameborder=\"0\" allowfullscreen=\"allowfullscreen\"><\/iframe><\/p>\n<\/div>","protected":false},"excerpt":{"rendered":"<p>Bringen Sie die Natur in Ihr Zuhause mit unserer exklusiven Kollektion<br \/>\n<strong>Eco Blend<\/strong> \u00e4therische \u00d6le f\u00fcr Diffuser<\/p>\n<p>Diese sorgf\u00e4ltig zusammengestellten Blends werden aus den hochwertigsten nat\u00fcrlichen Zutaten hergestellt und bieten ein einzigartiges aromatherapeutisches Erlebnis, das den Geist entspannt.<br \/>\nErfrischt den Raum und schafft eine angenehme, harmonische Atmosph\u00e4re<\/p>","protected":false},"featured_media":15350,"comment_status":"open","ping_status":"closed","template":"","meta":{"wprm-recipe-roundup-name":"","wprm-recipe-roundup-description":""},"product_brand":[],"product_cat":[334,26,136],"product_tag":[],"class_list":{"0":"post-15344","1":"product","2":"type-product","3":"status-publish","4":"has-post-thumbnail","6":"product_cat-etericno-ulje","7":"product_cat-aromaterapija","8":"product_cat-osvezivac-vazduha","10":"first","11":"onbackorder","12":"sale","13":"taxable","14":"shipping-taxable","15":"purchasable","16":"product-type-variable"},"_links":{"self":[{"href":"https:\/\/balavander.com\/de\/wp-json\/wp\/v2\/product\/15344","targetHints":{"allow":["GET"]}}],"collection":[{"href":"https:\/\/balavander.com\/de\/wp-json\/wp\/v2\/product"}],"about":[{"href":"https:\/\/balavander.com\/de\/wp-json\/wp\/v2\/types\/product"}],"replies":[{"embeddable":true,"href":"https:\/\/balavander.com\/de\/wp-json\/wp\/v2\/comments?post=15344"}],"wp:featuredmedia":[{"embeddable":true,"href":"https:\/\/balavander.com\/de\/wp-json\/wp\/v2\/media\/15350"}],"wp:attachment":[{"href":"https:\/\/balavander.com\/de\/wp-json\/wp\/v2\/media?parent=15344"}],"wp:term":[{"taxonomy":"product_brand","embeddable":true,"href":"https:\/\/balavander.com\/de\/wp-json\/wp\/v2\/product_brand?post=15344"},{"taxonomy":"product_cat","embeddable":true,"href":"https:\/\/balavander.com\/de\/wp-json\/wp\/v2\/product_cat?post=15344"},{"taxonomy":"product_tag","embeddable":true,"href":"https:\/\/balavander.com\/de\/wp-json\/wp\/v2\/product_tag?post=15344"}],"curies":[{"name":"wp","href":"https:\/\/api.w.org\/{rel}","templated":true}]}}