{"id":15323,"date":"2025-03-26T10:09:57","date_gmt":"2025-03-26T09:09:57","guid":{"rendered":"https:\/\/balavander.com\/?post_type=product&#038;p=15323"},"modified":"2026-04-20T06:30:52","modified_gmt":"2026-04-20T04:30:52","slug":"poklon-set-spring","status":"publish","type":"product","link":"https:\/\/balavander.com\/de\/prodavnica\/poklon-set-spring\/","title":{"rendered":"Geschenkset - Fr\u00fchling"},"content":{"rendered":"<p class=\"mb-2 whitespace-pre-line last:mb-0\"><strong>Geschenkset \u2013 Spring: Eine Fr\u00fchlingsgeschichte f\u00fcr dein Vergn\u00fcgen!<br \/>\n<\/strong><br \/>\nBegr\u00fc\u00dfe den Fr\u00fchling mit dem Geschenkset \u2013 Spring, einer perfekten Kollektion nat\u00fcrlicher Produkte, die deine Haut pflegen, den Geist erfrischen und die D\u00fcfte der Natur in dein Zuhause bringen.<br \/>\nDieses Set wurde entwickelt, um dir Frische, Hydratation und sanfte Pflege zu schenken \u2013 inspiriert vom Erwachen der Natur.<\/p>\n<p class=\"mb-2 whitespace-pre-line last:mb-0\"><strong>Was befindet sich in diesem Fr\u00fchlingsset?<\/strong><\/p>\n<ol>\n<li><strong>Lavendels\u00e4ckchen:<\/strong> Ein nat\u00fcrlicher Raumduft, der den Duft von Lavendelfeldern in dein Zuhause bringt.\nIdeal zur Entspannung und f\u00fcr eine ruhige Atmosph\u00e4re.<\/li>\n<li><strong>Seife Fresh:<\/strong> Handgefertigte Seife mit erfrischendem Duft, perfekt f\u00fcr die t\u00e4gliche Anwendung.\nDie sanfte Formel reinigt und pflegt die Haut und l\u00e4sst sie glatt und erfrischt zur\u00fcck.<\/li>\n<li><strong>Maroon \u2013 Lippenbalsam:<\/strong> Nat\u00fcrlicher Lippenbalsam mit erfrischendem Zitronengrasduft.\nEr spendet den Lippen intensive Feuchtigkeit, pflegt und sch\u00fctzt sie und sorgt f\u00fcr lang anhaltende Geschmeidigkeit.<\/li>\n<li><strong>Botanic \u2013 Lavendelhydrolat:<\/strong> Vielseitiges Lavendelhydrolat, das die Gesichtshaut erfrischt und mit Feuchtigkeit versorgt und dem Haar zus\u00e4tzliche Pflege und Glanz verleiht.\nIdeal f\u00fcr die t\u00e4gliche Anwendung in den Fr\u00fchlingstagen.<\/li>\n<li><strong>Supreme Naturcreme:<\/strong> Eine reichhaltige Hand\u2011 und K\u00f6rpercreme, die die Haut intensiv mit Feuchtigkeit versorgt und pflegt.\nIhre reichhaltige Formel verleiht der Haut Elastizit\u00e4t und Strahlkraft und l\u00e4sst sie weich und samtig werden.<\/li>\n<\/ol>\n<p class=\"mb-2 whitespace-pre-line last:mb-0\"><strong>Warum das Geschenkset \u2013 Spring w\u00e4hlen?<\/strong><\/p>\n<ul>\n<li><strong>100% nat\u00fcrliche Inhaltsstoffe:<\/strong> Unsere Produkte sind sorgf\u00e4ltig ohne sch\u00e4dliche Chemikalien formuliert und bieten eine reine und sichere Pflege.<\/li>\n<li><strong>Fr\u00fchlingsfrische und Hydratation:<\/strong> Entwickelt, um deine Haut in den Fr\u00fchlingstagen zu erfrischen und zu revitalisieren.<\/li>\n<li><strong>\u00d6kologische Verpackung:<\/strong> Die Produkte sind in nachhaltiger, plastikfreier Verpackung verpackt und schonen so die Umwelt.<\/li>\n<li><strong>Das ideale Geschenk f\u00fcr Fr\u00fchlingsanl\u00e4sse:<\/strong> Die perfekte Wahl f\u00fcr alle, die die Natur, Pflege und die D\u00fcfte des Fr\u00fchlings sch\u00e4tzen.<\/li>\n<\/ul>\n<p class=\"mb-2 whitespace-pre-line last:mb-0\">Lass dich vom Zauber der Natur mit dem <strong>Das Geschenkset \u2013 Spring<\/strong> verzaubern und genie\u00dfe Frische, Zartheit und Revitalisierung w\u00e4hrend der Fr\u00fchlingszeit! \ud83c\udf38<\/p>","protected":false},"excerpt":{"rendered":"<p data-start=\"0\" data-end=\"248\">Fr\u00fchling, Fr\u00fchling, alles erwacht!<br data-start=\"30\" data-end=\"33\" \/>Das Spring Geschenkset bringt Erfrischung und Pflege, inspiriert von der Natur, mit 100 % nat\u00fcrlichen Inhaltsstoffen, die Ihre Haut, Lippen und Ihren Geist revitalisieren.<br data-start=\"168\" data-end=\"171\" \/>Alles, was du f\u00fcr Fr\u00fchlingsmomente voller Frische und Zartheit brauchst!<\/p>\n<p data-start=\"250\" data-end=\"569\" data-is-last-node=\"\" data-is-only-node=\"\">Sorgf\u00e4ltig ausgew\u00e4hlte Duftnoten und leichte Texturen wecken die Sinne und bringen ein Gef\u00fchl von Harmonie in Ihre t\u00e4gliche Pflegeroutine. Jedes Produkt im Set wurde entwickelt, um das nat\u00fcrliche Gleichgewicht der Haut zu unterst\u00fctzen und ihr nach der Winterzeit die n\u00f6tige Feuchtigkeit zu spenden. Ideal als kleines Selbstpflegeritual oder als aufmerksames Geschenk, das den Geist des Fr\u00fchlings tr\u00e4gt.<\/p>","protected":false},"featured_media":15324,"comment_status":"open","ping_status":"closed","template":"","meta":{"wprm-recipe-roundup-name":"","wprm-recipe-roundup-description":""},"product_brand":[],"product_cat":[337,30],"product_tag":[],"class_list":{"0":"post-15323","1":"product","2":"type-product","3":"status-publish","4":"has-post-thumbnail","6":"product_cat-poklon-setovi","7":"product_cat-prirodna-kozmetika","9":"first","10":"instock","11":"sale","12":"taxable","13":"shipping-taxable","14":"purchasable","15":"product-type-simple"},"_links":{"self":[{"href":"https:\/\/balavander.com\/de\/wp-json\/wp\/v2\/product\/15323","targetHints":{"allow":["GET"]}}],"collection":[{"href":"https:\/\/balavander.com\/de\/wp-json\/wp\/v2\/product"}],"about":[{"href":"https:\/\/balavander.com\/de\/wp-json\/wp\/v2\/types\/product"}],"replies":[{"embeddable":true,"href":"https:\/\/balavander.com\/de\/wp-json\/wp\/v2\/comments?post=15323"}],"wp:featuredmedia":[{"embeddable":true,"href":"https:\/\/balavander.com\/de\/wp-json\/wp\/v2\/media\/15324"}],"wp:attachment":[{"href":"https:\/\/balavander.com\/de\/wp-json\/wp\/v2\/media?parent=15323"}],"wp:term":[{"taxonomy":"product_brand","embeddable":true,"href":"https:\/\/balavander.com\/de\/wp-json\/wp\/v2\/product_brand?post=15323"},{"taxonomy":"product_cat","embeddable":true,"href":"https:\/\/balavander.com\/de\/wp-json\/wp\/v2\/product_cat?post=15323"},{"taxonomy":"product_tag","embeddable":true,"href":"https:\/\/balavander.com\/de\/wp-json\/wp\/v2\/product_tag?post=15323"}],"curies":[{"name":"wp","href":"https:\/\/api.w.org\/{rel}","templated":true}]}}