{"id":15321,"date":"2025-03-26T13:42:18","date_gmt":"2025-03-26T12:42:18","guid":{"rendered":"https:\/\/balavander.com\/?post_type=product&#038;p=15321"},"modified":"2026-04-21T06:31:46","modified_gmt":"2026-04-21T04:31:46","slug":"wood-scent-drveni-difuzer","status":"publish","type":"product","link":"https:\/\/balavander.com\/de\/prodavnica\/wood-scent-drveni-difuzer\/","title":{"rendered":"Wood Scent - Holzdiffusor f\u00fcr \u00e4therische \u00d6le"},"content":{"rendered":"<p class=\"mb-2 whitespace-pre-line last:mb-0\"><strong>Wood Scent - Holzdiffusor f\u00fcr \u00e4therische \u00d6le<\/strong><\/p>\n<p class=\"mb-2 whitespace-pre-line last:mb-0\">Bringen Sie die D\u00fcfte der Natur in Ihren Raum mit unserem <strong>Wood Scent Holzdiffuser f\u00fcr \u00e4therische \u00d6le<\/strong> \u2013 handgefertigt in Serbien, mit Aufmerksamkeit f\u00fcr jedes Detail. Dieses innovative Produkt kombiniert nat\u00fcrliche Materialien, minimalistisches Design und Praktikabilit\u00e4t und bietet Ihnen eine sichere und umweltfreundliche Raumauffrischung.<\/p>\n<h3><strong>Produkteigenschaften<\/strong><\/h3>\n<p class=\"mb-2 whitespace-pre-line last:mb-0\">Unser <strong>Wood Scent Holzdiffuser f\u00fcr \u00e4therische \u00d6le<\/strong> ist handgefertigt aus sorgf\u00e4ltig ausgew\u00e4hlten nat\u00fcrlichen Materialien, um umweltfreundlich und langlebig zu sein. Der Diffuser besteht aus:<\/p>\n<ul>\n<li><strong>Holzeinsatz:<\/strong> Absorbiert \u00e4therische \u00d6le und gibt den Duft allm\u00e4hlich auf nat\u00fcrliche Weise ab, wodurch ein sanftes und angenehmes Aroma in Ihrem Raum entsteht. Der Holzeinsatz wird aus Walnuss- oder Kirschholz hergestellt.<\/li>\n<li><strong>Aluminiumboxen:<\/strong> Bewahrt das Aroma auf, wenn der Diffuser nicht verwendet wird, erm\u00f6glicht einfaches Tragen und sch\u00fctzt den Holzeinsatz vor Besch\u00e4digungen.<\/li>\n<\/ul>\n<p class=\"mb-2 whitespace-pre-line last:mb-0\">Dieser Diffuser ist ideal f\u00fcr alle, die eine nat\u00fcrliche Erfrischung ohne Strom, Flamme oder Batterien wollen, was ihn v\u00f6llig sicher f\u00fcr den t\u00e4glichen Gebrauch macht. Sein praktisches Design erm\u00f6glicht die Verwendung in verschiedenen R\u00e4umen \u2013 von Zuhause und B\u00fcro bis zum Auto.<\/p>\n<p>&nbsp;<\/p>\n<p><a href=\"https:\/\/balavander.com\/wp-content\/uploads\/2025\/03\/wood-scent-drveni-difuzer-za-etericna-ulja-3.jpg\"><img fetchpriority=\"high\" decoding=\"async\" class=\"aligncenter wp-image-15327 size-large\" src=\"https:\/\/balavander.com\/wp-content\/uploads\/2025\/03\/wood-scent-drveni-difuzer-za-etericna-ulja-3-1024x1024.jpg\" alt=\"wood-scent-drveni-difuzer-za-etericna-ulja-3\" width=\"1024\" height=\"1024\" title=\"\" srcset=\"https:\/\/balavander.com\/wp-content\/uploads\/2025\/03\/wood-scent-drveni-difuzer-za-etericna-ulja-3-1024x1024.jpg 1024w, https:\/\/balavander.com\/wp-content\/uploads\/2025\/03\/wood-scent-drveni-difuzer-za-etericna-ulja-3-300x300.jpg 300w, https:\/\/balavander.com\/wp-content\/uploads\/2025\/03\/wood-scent-drveni-difuzer-za-etericna-ulja-3-150x150.jpg 150w, https:\/\/balavander.com\/wp-content\/uploads\/2025\/03\/wood-scent-drveni-difuzer-za-etericna-ulja-3-768x768.jpg 768w, https:\/\/balavander.com\/wp-content\/uploads\/2025\/03\/wood-scent-drveni-difuzer-za-etericna-ulja-3-12x12.jpg 12w, https:\/\/balavander.com\/wp-content\/uploads\/2025\/03\/wood-scent-drveni-difuzer-za-etericna-ulja-3-500x500.jpg 500w, https:\/\/balavander.com\/wp-content\/uploads\/2025\/03\/wood-scent-drveni-difuzer-za-etericna-ulja-3-450x450.jpg 450w, https:\/\/balavander.com\/wp-content\/uploads\/2025\/03\/wood-scent-drveni-difuzer-za-etericna-ulja-3-900x900.jpg 900w, https:\/\/balavander.com\/wp-content\/uploads\/2025\/03\/wood-scent-drveni-difuzer-za-etericna-ulja-3-100x100.jpg 100w, https:\/\/balavander.com\/wp-content\/uploads\/2025\/03\/wood-scent-drveni-difuzer-za-etericna-ulja-3-50x50.jpg 50w, https:\/\/balavander.com\/wp-content\/uploads\/2025\/03\/wood-scent-drveni-difuzer-za-etericna-ulja-3.jpg 1080w\" sizes=\"(max-width: 1024px) 100vw, 1024px\" \/><\/a><\/p>\n<h3><\/h3>\n<h3><strong>Vorteile der Verwendung des Wood Scent Diffusers<\/strong><\/h3>\n<ol>\n<li><strong>Umweltfreundlicher Raumauffrischer:<\/strong> Im Gegensatz zu klassischen Erfrischern, die Chemikalien und k\u00fcnstliche D\u00fcfte enthalten, verwendet unser Diffuser nur nat\u00fcrliche \u00e4therische \u00d6le. Auf diese Weise bleibt Ihr Raum frisch und gesund, ohne sch\u00e4dliche D\u00e4mpfe.<\/li>\n<li><strong>Handgefertigt:<\/strong> Jeder Diffuser ist handgefertigt in Serbien, was ihn zu einem einzigartigen Produkt macht, das Qualit\u00e4t und Aufmerksamkeit f\u00fcr Details ausstrahlt.<\/li>\n<li><strong>Mehrzweckverwendung:<\/strong> Er ist ideal zum Auffrischen kleinerer R\u00e4ume wie Schlafzimmer, Badezimmer, B\u00fcro oder Auto. Sein neutrales Design passt in jede Umgebung.<\/li>\n<li><strong>Langzeitverwendung:<\/strong> Mit nur wenigen Tropfen \u00e4therischen \u00d6ls bietet der Diffuser eine langanhaltende Duftwirkung und spart sowohl \u00d6l als auch Geld.<\/li>\n<li><strong>Sicher in der Anwendung:<\/strong> Ohne Strom, Flamme oder Batterien ist der Diffuser vollst\u00e4ndig sicher f\u00fcr Haushalte mit Kindern oder Haustieren.<\/li>\n<li><strong>Praktisches Design:<\/strong> Wenn Sie den Diffuser nicht verwenden, schlie\u00dfen Sie einfach den Deckel der Aluminiumbox, um das Aroma zu bewahren und das Holz zu sch\u00fctzen.<\/li>\n<\/ol>\n<h3><strong>Wie verwendet man den Wood Scent Diffuser?<\/strong><\/h3>\n<p class=\"mb-2 whitespace-pre-line last:mb-0\">Die Verwendung dieses Diffusers ist einfach und intuitiv:<\/p>\n<ol>\n<li>\u00d6ffnen Sie die Aluminiumbox und nehmen Sie den Deckel ab.<\/li>\n<li>Tr\u00e4ufeln Sie einige Tropfen Ihres Lieblings\u00e4therischen \u00d6ls auf den Holzeinsatz. Es wird empfohlen, hochwertige, 100% nat\u00fcrliche \u00d6le f\u00fcr die besten Ergebnisse zu verwenden.<\/li>\n<li>Stellen Sie den Diffuser an den gew\u00fcnschten Ort - auf einen Schreibtisch, ein Regal, ins Auto oder ins Badezimmer.<\/li>\n<li>Wenn Sie ihn nicht benutzen, schlie\u00dfen Sie den Deckel, um das Aroma f\u00fcr die n\u00e4chste Verwendung zu bewahren.<\/li>\n<\/ol>\n<p>&nbsp;<\/p>\n<div align=\"center\"><iframe title=\"YouTube video player\" src=\"https:\/\/www.youtube.com\/embed\/Tu89htg-Kw8?si=Nh83VjRl9Fgv4lTZ\" width=\"560\" height=\"315\" frameborder=\"0\" allowfullscreen=\"allowfullscreen\"><\/iframe><\/div>\n<div align=\"center\"><\/div>\n<div align=\"center\">\n<h3 style=\"text-align: left;\"><strong>Warum Wood Scent w\u00e4hlen?<\/strong><\/h3>\n<p class=\"mb-2 whitespace-pre-line last:mb-0\" style=\"text-align: left;\">Wenn Sie suchen <strong>Holz-Diffuser f\u00fcr \u00e4therische \u00d6le<\/strong> der nat\u00fcrlich, sicher und praktisch ist, <strong>Wood Scent<\/strong> ist die richtige Wahl f\u00fcr Sie. Sein minimalistisches Design und seine Funktionalit\u00e4t machen ihn zu einer perfekten Erg\u00e4nzung f\u00fcr jeden Raum. Zus\u00e4tzlich zur Erfrischung des Raumes tr\u00e4gt dieser Diffuser dank der aromatherapeutischen Eigenschaften der \u00e4therischen \u00d6le zu Ihrem Gef\u00fchl von Frieden und Entspannung bei.<\/p>\n<p class=\"mb-2 whitespace-pre-line last:mb-0\" style=\"text-align: left;\"><strong>Wood Scent Holzdiffuser f\u00fcr \u00e4therische \u00d6le<\/strong> ist ideal als Geschenk f\u00fcr Liebhaber von Naturprodukten und Aromatherapie. Ob zum Geburtstag, Jahrestag oder als Firmengeschenk, dieser Diffuser wird jeden begeistern, der ihn erh\u00e4lt.<\/p>\n<h3 style=\"text-align: left;\"><strong>Tipps f\u00fcr optimale Verwendung<\/strong><\/h3>\n<ul style=\"text-align: left;\">\n<li>Verwenden Sie Mischungen \u00e4therischer \u00d6le, die Ihrer Stimmung entsprechen - zum Beispiel Lavendel zur Entspannung oder Zitrus\u00f6le zur Erfrischung.<\/li>\n<li>Der Diffuser ist besonders geeignet f\u00fcr kleinere R\u00e4ume, aber Sie k\u00f6nnen ihn auch in gr\u00f6\u00dferen R\u00e4umen in Kombination mit mehreren Diffusern verwenden.<\/li>\n<li>\u00dcberpr\u00fcfen Sie den Holzeinsatz regelm\u00e4\u00dfig und f\u00fcgen Sie bei Bedarf ein paar Tropfen \u00d6l hinzu, um den Duft intensiv zu halten.<\/li>\n<\/ul>\n<h3 style=\"text-align: left;\"><strong>Ihr Verb\u00fcndeter f\u00fcr nat\u00fcrliche Aromatherapie<\/strong><\/h3>\n<p class=\"mb-2 whitespace-pre-line last:mb-0\" style=\"text-align: left;\"><strong>Wood Scent Holzdiffuser f\u00fcr \u00e4therische \u00d6le<\/strong> ist eine Kombination aus Natur, Funktionalit\u00e4t und \u00c4sthetik. Seine einfache Anwendung, handwerkliche Herstellung und Umweltfreundlichkeit machen ihn zur perfekten Wahl f\u00fcr alle, die ihren Raum auf gesunde und nat\u00fcrliche Weise auffrischen m\u00f6chten. F\u00fcgen Sie Ihrem Raum mit diesem einzigartigen Produkt eine nat\u00fcrliche Note hinzu und genie\u00dfen Sie die milden, beruhigenden Aromen, die anhalten. \ud83c\udf3f<\/p>\n<\/div>","protected":false},"excerpt":{"rendered":"<p class=\"mb-2 whitespace-pre-line last:mb-0\">Wood Scent ist <strong>nat\u00fcrlicher Holzdiffuser f\u00fcr \u00e4therische \u00d6le<\/strong>, handgefertigt in Serbien, mit Aufmerksamkeit f\u00fcr jedes Detail.<br \/>\nDieser einzigartige Diffuser erm\u00f6glicht es Ihnen, sanfte und nat\u00fcrliche Aromen zu genie\u00dfen, ohne Strom, Flamme oder Batterien zu verwenden, was ihn v\u00f6llig sicher f\u00fcr den t\u00e4glichen Gebrauch macht.<br \/>\nEr ist ideal zum Auffrischen kleinerer R\u00e4ume wie Schlafzimmer, Badezimmer, B\u00fcro oder Auto.<\/p>\n<p class=\"mb-2 whitespace-pre-line last:mb-0\">Sein praktisches Design erm\u00f6glicht eine einfache Anwendung \u2013 geben Sie einfach ein paar Tropfen Ihres Lieblings-\u00e4therischen \u00d6ls auf den Holzeinsatz und genie\u00dfen Sie den langanhaltenden nat\u00fcrlichen Duft.<br \/>\nWenn Sie es nicht verwenden, schlie\u00dfen Sie einfach die Aluminiumbox und bewahren Sie das Aroma f\u00fcr die n\u00e4chste Verwendung auf.<\/p>\n<p class=\"mb-2 whitespace-pre-line last:mb-0\"><strong>Wood Scent<\/strong> ist eine perfekte Wahl f\u00fcr Liebhaber nat\u00fcrlicher Produkte und Aromatherapie und bietet eine umweltfreundliche Raumauffrischung mit minimalem Aufwand. \ud83c\udf3f<\/p>","protected":false},"featured_media":15327,"comment_status":"open","ping_status":"closed","template":"","meta":{"wprm-recipe-roundup-name":"","wprm-recipe-roundup-description":""},"product_brand":[],"product_cat":[136,26],"product_tag":[],"class_list":{"0":"post-15321","1":"product","2":"type-product","3":"status-publish","4":"has-post-thumbnail","6":"product_cat-osvezivac-vazduha","7":"product_cat-aromaterapija","9":"first","10":"instock","11":"taxable","12":"shipping-taxable","13":"purchasable","14":"product-type-variable"},"_links":{"self":[{"href":"https:\/\/balavander.com\/de\/wp-json\/wp\/v2\/product\/15321","targetHints":{"allow":["GET"]}}],"collection":[{"href":"https:\/\/balavander.com\/de\/wp-json\/wp\/v2\/product"}],"about":[{"href":"https:\/\/balavander.com\/de\/wp-json\/wp\/v2\/types\/product"}],"replies":[{"embeddable":true,"href":"https:\/\/balavander.com\/de\/wp-json\/wp\/v2\/comments?post=15321"}],"wp:featuredmedia":[{"embeddable":true,"href":"https:\/\/balavander.com\/de\/wp-json\/wp\/v2\/media\/15327"}],"wp:attachment":[{"href":"https:\/\/balavander.com\/de\/wp-json\/wp\/v2\/media?parent=15321"}],"wp:term":[{"taxonomy":"product_brand","embeddable":true,"href":"https:\/\/balavander.com\/de\/wp-json\/wp\/v2\/product_brand?post=15321"},{"taxonomy":"product_cat","embeddable":true,"href":"https:\/\/balavander.com\/de\/wp-json\/wp\/v2\/product_cat?post=15321"},{"taxonomy":"product_tag","embeddable":true,"href":"https:\/\/balavander.com\/de\/wp-json\/wp\/v2\/product_tag?post=15321"}],"curies":[{"name":"wp","href":"https:\/\/api.w.org\/{rel}","templated":true}]}}