{"id":14825,"date":"2025-01-21T11:52:04","date_gmt":"2025-01-21T10:52:04","guid":{"rendered":"https:\/\/balavander.com\/?post_type=product&#038;p=14825"},"modified":"2026-04-23T06:29:42","modified_gmt":"2026-04-23T04:29:42","slug":"poklon-set-zima","status":"publish","type":"product","link":"https:\/\/balavander.com\/de\/prodavnica\/poklon-set-zima\/","title":{"rendered":"Geschenkset - Winter"},"content":{"rendered":"<p><strong>Geschenkset \u2013 Winter - \"Winter, Winter, na und!\"<\/strong><\/p>\n<p>Bereiten Sie sich auf die Wintertage vor mit dem Geschenkset \u2013 Winter, der perfekten Kombination nat\u00fcrlicher Produkte, die Ihre Haut, Lippen und Haare in den kalten Monaten pflegen und sch\u00fctzen.\nDieses Set wurde geschaffen, um Ihnen vollst\u00e4ndigen Winterzauber mit reichhaltiger Hydratation, beruhigenden D\u00fcften und nat\u00fcrlichen Inhaltsstoffen zu bieten.<\/p>\n<p><strong>Was befindet sich in diesem warmen Winterset?<\/strong><\/p>\n<ul>\n<li><strong>Nat\u00fcrliche Hand- und K\u00f6rpercreme:<\/strong> N\u00e4hrende Creme, die die Haut tief hydratisiert und pflegt und Schutz vor K\u00e4lte und Wind bietet.\nIdeal f\u00fcr H\u00e4nde und K\u00f6rper, diese Creme hinterl\u00e4sst die Haut weich und samtig.<\/li>\n<li><strong>Nat\u00fcrlicher Lippenbalsam:<\/strong> Hydratisiert tief und sch\u00fctzt Ihre Lippen vor dem Austrocknen.\nDer Balsam bietet langanhaltenden Schutz und ein Gef\u00fchl von Zartheit, perfekt f\u00fcr Winterbedingungen.<\/li>\n<li><strong>Nat\u00fcrliche Seife:<\/strong> Handgemachte Seife mit sorgf\u00e4ltig ausgew\u00e4hlten Inhaltsstoffen, geeignet f\u00fcr den t\u00e4glichen Gebrauch.\nIhre sanfte Formel reinigt und n\u00e4hrt die Haut und hinterl\u00e4sst sie glatt und erfrischt.<\/li>\n<li><strong>Nat\u00fcrliche K\u00f6rper- und Handlotion:<\/strong> Leichte, aber n\u00e4hrende Formel, die schnell einzieht und die Haut den ganzen Tag \u00fcber hydratisiert und weich h\u00e4lt.<\/li>\n<li><strong>Lavendel\u00f6l f\u00fcr die Hautpflege:<\/strong> Reines nat\u00fcrliches \u00d6l, das die Haut beruhigt und regeneriert.\nDer ideale Verb\u00fcndete f\u00fcr die Winterpflege, macht Ihre Haut elastisch und strahlend.<\/li>\n<li><strong>Lavandin-Hydrolat f\u00fcr die Pflege von Gesichtshaut und Haaren:<\/strong> Dieses vielseitige Hydrolat erfrischt und hydratisiert die Gesichtshaut, w\u00e4hrend es dem Haar zus\u00e4tzliche Pflege und Glanz verleiht.<\/li>\n<\/ul>\n<p><strong>Warum das Geschenkset \u2013 Winter w\u00e4hlen?<\/strong><\/p>\n<ul>\n<li><strong>100% nat\u00fcrliche Inhaltsstoffe:<\/strong> Unsere Produkte sind sorgf\u00e4ltig ohne sch\u00e4dliche Chemikalien formuliert, um die reinste Pflege zu bieten.<\/li>\n<li><strong>Saisonaler Schutz und Hydratation:<\/strong> Entwickelt f\u00fcr die besonderen Bed\u00fcrfnisse der Haut w\u00e4hrend der k\u00e4lteren Wintermonate.<\/li>\n<li><strong>\u00d6kologische Verpackung:<\/strong> Die Produkte sind in nachhaltige, plastikfreie Verpackungen verpackt und tragen zum Schutz der Natur bei.<\/li>\n<li><strong>Ideales Geschenk f\u00fcr die Winterfeiertage:<\/strong> Perfekte Wahl f\u00fcr alle, die Natur, Pflege und Winteratmosph\u00e4re sch\u00e4tzen.<\/li>\n<\/ul>\n<p>Geben Sie sich der Zartheit und dem Schutz der Natur hin mit dem <strong>Geschenkset \u2013 Winter<\/strong> und genie\u00dfen Sie perfekt gepflegte Haut, Lippen und Haare w\u00e4hrend der kalten Tage!<\/p>","protected":false},"excerpt":{"rendered":"<p><strong>Winter, Winter, na und!<\/strong><br \/>\n<em>Geschenkset \u2013 Winter<\/em> bringt perfekte Pflege f\u00fcr Haut, Haare und Lippen w\u00e4hrend der kalten Wintertage, mit 100% nat\u00fcrlichen Inhaltsstoffen, die sanft zu Ihrem K\u00f6rper und der Umwelt sind.<br \/>\nAlles, was Sie f\u00fcr gem\u00fctliche Momente und das Genie\u00dfen des Winterzaubers brauchen!<\/p>","protected":false},"featured_media":14822,"comment_status":"open","ping_status":"closed","template":"","meta":{"wprm-recipe-roundup-name":"","wprm-recipe-roundup-description":""},"product_brand":[],"product_cat":[337,30],"product_tag":[],"class_list":{"0":"post-14825","1":"product","2":"type-product","3":"status-publish","4":"has-post-thumbnail","6":"product_cat-poklon-setovi","7":"product_cat-prirodna-kozmetika","9":"first","10":"outofstock","11":"sale","12":"taxable","13":"shipping-taxable","14":"purchasable","15":"product-type-simple"},"_links":{"self":[{"href":"https:\/\/balavander.com\/de\/wp-json\/wp\/v2\/product\/14825","targetHints":{"allow":["GET"]}}],"collection":[{"href":"https:\/\/balavander.com\/de\/wp-json\/wp\/v2\/product"}],"about":[{"href":"https:\/\/balavander.com\/de\/wp-json\/wp\/v2\/types\/product"}],"replies":[{"embeddable":true,"href":"https:\/\/balavander.com\/de\/wp-json\/wp\/v2\/comments?post=14825"}],"wp:featuredmedia":[{"embeddable":true,"href":"https:\/\/balavander.com\/de\/wp-json\/wp\/v2\/media\/14822"}],"wp:attachment":[{"href":"https:\/\/balavander.com\/de\/wp-json\/wp\/v2\/media?parent=14825"}],"wp:term":[{"taxonomy":"product_brand","embeddable":true,"href":"https:\/\/balavander.com\/de\/wp-json\/wp\/v2\/product_brand?post=14825"},{"taxonomy":"product_cat","embeddable":true,"href":"https:\/\/balavander.com\/de\/wp-json\/wp\/v2\/product_cat?post=14825"},{"taxonomy":"product_tag","embeddable":true,"href":"https:\/\/balavander.com\/de\/wp-json\/wp\/v2\/product_tag?post=14825"}],"curies":[{"name":"wp","href":"https:\/\/api.w.org\/{rel}","templated":true}]}}