{"id":13965,"date":"2024-10-31T16:42:54","date_gmt":"2024-10-31T15:42:54","guid":{"rendered":"https:\/\/balavander.com\/?post_type=product&#038;p=13965"},"modified":"2026-04-23T06:29:32","modified_gmt":"2026-04-23T04:29:32","slug":"poklon-set-bundeva","status":"publish","type":"product","link":"https:\/\/balavander.com\/de\/prodavnica\/poklon-set-bundeva\/","title":{"rendered":"Geschenkset - K\u00fcrbis"},"content":{"rendered":"<p><strong>Geschenkset \u2013 K\u00fcrbis: Herbstzauber in deinen H\u00e4nden!<\/strong><\/p>\n<p>Bringe die W\u00e4rme und Geborgenheit des Herbstes in deine t\u00e4gliche Pflege mit <em>dem Geschenkset \u2013 K\u00fcrbis<\/em>! Dieses Set bietet nat\u00fcrliche Produkte, die deine Haut, Haare und Seele n\u00e4hren, sch\u00fctzen und erfrischen und dir den reichen, warmen Duft von K\u00fcrbis und Zimt schenken.<\/p>\n<p><strong>Was befindet sich in diesem wundersch\u00f6nen Herbst-Set?<\/strong><\/p>\n<ul>\n<li><strong>Nat\u00fcrliches Shampoo mit K\u00fcrbiskern\u00f6l<\/strong>: Dieses n\u00e4hrende Shampoo mit K\u00fcrbiskern\u00f6l pflegt und st\u00e4rkt das Haar intensiv und macht es weicher, kr\u00e4ftiger und gl\u00e4nzender.\nIdeal f\u00fcr die Haarpflege an k\u00e4lteren Tagen, wenn Trockenheit und Wind ihr Aussehen beeintr\u00e4chtigen.<\/li>\n<li><strong>Nat\u00fcrlicher Lippenbalsam mit K\u00fcrbis- und Zimtduft<\/strong>: Verw\u00f6hne deine Lippen mit dem wunderbaren Duft von K\u00fcrbis und Zimt \u2013 dieser Balsam spendet ihnen intensive Feuchtigkeit und sch\u00fctzt sie vor dem Austrocknen.\nDer Balsam bietet langanhaltenden Schutz und ist damit der perfekte Begleiter in der kalten Jahreszeit.<\/li>\n<li><strong>Duftkerze aus Sojawachs mit Zimtduft<\/strong>: Bringe mit dieser nat\u00fcrlichen Sojawachskerze, die einen reichen, w\u00fcrzigen Zimtduft verstr\u00f6mt, eine warme Atmosph\u00e4re in dein Zuhause.\nIhre Duftnote vermittelt ein Gef\u00fchl von Geborgenheit und W\u00e4rme und schafft die perfekte Atmosph\u00e4re f\u00fcr entspannte Herbstabende.<\/li>\n<\/ul>\n<p><strong>Warum w\u00e4hlen <em>Geschenkset \u2013 K\u00fcrbis<\/em>?<\/strong><\/p>\n<ul>\n<li><strong>100% nat\u00fcrliche Inhaltsstoffe<\/strong>: Unsere Produkte sind sorgf\u00e4ltig ausgew\u00e4hlt und werden aus nat\u00fcrlichen Inhaltsstoffen ohne sch\u00e4dliche Chemikalien hergestellt.<\/li>\n<li><strong>Saisonale Pflege und Geborgenheit<\/strong>: Speziell f\u00fcr die Bed\u00fcrfnisse von Haut, Lippen und Haaren in den k\u00e4lteren Monaten entwickelt.<\/li>\n<li><strong>\u00d6kologische Verpackung<\/strong>: Das Set ist in plastikfreier Verpackung verpackt \u2013 so tragen wir zum Umweltschutz bei und unterst\u00fctzen Nachhaltigkeit.<\/li>\n<li><strong>Das ideale Geschenk f\u00fcr Herbstliebhaber<\/strong>: Das Geschenkset \u2013 K\u00fcrbis ist das perfekte Geschenk f\u00fcr alle, die Natur, Pflege und warme Herbstnuancen lieben.<\/li>\n<\/ul>\n<p>Lass dich vom Zauber des Herbstes tragen und genie\u00dfe den Reichtum der Natur mit <em>Geschenkset \u2013 K\u00fcrbis<\/em>!<\/p>\n<p><iframe title=\"YouTube video player\" src=\"https:\/\/www.youtube.com\/embed\/zUMzWcVbuJc?si=f4AIXJayvrY3-CIt\" width=\"560\" height=\"315\" frameborder=\"0\" allowfullscreen=\"allowfullscreen\"><\/iframe><\/p>","protected":false},"excerpt":{"rendered":"<p><strong>Genie\u00dfen Sie den Herbst ohne Sorgen!<\/strong><br \/>\n<em>Geschenkset \u2013 K\u00fcrbis<\/em> bietet perfekte Pflege f\u00fcr Haut, Haar und Lippen w\u00e4hrend frischer Herbsttage, mit 100% nat\u00fcrlichen Inhaltsstoffen, die sanft zu Ihrem K\u00f6rper und zur Umwelt sind.<br \/>\nAlles, was Sie f\u00fcr gem\u00fctliche Momente und zum Genie\u00dfen der herbstlichen Atmosph\u00e4re brauchen!<\/p>","protected":false},"featured_media":13966,"comment_status":"open","ping_status":"closed","template":"","meta":{"wprm-recipe-roundup-name":"","wprm-recipe-roundup-description":""},"product_brand":[],"product_cat":[337,30],"product_tag":[],"class_list":{"0":"post-13965","1":"product","2":"type-product","3":"status-publish","4":"has-post-thumbnail","6":"product_cat-poklon-setovi","7":"product_cat-prirodna-kozmetika","9":"first","10":"instock","11":"sale","12":"taxable","13":"shipping-taxable","14":"purchasable","15":"product-type-simple"},"_links":{"self":[{"href":"https:\/\/balavander.com\/de\/wp-json\/wp\/v2\/product\/13965","targetHints":{"allow":["GET"]}}],"collection":[{"href":"https:\/\/balavander.com\/de\/wp-json\/wp\/v2\/product"}],"about":[{"href":"https:\/\/balavander.com\/de\/wp-json\/wp\/v2\/types\/product"}],"replies":[{"embeddable":true,"href":"https:\/\/balavander.com\/de\/wp-json\/wp\/v2\/comments?post=13965"}],"wp:featuredmedia":[{"embeddable":true,"href":"https:\/\/balavander.com\/de\/wp-json\/wp\/v2\/media\/13966"}],"wp:attachment":[{"href":"https:\/\/balavander.com\/de\/wp-json\/wp\/v2\/media?parent=13965"}],"wp:term":[{"taxonomy":"product_brand","embeddable":true,"href":"https:\/\/balavander.com\/de\/wp-json\/wp\/v2\/product_brand?post=13965"},{"taxonomy":"product_cat","embeddable":true,"href":"https:\/\/balavander.com\/de\/wp-json\/wp\/v2\/product_cat?post=13965"},{"taxonomy":"product_tag","embeddable":true,"href":"https:\/\/balavander.com\/de\/wp-json\/wp\/v2\/product_tag?post=13965"}],"curies":[{"name":"wp","href":"https:\/\/api.w.org\/{rel}","templated":true}]}}