{"id":13577,"date":"2024-09-15T14:21:52","date_gmt":"2024-09-15T12:21:52","guid":{"rendered":"https:\/\/balavander.com\/?post_type=product&#038;p=13577"},"modified":"2026-04-18T04:38:45","modified_gmt":"2026-04-18T02:38:45","slug":"poklon-set-jesen","status":"publish","type":"product","link":"https:\/\/balavander.com\/de\/prodavnica\/poklon-set-jesen\/","title":{"rendered":"Geschenkset - Herbst"},"content":{"rendered":"<p><strong>Geschenkset - Herbst<\/strong> ist sorgf\u00e4ltig kreiert f\u00fcr alle, die w\u00e4hrend der k\u00e4lteren Monate eine nat\u00fcrliche Pflege suchen.<br \/>\nDieses Set ist perfekt darauf abgestimmt, Ihrer Haut, Ihren Lippen und Ihrem Haar eine intensive Feuchtigkeitspflege und Schutz zu bieten \u2013 mit besonderen D\u00fcften, die die W\u00e4rme des Herbstes hervorrufen.<br \/>\nDas Set enth\u00e4lt vier hochwertige Produkte, jedes mit einzigartigen Eigenschaften und sorgf\u00e4ltig ausgew\u00e4hlten nat\u00fcrlichen Inhaltsstoffen.<br \/>\nGenie\u00dfen Sie eine entspannende Pflege und nat\u00fcrliche D\u00fcfte, die Sie durch den Tag begleiten.<\/p>\n<h3><strong>Warum das Geschenkset \u2013 Herbst w\u00e4hlen?<\/strong><\/h3>\n<p>Dieses Set bietet alles, was Sie f\u00fcr eine umfassende Pflege an k\u00e4lteren Tagen ben\u00f6tigen.\nDie Kombination aus Creme, Balsam, Lotion und Shampoo n\u00e4hrt und sch\u00fctzt Ihre Haut nicht nur, sondern bringt auch duftende Noten der Natur mit sich.\nEs ist die ideale L\u00f6sung f\u00fcr alle, die Funktionalit\u00e4t und Luxus verbinden m\u00f6chten \u2013 mit Produkten, die sanft zu Haut und Haar sind und dennoch wirksam die n\u00f6tige Feuchtigkeit und Regeneration bieten.<\/p>\n<h3><\/h3>\n<h3><strong>Was enth\u00e4lt das Geschenkset \u2013 Herbst?<\/strong><\/h3>\n<h4><strong>Supreme \u2013 nat\u00fcrliche Creme (80 g)<\/strong><\/h4>\n<p>Perfekt f\u00fcr empfindliche Haut und ideal f\u00fcr die Pflege des Windelbereichs bietet die Supreme-Creme einen sanften Schutz bei intensiver Feuchtigkeitsversorgung.\nSie enth\u00e4lt Bienenwachs, Shea- und Mangobutter sowie pflanzliche \u00d6le wie Mandel-, Jojoba- und Weizenkeim\u00f6l, die die Haut beruhigen und ihre Regeneration f\u00f6rdern.\nDiese Creme ist eine ausgezeichnete Wahl f\u00fcr alle, die nat\u00fcrliche Pflege ohne Chemikalien w\u00fcnschen, und ist f\u00fcr die ganze Familie geeignet, einschlie\u00dflich Babys.<\/p>\n<h4><strong>Maroon \u2013 Himbeere <\/strong><strong>\u2013 <\/strong><strong>Lippenbalsam (10 g)<\/strong><\/h4>\n<p>Ein unverzichtbarer Verb\u00fcndeter im Kampf gegen trockene und rissige Lippen.\nDer Maroon-Lippenbalsam ist mit Sheabutter, Kokos- und Oliven\u00f6l angereichert, w\u00e4hrend Bienenwachs eine sch\u00fctzende Schicht auf den Lippen bildet.\nAu\u00dferdem enth\u00e4lt er eine unwiderstehliche Himbeerduftnote, die den Lippen perfekte Feuchtigkeit und ein strahlendes Aussehen verleiht.\nMit seiner reichhaltigen Textur und den nat\u00fcrlichen Inhaltsstoffen ist dieser Balsam die ideale Wahl f\u00fcr die t\u00e4gliche Pflege.<\/p>\n<h4><strong>Anytime \u2013 fester K\u00f6rperlotion (70 g)<\/strong><\/h4>\n<p>Perfekt f\u00fcr eine intensive Feuchtigkeitsversorgung und den Schutz der Haut kombiniert die feste K\u00f6rperlotion Anytime Bienenwachs, Sheabutter und Lavendel\u00f6l und verleiht der Haut Elastizit\u00e4t und Geschmeidigkeit.\nEr ist die ideale L\u00f6sung f\u00fcr trockene und rissige Haut, w\u00e4hrend die nat\u00fcrlichen Inhaltsstoffe beruhigend und regenerierend wirken.\nDie leichte Textur dieser Lotion erm\u00f6glicht ein einfaches Auftragen, und die praktische feste Form macht sie ideal, um sie in der Tasche mitzunehmen \u2013 so ist sie immer zur Hand.<\/p>\n<h4><strong>Pumpkin \u2013 Haarshampoo (140 g)<\/strong><\/h4>\n<p>Vom Herbst inspiriert ist das Pumpkin-Shampoo ein wahrer Genuss f\u00fcr Ihr Haar.\nMit pflegenden \u00d6len und nat\u00fcrlichen K\u00fcrbisextrakten formuliert, reinigt und n\u00e4hrt dieses Shampoo das Haar tiefenwirksam und hinterl\u00e4sst es weich, gl\u00e4nzend und erfrischt.\nSeine feste Form erm\u00f6glicht eine praktische Anwendung, und dank der nat\u00fcrlichen Inhaltsstoffe sch\u00fctzt es die Kopfhaut und pflegt das Haar, verleiht Frische und Volumen.<\/p>\n<h3><strong>Genie\u00dfen Sie die Vorz\u00fcge der Natur<\/strong><\/h3>\n<p>Jedes Produkt aus dem <strong>Geschenkset - Herbst<\/strong> kommt in umweltfreundlicher Verpackung und wird aus 100 % nat\u00fcrlichen Inhaltsstoffen hergestellt. Dieses Set ist ein perfektes Geschenk f\u00fcr Sie oder Ihre Liebsten und bringt die D\u00fcfte und wohltuenden Effekte des Herbstes direkt auf Ihre Haut und Ihr Haar.<\/p>","protected":false},"excerpt":{"rendered":"<p><strong>Geschenkset - Herbst<\/strong> kombinuje luksuzne prirodne proizvode za negu ko\u017ee, usana i kose, savr\u0161ene za hladnije dane.<br \/>\nU\u017eivajte u hidrataciji, za\u0161titi i mirisima jeseni, uz potpuno prirodne sastojke i eco-friendly ambala\u017eu.<\/p>","protected":false},"featured_media":13578,"comment_status":"open","ping_status":"closed","template":"","meta":{"wprm-recipe-roundup-name":"","wprm-recipe-roundup-description":""},"product_brand":[],"product_cat":[337,92,30],"product_tag":[],"class_list":{"0":"post-13577","1":"product","2":"type-product","3":"status-publish","4":"has-post-thumbnail","6":"product_cat-poklon-setovi","7":"product_cat-nega-koze","8":"product_cat-prirodna-kozmetika","10":"first","11":"onbackorder","12":"sale","13":"taxable","14":"shipping-taxable","15":"purchasable","16":"product-type-simple"},"_links":{"self":[{"href":"https:\/\/balavander.com\/de\/wp-json\/wp\/v2\/product\/13577","targetHints":{"allow":["GET"]}}],"collection":[{"href":"https:\/\/balavander.com\/de\/wp-json\/wp\/v2\/product"}],"about":[{"href":"https:\/\/balavander.com\/de\/wp-json\/wp\/v2\/types\/product"}],"replies":[{"embeddable":true,"href":"https:\/\/balavander.com\/de\/wp-json\/wp\/v2\/comments?post=13577"}],"wp:featuredmedia":[{"embeddable":true,"href":"https:\/\/balavander.com\/de\/wp-json\/wp\/v2\/media\/13578"}],"wp:attachment":[{"href":"https:\/\/balavander.com\/de\/wp-json\/wp\/v2\/media?parent=13577"}],"wp:term":[{"taxonomy":"product_brand","embeddable":true,"href":"https:\/\/balavander.com\/de\/wp-json\/wp\/v2\/product_brand?post=13577"},{"taxonomy":"product_cat","embeddable":true,"href":"https:\/\/balavander.com\/de\/wp-json\/wp\/v2\/product_cat?post=13577"},{"taxonomy":"product_tag","embeddable":true,"href":"https:\/\/balavander.com\/de\/wp-json\/wp\/v2\/product_tag?post=13577"}],"curies":[{"name":"wp","href":"https:\/\/api.w.org\/{rel}","templated":true}]}}