{"id":1334,"date":"2021-02-07T22:00:14","date_gmt":"2021-02-07T21:00:14","guid":{"rendered":"https:\/\/balavander.com\/?post_type=product&#038;p=1334"},"modified":"2026-04-16T06:29:32","modified_gmt":"2026-04-16T04:29:32","slug":"maroon-balzam-za-usne","status":"publish","type":"product","link":"https:\/\/balavander.com\/de\/prodavnica\/maroon-balzam-za-usne\/","title":{"rendered":"Maroon - Lippenbalsam"},"content":{"rendered":"<div class=\"_xlr\">\n<p><strong>Anwendung:<\/strong><br \/>\nLippenbalsam und Pflegemittel f\u00fcr Lippen und trockene Hautpartien<\/p>\n<p><strong>Gebrauchsanweisung:<\/strong><br \/>\nVor Gebrauch an einem k\u00fchlen, trockenen Ort in der Originalverpackung aufbewahren.<\/p>\n<p>&nbsp;<\/p>\n<\/div>\n<p class=\"translation-block\"><strong>Inhaltsstoffe<\/strong>:<br \/>\n\u2013 Unraffiniertes Oliven\u00f6l<br \/>\n\u2013 Shea-Butter<br \/>\n\u2013 Unraffiniertes Kokos\u00f6l<br \/>\n\u2013 Infundierte getrocknete Lavendelbl\u00fcten<br \/>\n\u2013 \u00c4therisches Lavendel\u00f6l<br \/>\n\u2013 \u00c4therisches Zitronengras\u00f6l<br \/>\n\u2013 Duft\u00f6l Himbeere<br \/>\n\u2013 Duft\u00f6l Kokos und Vanille<br \/>\n\u2013 Duft\u00f6l Aloe Vera und Gurke<br \/>\n\u2013 Bienenwachs<\/p>\n<p><strong>Nettogewicht<\/strong>: 10g<\/p>\n<p>&nbsp;<\/p>\n<h2><strong>Nat\u00fcrlicher Lippenbalsam: Dein perfekter Partner f\u00fcr Feuchtigkeit und Pflege der Lippen<\/strong><\/h2>\n<p>Unsere speziell formulierte Mischung aus nat\u00fcrlichen Inhaltsstoffen macht diesen Balsam zu einem unverzichtbaren Verb\u00fcndeten im Kampf gegen trockene Lippen und schenkt deinen Lippen die Zartheit und Pflege, die sie verdienen.<\/p>\n<h3><strong>Nat\u00fcrliche Inhaltsstoffe f\u00fcr perfekte Pflege<\/strong><\/h3>\n<p>Unser Lippenbalsam wurde mit sorgf\u00e4ltig ausgew\u00e4hlten nat\u00fcrlichen Inhaltsstoffen entwickelt, um dir das Beste aus der Natur zu bieten. Jede Komponente hat ihre eigene Aufgabe:<\/p>\n<ul>\n<li><strong>Bienenwachs:<\/strong> Spendet den Lippen tiefenwirksame Feuchtigkeit und bildet eine Schutzschicht, die die Feuchtigkeit bewahrt und sie vor dem Austrocknen sch\u00fctzt.<\/li>\n<li><strong>Sheabutter:<\/strong> Versorgt die Lippen mit essentiellen Fetts\u00e4uren und Vitaminen und macht sie weicher und glatter.<\/li>\n<li><strong>Kokos\u00f6l:<\/strong> Dringt tief ein und n\u00e4hrt die Lippen, sodass sie mit Feuchtigkeit versorgt werden und einen gesunden Glanz erhalten.<\/li>\n<li><strong>Oliven\u00f6l:<\/strong> Sch\u00fctzt die empfindliche Lippenhaut und versorgt sie mit wichtigen N\u00e4hrstoffen.<\/li>\n<li><strong>\u00c4therische \u00d6le:<\/strong> Hinzugef\u00fcgte \u00e4therische \u00d6le sorgen nicht nur f\u00fcr einen unwiderstehlichen Duft, sondern auch f\u00fcr zus\u00e4tzliche Pflege dank ihrer wohltuenden Eigenschaften.<\/li>\n<\/ul>\n<h3><strong>Warum den Maroon Lippenbalsam w\u00e4hlen?<\/strong><\/h3>\n<ol>\n<li><strong>100 % nat\u00fcrlich:<\/strong> Ohne k\u00fcnstliche Farbstoffe, Duftstoffe oder Konservierungsmittel. Nur reine Natur f\u00fcr deine Lippen.<\/li>\n<li><strong>Intensive Feuchtigkeit:<\/strong> Trockene Lippen geh\u00f6ren der Vergangenheit an \u2013 unser Balsam pflegt sie von innen.<\/li>\n<li><strong>Sch\u00fctzende Schicht:<\/strong> Bienenwachs bildet eine nat\u00fcrliche Schutzschicht und bewahrt die Lippen vor \u00e4u\u00dferen Einfl\u00fcssen.<\/li>\n<li><strong>Luxuri\u00f6se Textur:<\/strong> Die leichte, aber reichhaltige Textur erm\u00f6glicht ein geschmeidiges Auftragen und sofortige Linderung.<\/li>\n<li><strong>Unwiderstehliches Aroma:<\/strong> \u00c4therische \u00d6le verleihen einen nat\u00fcrlichen, erfrischenden Duft, der dich begeistern wird.<\/li>\n<\/ol>\n<h3><strong>Nat\u00fcrliche L\u00f6sung f\u00fcr trockene und rissige Lippen<\/strong><\/h3>\n<p>Unser nat\u00fcrlicher Lippenbalsam ist dein Schl\u00fcssel zur L\u00f6sung von trockenen und rissigen Lippen.\nMit einer Formel, die reich an nat\u00fcrlichen Inhaltsstoffen wie Sheabutter, unraffiniertem Oliven\u2011 und Kokos\u00f6l ist, schenken wir deinen Lippen intensive Feuchtigkeit und Pflege und bringen sie wieder in Bestform.\nVergiss das unangenehme Gef\u00fchl trockener Lippen \u2013 unser Lippenbalsam pflegt sie intensiv, regeneriert sie und hinterl\u00e4sst sie weich und glatt.<\/p>\n<p>&nbsp;<\/p>\n<p><a href=\"https:\/\/balavander.com\/wp-content\/uploads\/2021\/10\/balzamautozaautousneauto2.jpg\"><img fetchpriority=\"high\" decoding=\"async\" class=\"aligncenter wp-image-4963 size-large\" src=\"https:\/\/balavander.com\/wp-content\/uploads\/2021\/10\/balzamautozaautousneauto2-1024x1024.jpg\" alt=\"\" width=\"1024\" height=\"1024\" title=\"\" srcset=\"https:\/\/balavander.com\/wp-content\/uploads\/2021\/10\/balzamautozaautousneauto2-1024x1024.jpg 1024w, https:\/\/balavander.com\/wp-content\/uploads\/2021\/10\/balzamautozaautousneauto2-450x450.jpg 450w, https:\/\/balavander.com\/wp-content\/uploads\/2021\/10\/balzamautozaautousneauto2-100x100.jpg 100w, https:\/\/balavander.com\/wp-content\/uploads\/2021\/10\/balzamautozaautousneauto2-900x900.jpg 900w, https:\/\/balavander.com\/wp-content\/uploads\/2021\/10\/balzamautozaautousneauto2-300x300.jpg 300w, https:\/\/balavander.com\/wp-content\/uploads\/2021\/10\/balzamautozaautousneauto2-150x150.jpg 150w, https:\/\/balavander.com\/wp-content\/uploads\/2021\/10\/balzamautozaautousneauto2-768x768.jpg 768w, https:\/\/balavander.com\/wp-content\/uploads\/2021\/10\/balzamautozaautousneauto2-600x600.jpg 600w, https:\/\/balavander.com\/wp-content\/uploads\/2021\/10\/balzamautozaautousneauto2.jpg 1080w\" sizes=\"(max-width: 1024px) 100vw, 1024px\" \/><\/a><\/p>\n<h3><strong>Wie verwendet man den nat\u00fcrlichen Lippenbalsam?<\/strong><\/h3>\n<p>Trage den Balsam je nach Bedarf im Laufe des Tages auf die Lippen auf.\nVerwende ihn allein oder als Basis unter deinem Lieblingslippenstift.<br \/>\nDeine Lippen verdienen nur das Beste \u2013 sie werden es dir mit einem strahlenden L\u00e4cheln und einem Gef\u00fchl vollkommener Pflege danken.\nProbiere unseren nat\u00fcrlichen Lippenbalsam noch heute aus und sp\u00fcre den Unterschied!<\/p>\n<p><em>Zus\u00e4tzlicher Tipp:\nVerwende den Balsam neben der t\u00e4glichen Pflege auch vor dem Schlafengehen f\u00fcr eine intensive Nachtpflege.<br \/>\n<\/em>Lass Trockenheit nicht \u00fcber deine Lippen bestimmen.\nProbiere den Maroon nat\u00fcrlichen Lippenbalsam und gewinne die Sanftheit und Sch\u00f6nheit zur\u00fcck, die du verdienst.<\/p>\n<p>&nbsp;<\/p>\n<div style=\"text-align: center;\"><iframe title=\"YouTube video player\" src=\"https:\/\/www.youtube.com\/embed\/zkVEQ8oEE_4?si=JRaZvLJOi59HBVq0\" width=\"1200\" height=\"630\" frameborder=\"0\" allowfullscreen=\"allowfullscreen\"><\/iframe><\/div>\n<p>&nbsp;<\/p>\n<h3><strong>Umweltfreundliche Verpackung<\/strong><\/h3>\n<p>Wir lieben unseren Planeten \u00fcber alles und sind daher entschlossen, Schritte zu unternehmen, um seine sch\u00f6ne Umwelt zu bewahren.\nUnser nat\u00fcrlicher Lippenbalsam pflegt nicht nur deine Lippen, sondern kommt auch in einer vollst\u00e4ndig umweltfreundlichen Verpackung.\nWir sind stolz darauf, dass unsere Verpackung aus recycelten Materialien besteht, wodurch Ressourcen geschont und die negativen Umweltauswirkungen verringert werden.\nWenn du unseren Balsam verwendest, wei\u00dft du, dass du einen kleinen Schritt zum Schutz unseres Planeten machst.<\/p>\n<h3><strong>Nachhaltige Produktion<\/strong><\/h3>\n<p>In unserer Mission, die beste Pflege f\u00fcr deine Lippen zu bieten, vergessen wir unsere Verantwortung gegen\u00fcber dem Planeten nicht.\nUnsere Produktion folgt nachhaltigen Methoden, die den Umweltschutz und faire Arbeitsbedingungen unterst\u00fctzen.\nVon der Auswahl der Rohstoffe bis hin zum eigentlichen Herstellungsprozess ist jeder Schritt darauf ausgerichtet, unseren \u00f6kologischen Fu\u00dfabdruck zu verringern und faire Arbeitsbedingungen zu f\u00f6rdern.\nWenn du unseren Balsam verwendest, unterst\u00fctzt du ein Produkt, das mit Respekt gegen\u00fcber Natur und Menschen hergestellt wird.<\/p>\n<h3><strong>Klinische Nachweise und Studien<\/strong><\/h3>\n<p>Deine Lippen verdienen das Beste, und deshalb legen wir Wert darauf, ein Produkt anzubieten, das durch klinisch best\u00e4tigte Ergebnisse untermauert ist.\nUnser nat\u00fcrlicher Lippenbalsam ist nicht nur Teil deiner t\u00e4glichen Pflegeroutine, sondern das Ergebnis eines sorgf\u00e4ltigen Ansatzes, der durch klinische Studien gest\u00fctzt wird.\nDurch die erforderlichen Tests best\u00e4tigt, spendet unser Balsam deinen Lippen nicht nur langanhaltende Feuchtigkeit, sondern verbessert auch die allgemeine Lippen\u00adgesundheit.<\/p>","protected":false},"excerpt":{"rendered":"<p><strong>Maroon \u2013 nat\u00fcrlicher Lippenbalsam<\/strong>, dein Verb\u00fcndeter in der Lippenpflege. Mit sorgf\u00e4ltig ausgew\u00e4hlten nat\u00fcrlichen Inhaltsstoffen, darunter Sheabutter, Kokos\u2011 und Oliven\u00f6l, sorgt er f\u00fcr intensive Feuchtigkeit und Pflege.\nBienenwachs bildet eine sch\u00fctzende Schicht und bewahrt die Lippen vor dem Austrocknen.<\/p>\n<p>Die leichte Textur erm\u00f6glicht ein sanftes Auftragen, w\u00e4hrend \u00e4therische \u00d6le wie Lavendel, Zitronengras, Himbeere, Kokos und Vanille einen unwiderstehlichen Duft verleihen.\nDie umweltfreundliche Verpackung aus recycelten Materialien unterstreicht unser Engagement f\u00fcr den Schutz des Planeten. Probiere den <strong>Maroon \u2013 nat\u00fcrlicher Lippenbalsam<\/strong> und erlebe nat\u00fcrliche Pflege mit einem strahlenden L\u00e4cheln.<\/p>","protected":false},"featured_media":1338,"comment_status":"open","ping_status":"closed","template":"","meta":{"wprm-recipe-roundup-name":"","wprm-recipe-roundup-description":""},"product_brand":[],"product_cat":[52,92,30],"product_tag":[150,146],"class_list":{"0":"post-1334","1":"product","2":"type-product","3":"status-publish","4":"has-post-thumbnail","6":"product_cat-balzam-za-usne","7":"product_cat-nega-koze","8":"product_cat-prirodna-kozmetika","9":"product_tag-balzam-za-usne","10":"product_tag-lavanda","12":"first","13":"instock","14":"sale","15":"taxable","16":"shipping-taxable","17":"purchasable","18":"product-type-variable"},"_links":{"self":[{"href":"https:\/\/balavander.com\/de\/wp-json\/wp\/v2\/product\/1334","targetHints":{"allow":["GET"]}}],"collection":[{"href":"https:\/\/balavander.com\/de\/wp-json\/wp\/v2\/product"}],"about":[{"href":"https:\/\/balavander.com\/de\/wp-json\/wp\/v2\/types\/product"}],"replies":[{"embeddable":true,"href":"https:\/\/balavander.com\/de\/wp-json\/wp\/v2\/comments?post=1334"}],"wp:featuredmedia":[{"embeddable":true,"href":"https:\/\/balavander.com\/de\/wp-json\/wp\/v2\/media\/1338"}],"wp:attachment":[{"href":"https:\/\/balavander.com\/de\/wp-json\/wp\/v2\/media?parent=1334"}],"wp:term":[{"taxonomy":"product_brand","embeddable":true,"href":"https:\/\/balavander.com\/de\/wp-json\/wp\/v2\/product_brand?post=1334"},{"taxonomy":"product_cat","embeddable":true,"href":"https:\/\/balavander.com\/de\/wp-json\/wp\/v2\/product_cat?post=1334"},{"taxonomy":"product_tag","embeddable":true,"href":"https:\/\/balavander.com\/de\/wp-json\/wp\/v2\/product_tag?post=1334"}],"curies":[{"name":"wp","href":"https:\/\/api.w.org\/{rel}","templated":true}]}}