{"id":13294,"date":"2024-08-24T16:21:20","date_gmt":"2024-08-24T14:21:20","guid":{"rendered":"https:\/\/balavander.com\/?post_type=product&#038;p=13294"},"modified":"2026-04-20T04:38:48","modified_gmt":"2026-04-20T02:38:48","slug":"lavanda-kesice","status":"publish","type":"product","link":"https:\/\/balavander.com\/de\/prodavnica\/lavanda-kesice\/","title":{"rendered":"Lavendels\u00e4ckchen"},"content":{"rendered":"<h3><strong>Lavendels\u00e4ckchen: Nat\u00fcrlicher Lufterfrischer f\u00fcr Frische und Schutz<\/strong><\/h3>\n<p>Im Herzen unseres Lavendelfeldes werden Lavendelbl\u00fcten sorgf\u00e4ltig ausgew\u00e4hlt, um Teil unseres erkennbaren Produkts zu werden \u2013 <strong>Lavendels\u00e4ckchen<\/strong>.<br \/>\nJedes S\u00e4ckchen ist handgefertigt und mit Liebe gef\u00fcllt, wobei nur die hochwertigsten getrockneten Lavendelbl\u00fcten verwendet werden, die den Duft der Natur direkt in Ihr Zuhause bringen.<br \/>\nDiese Dufts\u00e4ckchen sind die perfekte L\u00f6sung f\u00fcr die Erfrischung von R\u00e4umen und den Schutz von Kleiderschr\u00e4nken und bieten langanhaltende Frische, die Ihre Sinne begeistern wird.<br \/>\nDar\u00fcber hinaus sind sie umweltverantwortlich, aus nat\u00fcrlichen Materialien hergestellt und stellen eine ideale Erg\u00e4nzung f\u00fcr jeden Raum dar, wodurch eine beruhigende Atmosph\u00e4re geschaffen wird.<\/p>\n<h3><strong>Nat\u00fcrlicher Lufterfrischer<\/strong><\/h3>\n<p>Lavendel ist seit langem f\u00fcr seinen angenehmen, beruhigenden Duft bekannt, der die F\u00e4higkeit hat, Geist und K\u00f6rper zu entspannen. Unsere <strong>Lavendels\u00e4ckchen<\/strong> k\u00f6nnen in verschiedenen R\u00e4umen Ihres Zuhauses platziert werden \u2013 vom Schlafzimmer, Wohnzimmer bis zum Badezimmer. Nur wenige S\u00e4ckchen k\u00f6nnen Frische in Ihr ganzes Zuhause bringen und es in eine Oase des Friedens und der Entspannung verwandeln.<\/p>\n<h3><strong>Schutz vor Motten und anderen Insekten<\/strong><\/h3>\n<p>Neben der Erfrischung des Raumes ist Lavendel auch f\u00fcr seine Wirksamkeit bei der Abwehr von Motten bekannt.<br \/>\nDurch das Platzieren <strong>Lavendels\u00e4ckchen<\/strong> in Kleiderschr\u00e4nken, Schubladen oder Kisten mit Kleidung k\u00f6nnen Sie Ihre Garderobe vor unerw\u00fcnschten Sch\u00e4dlingen sch\u00fctzen, ohne Chemikalien zu verwenden.<br \/>\nEs ist eine einfache, nat\u00fcrliche Art, die Frische und Qualit\u00e4t Ihrer Kleidung zu bewahren.<\/p>\n<p><span style=\"color: #008080;\"><strong>\u2714 100% nat\u00fcrlich<br \/>\n\u2714\u00a0vegan<br \/>\n\u2714 premium-qualit\u00e4t<br \/>\n\u2714 handgefertigt<br \/>\n\u2714 nicht an tieren getestet<\/strong><\/span><\/p>\n<p>&nbsp;<\/p>\n<h3><strong>\u00d6kologische Nachhaltigkeit<\/strong><\/h3>\n<p>Unsere <strong>Lavendels\u00e4ckchen<\/strong> sie sind nicht nur aus nat\u00fcrlichen Materialien hergestellt, sondern kommen in umweltverantwortlicher Verpackung. Diese S\u00e4ckchen sind aus Stoff hergestellt, der biologisch abbaubar ist, und selbst nachdem der Lavendel seinen intensiven Duft verliert, k\u00f6nnen die S\u00e4ckchen wiederverwendet oder kompostiert werden. Mit diesem Produkt w\u00e4hlen Sie Nachhaltigkeit und tragen zum Umweltschutz bei, was sehr wichtig ist.<\/p>\n<h3><strong>Praktische und Vielseitige Anwendung<\/strong><\/h3>\n<p><strong>Lavendels\u00e4ckchen<\/strong> sind praktisch und vielseitig. Neben der Erfrischung Ihres Raumes und dem Schutz der Kleidung k\u00f6nnen sie auch als kleine Geschenke f\u00fcr Ihre Liebsten verwendet werden. Sch\u00f6ne Verpackung und sanfter Lavendelduft machen sie zu einem perfekten Geschenk f\u00fcr jeden Anlass, sei es ein Geburtstag, ein Feiertag oder nur ein Zeichen der Aufmerksamkeit. Au\u00dferdem sind diese S\u00e4ckchen eine ausgezeichnete Erg\u00e4nzung auf Reisen, wo sie Ihren Koffer und Ihre Garderobe erfrischen k\u00f6nnen.<\/p>\n<h3><strong>Ritual der Beruhigung und Entspannung<\/strong><\/h3>\n<p>Der Duft von Lavendel ist f\u00fcr seine beruhigenden Wirkungen auf das Nervensystem bekannt.<br \/>\nMit unseren <strong>Lavendels\u00e4ckchen<\/strong> im Schlafzimmer oder Wohnzimmer k\u00f6nnen Sie eine entspannende Atmosph\u00e4re schaffen, die hilft, Stress zu reduzieren und die Schlafqualit\u00e4t zu verbessern.<br \/>\nMit nur einem tiefen Atemzug des Lavendeldufts k\u00f6nnen Sie sich auf unser duftendes Feld teleportieren und die Wohltaten dieser magischen Pflanze genie\u00dfen.<\/p>\n<p><a href=\"https:\/\/balavander.com\/wp-content\/uploads\/2024\/08\/lavanda-vrecice.jpg\"><img fetchpriority=\"high\" decoding=\"async\" class=\"aligncenter wp-image-13298 size-large\" src=\"https:\/\/balavander.com\/wp-content\/uploads\/2024\/08\/lavanda-vrecice-1024x1024.jpg\" alt=\"mirisne-kesice-lavande-za-ormar\" width=\"1024\" height=\"1024\" title=\"\" srcset=\"https:\/\/balavander.com\/wp-content\/uploads\/2024\/08\/lavanda-vrecice-1024x1024.jpg 1024w, https:\/\/balavander.com\/wp-content\/uploads\/2024\/08\/lavanda-vrecice-300x300.jpg 300w, https:\/\/balavander.com\/wp-content\/uploads\/2024\/08\/lavanda-vrecice-150x150.jpg 150w, https:\/\/balavander.com\/wp-content\/uploads\/2024\/08\/lavanda-vrecice-768x768.jpg 768w, https:\/\/balavander.com\/wp-content\/uploads\/2024\/08\/lavanda-vrecice-12x12.jpg 12w, https:\/\/balavander.com\/wp-content\/uploads\/2024\/08\/lavanda-vrecice-500x500.jpg 500w, https:\/\/balavander.com\/wp-content\/uploads\/2024\/08\/lavanda-vrecice-450x450.jpg 450w, https:\/\/balavander.com\/wp-content\/uploads\/2024\/08\/lavanda-vrecice-900x900.jpg 900w, https:\/\/balavander.com\/wp-content\/uploads\/2024\/08\/lavanda-vrecice-100x100.jpg 100w, https:\/\/balavander.com\/wp-content\/uploads\/2024\/08\/lavanda-vrecice-50x50.jpg 50w, https:\/\/balavander.com\/wp-content\/uploads\/2024\/08\/lavanda-vrecice.jpg 1080w\" sizes=\"(max-width: 1024px) 100vw, 1024px\" \/><\/a><\/p>\n<h3><strong><br \/>\nWie verwendet man Lavendels\u00e4ckchen?<\/strong><\/h3>\n<p>Stellen Sie <strong>Lavendels\u00e4ckchen<\/strong> in Kleiderschr\u00e4nke, Schubladen, Taschen oder ins Auto. Diese S\u00e4ckchen werden kontinuierlich den angenehmen Duft von Lavendel abgeben und Frische und Ruhe in Ihren Raum bringen. Es wird empfohlen, die S\u00e4ckchen gelegentlich sanft zu sch\u00fctteln, um den Duft der getrockneten Bl\u00fcten aufzufrischen.<\/p>\n<h3><strong>Aufbewahrungsart<\/strong><\/h3>\n<p>Damit Ihre <strong>Lavendels\u00e4ckchen<\/strong> ihren intensiven Duft so lange wie m\u00f6glich behalten, bewahren Sie sie an einem trockenen Ort auf, fern von direktem Sonnenlicht, damit sie so wenig wie m\u00f6glich verblassen. Bei Bedarf ersetzen Sie sie durch neue S\u00e4ckchen aus unserem Angebot, um kontinuierliche Frische in Ihrem Raum zu gew\u00e4hrleisten.<\/p>\n<h4><\/h4>\n<p>Unsere <strong>Lavendels\u00e4ckchen<\/strong> sind viel mehr als ein gew\u00f6hnlicher Lufterfrischer. Sie sind eine Kombination aus nat\u00fcrlichem Duft, Praktikabilit\u00e4t und \u00f6kologischer Verantwortung. Mit ihnen werden Sie jedes Mal, wenn Sie Ihren Kleiderschrank \u00f6ffnen, einen Hauch von Natur und Frische sp\u00fcren, die von unserem Lavendelfeld kommt. W\u00e4hlen Sie nat\u00fcrlich, w\u00e4hlen Sie Frische, w\u00e4hlen Sie <strong>Lavendels\u00e4ckchen<\/strong> \u2013 Ihr t\u00e4gliches Ritual des Friedens und der Harmonie.<\/p>\n<p>Sehen Sie, wie getrocknete Lavendelbl\u00fcte entsteht, die in diese wundersch\u00f6nen S\u00e4ckchen verpackt wird und in Ihr Zuhause kommt.<\/p>\n<p><iframe title=\"YouTube video player\" src=\"https:\/\/www.youtube.com\/embed\/qPJiNKiPK50?si=HL_D9BM0CRiyKx7l\" width=\"560\" height=\"315\" frameborder=\"0\" allowfullscreen=\"allowfullscreen\"><\/iframe><\/p>","protected":false},"excerpt":{"rendered":"<p><strong>Lavendels\u00e4ckchen - <\/strong>Entdecken Sie die Magie des nat\u00fcrlichen Lufterfrischers mit unserer getrockneten Lavendelbl\u00fcte.<br \/>\nHandverpackte Dufts\u00e4ckchen mit getrockneten Lavendelbl\u00fcten von unserem Feld.<br \/>\nIdeale Erg\u00e4nzung f\u00fcr Ihr Zuhause, Ihren Kleiderschrank oder Ihr Auto, diese S\u00e4ckchen bringen nicht nur einen angenehmen Duft, sondern wehren auch effektiv Motten und andere Insekten ab.<br \/>\nMit Liebe gemacht, nat\u00fcrlich und umweltverantwortlich.<\/p>\n<p><strong>Netto: 10 g<\/strong><\/p>","protected":false},"featured_media":13295,"comment_status":"open","ping_status":"closed","template":"","meta":{"wprm-recipe-roundup-name":"","wprm-recipe-roundup-description":""},"product_brand":[],"product_cat":[136,26,95],"product_tag":[146],"class_list":{"0":"post-13294","1":"product","2":"type-product","3":"status-publish","4":"has-post-thumbnail","6":"product_cat-osvezivac-vazduha","7":"product_cat-aromaterapija","8":"product_cat-veganska-kozmetika","9":"product_tag-lavanda","11":"first","12":"instock","13":"taxable","14":"shipping-taxable","15":"purchasable","16":"product-type-simple"},"_links":{"self":[{"href":"https:\/\/balavander.com\/de\/wp-json\/wp\/v2\/product\/13294","targetHints":{"allow":["GET"]}}],"collection":[{"href":"https:\/\/balavander.com\/de\/wp-json\/wp\/v2\/product"}],"about":[{"href":"https:\/\/balavander.com\/de\/wp-json\/wp\/v2\/types\/product"}],"replies":[{"embeddable":true,"href":"https:\/\/balavander.com\/de\/wp-json\/wp\/v2\/comments?post=13294"}],"wp:featuredmedia":[{"embeddable":true,"href":"https:\/\/balavander.com\/de\/wp-json\/wp\/v2\/media\/13295"}],"wp:attachment":[{"href":"https:\/\/balavander.com\/de\/wp-json\/wp\/v2\/media?parent=13294"}],"wp:term":[{"taxonomy":"product_brand","embeddable":true,"href":"https:\/\/balavander.com\/de\/wp-json\/wp\/v2\/product_brand?post=13294"},{"taxonomy":"product_cat","embeddable":true,"href":"https:\/\/balavander.com\/de\/wp-json\/wp\/v2\/product_cat?post=13294"},{"taxonomy":"product_tag","embeddable":true,"href":"https:\/\/balavander.com\/de\/wp-json\/wp\/v2\/product_tag?post=13294"}],"curies":[{"name":"wp","href":"https:\/\/api.w.org\/{rel}","templated":true}]}}