{"id":1239,"date":"2021-01-24T12:58:44","date_gmt":"2021-01-24T11:58:44","guid":{"rendered":"https:\/\/balavander.com\/?post_type=product&#038;p=1239"},"modified":"2026-04-20T01:39:20","modified_gmt":"2026-04-19T23:39:20","slug":"eco-glow-ametist-mirisna-sveca","status":"publish","type":"product","link":"https:\/\/balavander.com\/de\/prodavnica\/eco-glow-ametist-mirisna-sveca\/","title":{"rendered":"Eco Glow - Ametist - Duftkerze"},"content":{"rendered":"<p><strong>Eco Glow \u2013 Amethyst <\/strong>ist eine Duftkerze aus 100% nat\u00fcrlichem Sojawachs im Glastiegel.<\/p>\n<p>Sojakerzen sind viel sicherer und deutlich ges\u00fcnder als herk\u00f6mmliche Kerzen aus Paraffinwachs.<br \/>\nSie werden aus Wachs pflanzlichen Ursprungs hergestellt, das keine krebserregenden Partikel enth\u00e4lt und beim Brennen keinen Rauch abgibt.<br \/>\nSie sind sicher in R\u00e4umen zu verwenden, in denen sich Schwangere und Kinder aufhalten.<\/p>\n<p class=\"translation-block\">Sojawachs ist biologisch abbaubar und wirkt sich nicht negativ auf die Umwelt aus.\nDa Sojakerzen ausschlie\u00dflich aus pflanzlichen Inhaltsstoffen hergestellt werden, sind sie f\u00fcr Veganer geeignet.\nDie Brenndauer ist ebenfalls deutlich l\u00e4nger als bei herk\u00f6mmlichen Kerzen.\nNach dem Gebrauch k\u00f6nnen Sie das Gef\u00e4\u00df anderweitig verwenden, da sich Wachsreste leicht entfernen lassen.<\/p>\n<p><strong>Nettogewicht<\/strong>: 180 g<br \/>\n<strong>Brenndauer: <\/strong>40+ Stunden<\/p>","protected":false},"excerpt":{"rendered":"<p><strong>Eco Glow \u2013 Amethyst<\/strong> ist eine Duftkerze im Glasgef\u00e4\u00df, hergestellt aus 100 % nat\u00fcrlichem Sojawachs.<br \/>\nSicher f\u00fcr Schwangere und Kinder sind Sojakerzen eine ges\u00fcndere Alternative zu Paraffinkerzen, da sie beim Brennen keine krebserregenden Partikel oder Rauch freisetzen.<br \/>\nUmweltfreundlich, vegan und biologisch abbaubar haben diese Kerzen eine verl\u00e4ngerte Brenndauer von \u00fcber 40 Stunden.<\/p>\n<p>Nach dem Gebrauch k\u00f6nnen Sie das Glas wiederverwenden, da sich Wachsreste leicht entfernen lassen.<br \/>\nGenie\u00dfen Sie ein langanhaltendes, sicheres und umweltfreundliches Erlebnis mit der <strong>Eco Glow \u2013 Amethyst<\/strong> Kerze.<\/p>\n<p>Nettogewicht: 180 g.<\/p>","protected":false},"featured_media":5424,"comment_status":"open","ping_status":"closed","template":"","meta":{"wprm-recipe-roundup-name":"","wprm-recipe-roundup-description":""},"product_brand":[],"product_cat":[28,26,95],"product_tag":[146,148,145],"class_list":{"0":"post-1239","1":"product","2":"type-product","3":"status-publish","4":"has-post-thumbnail","6":"product_cat-mirisne-svece-od-sojinog-voska","7":"product_cat-aromaterapija","8":"product_cat-veganska-kozmetika","9":"product_tag-lavanda","10":"product_tag-mirisne-svece","11":"product_tag-vegan","13":"first","14":"instock","15":"taxable","16":"shipping-taxable","17":"purchasable","18":"product-type-simple"},"_links":{"self":[{"href":"https:\/\/balavander.com\/de\/wp-json\/wp\/v2\/product\/1239","targetHints":{"allow":["GET"]}}],"collection":[{"href":"https:\/\/balavander.com\/de\/wp-json\/wp\/v2\/product"}],"about":[{"href":"https:\/\/balavander.com\/de\/wp-json\/wp\/v2\/types\/product"}],"replies":[{"embeddable":true,"href":"https:\/\/balavander.com\/de\/wp-json\/wp\/v2\/comments?post=1239"}],"wp:featuredmedia":[{"embeddable":true,"href":"https:\/\/balavander.com\/de\/wp-json\/wp\/v2\/media\/5424"}],"wp:attachment":[{"href":"https:\/\/balavander.com\/de\/wp-json\/wp\/v2\/media?parent=1239"}],"wp:term":[{"taxonomy":"product_brand","embeddable":true,"href":"https:\/\/balavander.com\/de\/wp-json\/wp\/v2\/product_brand?post=1239"},{"taxonomy":"product_cat","embeddable":true,"href":"https:\/\/balavander.com\/de\/wp-json\/wp\/v2\/product_cat?post=1239"},{"taxonomy":"product_tag","embeddable":true,"href":"https:\/\/balavander.com\/de\/wp-json\/wp\/v2\/product_tag?post=1239"}],"curies":[{"name":"wp","href":"https:\/\/api.w.org\/{rel}","templated":true}]}}