{"id":12341,"date":"2024-06-17T22:31:30","date_gmt":"2024-06-17T20:31:30","guid":{"rendered":"https:\/\/balavander.com\/?post_type=product&#038;p=12341"},"modified":"2026-04-16T04:39:58","modified_gmt":"2026-04-16T02:39:58","slug":"poklon-set-summer","status":"publish","type":"product","link":"https:\/\/balavander.com\/de\/prodavnica\/poklon-set-summer\/","title":{"rendered":"Geschenkset - Sommer"},"content":{"rendered":"<h2 data-sourcepos=\"1:1-1:71\">Geschenkset \u2013 Sommer: Oase nat\u00fcrlicher Frische f\u00fcr Ihre Sommerabenteuer!<\/h2>\n<p data-sourcepos=\"3:1-3:175\"><strong>Genie\u00dfen Sie die Sonne ohne Sorgen!<\/strong> Geschenkset \u2013 Sommer bietet perfekte Pflege f\u00fcr Ihre Haut w\u00e4hrend der Sommertage, mit 100% nat\u00fcrlichen Inhaltsstoffen, die sanft zur Haut und Umwelt sind.<\/p>\n<p data-sourcepos=\"5:1-5:48\"><strong>Was ist in diesem perfekten Sommerset enthalten?<\/strong><\/p>\n<ul data-sourcepos=\"7:1-11:0\">\n<li data-sourcepos=\"7:1-7:232\"><strong>Nat\u00fcrliches Hydrolat aus biologischer Lavendel im Spray:<\/strong> Dieses erfrischende Tonikum hydratisiert, beruhigt und lindert Irritationen und Sonnenbr\u00e4nde. Es ist ideal f\u00fcr die Anwendung vor und nach dem Sonnenbad und kann auch f\u00fcr die Haar- und Gesichtspflege verwendet werden.<\/li>\n<li data-sourcepos=\"8:1-8:212\"><strong>Nat\u00fcrliche Sonnencreme:<\/strong> Sch\u00fctzen Sie Ihre Haut vor sch\u00e4dlicher UV-Strahlung mit dieser leichten Creme aus nat\u00fcrlichen Inhaltsstoffen. Die Creme hydratisiert und pflegt die Haut tiefgreifend und hinterl\u00e4sst sie glatt und strahlend. Sie ist ideal f\u00fcr die Anwendung nach dem Sonnenbad, wo sie die Hautfeuchtigkeit und die erworbene Br\u00e4une bewahrt.<\/li>\n<li data-sourcepos=\"9:1-9:177\"><strong>Natural deodorant:<\/strong> Dieses Deodorant ohne Aluminium und Natron neutralisiert unangenehme Ger\u00fcche und sorgt f\u00fcr langanhaltende Frische mit Hilfe von \u00e4therischen \u00d6len aus Lavendel, Salbei und Zitronengras.<\/li>\n<li data-sourcepos=\"10:1-11:0\"><strong>Nat\u00fcrliche Seife mit exotischem Duft der Tahiti-Bl\u00fcte:<\/strong> Genie\u00dfen Sie luxuri\u00f6sen Schaum und sanfte Reinigung mit dieser Seife aus Oliven-, Kokos-, Palm- und Rizinus\u00f6l. Der exotische Duft der Tahiti-Bl\u00fcte wird Ihrem Bad eine Dosis Sommerstimmung verleihen.<\/li>\n<\/ul>\n<p data-sourcepos=\"12:1-12:39\"><strong>Warum das Geschenkset \u2013 Sommer w\u00e4hlen?<\/strong><\/p>\n<ul data-sourcepos=\"14:1-18:0\">\n<li data-sourcepos=\"14:1-14:134\"><strong>100% nat\u00fcrliche Inhaltsstoffe:<\/strong> Unsere Produkte werden aus den hochwertigsten nat\u00fcrlichen Inhaltsstoffen hergestellt, ohne sch\u00e4dliche Chemikalien und Zusatzstoffe.<\/li>\n<li data-sourcepos=\"15:1-15:84\"><strong>Sanft zur Haut:<\/strong> Au\u00dferdem sind sie f\u00fcr alle Hauttypen geeignet, auch f\u00fcr empfindliche Haut.<\/li>\n<li data-sourcepos=\"16:1-16:94\"><strong>Sorge um die Umwelt:<\/strong> Unsere umweltfreundliche Verpackung ohne Plastik tr\u00e4gt zum Umweltschutz bei.<\/li>\n<li data-sourcepos=\"17:1-18:0\"><strong>Perfektes Geschenk:<\/strong> Geschenkset \u2013 Sommer ist ein ideales Geschenk f\u00fcr alle, die die Natur und Selbstf\u00fcrsorge lieben.<\/li>\n<\/ul>\n<p data-sourcepos=\"19:1-19:82\"><strong>Genie\u00dfen Sie den Sommer ohne Sorgen und sp\u00fcren Sie die Wohltaten der Natur mit dem Geschenkset \u2013 Sommer!<\/strong><\/p>","protected":false},"excerpt":{"rendered":"<p><strong>Genie\u00dfen Sie die Sonne ohne Sorgen!<\/strong><br \/>\nGeschenkset \u2013 Sommer bietet perfekte Pflege f\u00fcr Ihre Haut w\u00e4hrend der Sommertage, mit 100% nat\u00fcrlichen Inhaltsstoffen, die sanft zur Haut und Umwelt sind.<br \/>\nSve \u0161to Vam je potrebno da u\u017eivate ovog leta!<\/p>","protected":false},"featured_media":12342,"comment_status":"open","ping_status":"closed","template":"","meta":{"wprm-recipe-roundup-name":"","wprm-recipe-roundup-description":""},"product_brand":[],"product_cat":[337,92,30,95],"product_tag":[],"class_list":{"0":"post-12341","1":"product","2":"type-product","3":"status-publish","4":"has-post-thumbnail","6":"product_cat-poklon-setovi","7":"product_cat-nega-koze","8":"product_cat-prirodna-kozmetika","9":"product_cat-veganska-kozmetika","11":"first","12":"instock","13":"sale","14":"taxable","15":"shipping-taxable","16":"purchasable","17":"product-type-simple"},"_links":{"self":[{"href":"https:\/\/balavander.com\/de\/wp-json\/wp\/v2\/product\/12341","targetHints":{"allow":["GET"]}}],"collection":[{"href":"https:\/\/balavander.com\/de\/wp-json\/wp\/v2\/product"}],"about":[{"href":"https:\/\/balavander.com\/de\/wp-json\/wp\/v2\/types\/product"}],"replies":[{"embeddable":true,"href":"https:\/\/balavander.com\/de\/wp-json\/wp\/v2\/comments?post=12341"}],"wp:featuredmedia":[{"embeddable":true,"href":"https:\/\/balavander.com\/de\/wp-json\/wp\/v2\/media\/12342"}],"wp:attachment":[{"href":"https:\/\/balavander.com\/de\/wp-json\/wp\/v2\/media?parent=12341"}],"wp:term":[{"taxonomy":"product_brand","embeddable":true,"href":"https:\/\/balavander.com\/de\/wp-json\/wp\/v2\/product_brand?post=12341"},{"taxonomy":"product_cat","embeddable":true,"href":"https:\/\/balavander.com\/de\/wp-json\/wp\/v2\/product_cat?post=12341"},{"taxonomy":"product_tag","embeddable":true,"href":"https:\/\/balavander.com\/de\/wp-json\/wp\/v2\/product_tag?post=12341"}],"curies":[{"name":"wp","href":"https:\/\/api.w.org\/{rel}","templated":true}]}}