{"id":12338,"date":"2026-03-28T20:11:20","date_gmt":"2026-03-28T19:11:20","guid":{"rendered":"https:\/\/balavander.com\/?post_type=product&#038;p=12338"},"modified":"2026-05-13T04:38:40","modified_gmt":"2026-05-13T02:38:40","slug":"poklon-set-proizvodi-od-lavande","status":"publish","type":"product","link":"https:\/\/balavander.com\/de\/prodavnica\/poklon-set-proizvodi-od-lavande\/","title":{"rendered":"Geschenkset \u2013 Lavendelprodukte"},"content":{"rendered":"<p><strong>Poklon set \u2013 Proizvodi od Lavande: Dar prirode za potpunu relaksaciju i negu<\/strong><\/p>\n<p>Razmazite sebe ili dragu osobu uz na\u0161 ekskluzivni Poklon set \u2013 Proizvodi od Lavande. Ovaj set je mnogo vi\u0161e od obi\u010dnog poklona; to je iskustvo koje obuhvata potpunu negu tela i uma, savr\u0161en izbor za sve ljubitelje lavande i prirodne kozmetike. Idealan je za one koji \u017eele da se prepuste \u010darima prirode kroz jedinstvene proizvode koji kombinuju tradicionalne metode izrade i savremene standarde kvaliteta.<\/p>\n<p>Lavendel ist seit Jahrhunderten f\u00fcr seine wohltuenden Eigenschaften bekannt.\nSeine Verwendung in Kosmetik, Aromatherapie und Medizin hat eine lange Tradition, und wir haben diese uralte Pflanze in den Mittelpunkt unseres Geschenksets gestellt.\nOb zur Entspannung, Hautpflege oder zur Auffrischung von R\u00e4umen \u2013 Lavendel umh\u00fcllt Sie mit seinem beruhigenden Duft und hilft Ihnen, sich auf tiefster Ebene mit der Natur zu verbinden.<\/p>\n<h3><strong>Sechs Produkte f\u00fcr umfassende Pflege und Entspannung<\/strong><\/h3>\n<p>Na\u0161 Poklon set \u2013 Proizvodi od Lavande uklju\u010duje \u0161est pa\u017eljivo odabranih proizvoda koji pru\u017eaju kompletnu negu od glave do pete:<\/p>\n<ol>\n<li><strong><a href=\"\/de\/prodavnica\/violet-prirodni-sapun\/\">Naturseife mit \u00e4therischem Lavendel\u00f6l<\/a>:<\/strong> Diese Seife ist perfekt f\u00fcr alle, die ihre Haut auf nat\u00fcrliche Weise pflegen m\u00f6chten.\nDie milde Formel reinigt die Haut sanft und entfernt Unreinheiten, ohne die nat\u00fcrliche Hautbarriere zu st\u00f6ren.\n\u00c4therisches Lavendel\u00f6l erfrischt die Haut nicht nur mit seinem Duft, sondern wirkt auch antiseptisch \u2013 ideal f\u00fcr die t\u00e4gliche Anwendung.\nNach dem Duschen ist Ihre Haut weich, mit Feuchtigkeit versorgt und gesch\u00fctzt.<\/li>\n<li><strong><a href=\"\/de\/prodavnica\/origin-etericno-ulje-lavande\/\/prodavnica\/origin-etericno-ulje-lavande\/\">\u00c4therisches Lavendel\u00f6l<\/a>:<\/strong> Das reine \u00e4therische Lavendel\u00f6l in diesem Set bietet zahlreiche Anwendungsm\u00f6glichkeiten.\nIn der Aromatherapie ist Lavendel f\u00fcr seine F\u00e4higkeit bekannt, das Nervensystem zu beruhigen, Angst und Stress zu reduzieren und die Schlafqualit\u00e4t zu verbessern.\nSie k\u00f6nnen es f\u00fcr Massagen verwenden, dem Badewasser hinzuf\u00fcgen oder als duftende Zugabe im Diffusor einsetzen.\nEs hilft, eine beruhigende Atmosph\u00e4re in Ihrem Zuhause zu schaffen und verwandelt jeden Raum in eine Oase der Ruhe.<\/li>\n<li><strong><a href=\"\/de\/prodavnica\/botanic-hidrolat-lavande\/\">Lavendel-Hydrolat<\/a>:<\/strong> Hydrolat, auch als Bl\u00fctenwasser bekannt, ist ein sanftes und erfrischendes Tonikum f\u00fcr Gesicht und K\u00f6rper.\nDie Anwendung ist vielseitig \u2013 es dient als nat\u00fcrliches Gesichtswasser zur Reinigung, als Erfrischer an hei\u00dfen Sommertagen oder als Zusatz in Gesichtsmasken.\nLavendelhydrolat spendet Feuchtigkeit, beruhigt und erfrischt die Haut und hinterl\u00e4sst sie weich und zart.\nEs hilft au\u00dferdem, Irritationen und R\u00f6tungen zu lindern und ist damit ideal f\u00fcr alle Hauttypen, auch f\u00fcr sehr empfindliche Haut.<\/li>\n<li><strong><a href=\"\/de\/prodavnica\/flora-lavanda-serum-za-lice\/\">Lavendel-Gesichtsserum<\/a>:<\/strong> Dieses Serum ist ein wahrer Genuss f\u00fcr Ihre Haut.\nDie leichte, aber wirkungsvolle Formel n\u00e4hrt und regeneriert die Gesichtshaut in der Tiefe.\nDas \u00e4therische Lavendel\u00f6l im Serum hilft, Irritationen zu beruhigen, fettige Haut zu regulieren und den Teint zu ebenm\u00e4\u00dfigen.\nBei regelm\u00e4\u00dfiger Anwendung wird die Haut weicher, strahlender und sichtbar ges\u00fcnder.<\/li>\n<li><strong><a href=\"\/de\/prodavnica\/prirodni-dezodorans-eco-scent-no-1\/\/prodavnica\/prirodni-dezodorans-eco-scent-no-1\/\">Nat\u00fcrliches Deodorant mit \u00e4therischem Lavendel- und Salbei\u00f6l<\/a>:<\/strong> Im Gegensatz zu herk\u00f6mmlichen Deodorants, die oft sch\u00e4dliche Chemikalien enthalten, ist unser nat\u00fcrliches Deodorant aluminiumfrei und voll mit nat\u00fcrlichen Inhaltsstoffen, die langanhaltenden Schutz bieten.\nDie \u00e4therischen \u00d6le von Lavendel und Salbei wirken antibakteriell und sorgen daf\u00fcr, dass Sie den ganzen Tag frisch bleiben.\nDieses Deodorant ist sanft zur Haut, verstopft die Poren nicht und hinterl\u00e4sst keine wei\u00dfen Spuren \u2013 perfekt f\u00fcr den t\u00e4glichen Gebrauch.<\/li>\n<li><strong><a href=\"\/de\/prodavnica\/anytime-losion-za-telo\/\/prodavnica\/anytime-losion-za-telo\/\">K\u00f6rperlotion mit Sheabutter, Kakaobutter und \u00e4therischem Lavendel\u00f6l<\/a>:<\/strong> Unsere K\u00f6rperlotion ist eine wahrhaft luxuri\u00f6se Pflege f\u00fcr Ihre Haut.\nDie Kombination aus Shea- und Kakaobutter mit \u00e4therischem Lavendel\u00f6l spendet intensive Feuchtigkeit und l\u00e4sst die Haut seidig weich und glatt werden.\nDie Lotion zieht schnell ein, hinterl\u00e4sst keinen Fettfilm und ihr zarter Lavendelduft bleibt lange auf der Haut.\nSie ist ideal nach dem Duschen, wenn die Haut N\u00e4hrstoffe am besten aufnimmt.<\/li>\n<\/ol>\n<h3><strong>Za\u0161to odabrati na\u0161 Poklon set \u2013 Proizvodi od Lavande?<\/strong><\/h3>\n<p><strong>\u00d6kologische Verpackung:<\/strong> Jedes Detail dieses Geschenksets wurde mit R\u00fccksicht auf die Natur gestaltet.\nAlle Produkte kommen in plastikfreier, umweltfreundlicher Verpackung aus Karton und Aluminium.\nSo pflegen Sie nicht nur Ihre Haut, sondern tragen auch zum Schutz der Umwelt bei.<\/p>\n<p><strong>Bio, tierversuchsfrei und vegan:<\/strong> Alle Produkte in diesem Set bestehen aus 100\u00a0% biologischen Inhaltsstoffen, sind nicht an Tieren getestet und f\u00fcr Veganer geeignet.\nWir glauben, dass wahre Sch\u00f6nheit aus der Natur kommt, und verwenden ausschlie\u00dflich nat\u00fcrliche Inhaltsstoffe, die sanft zur Haut und sicher f\u00fcr den Planeten sind.<\/p>\n<p><strong>Handgefertigt:<\/strong> Jedes Produkt in diesem Set wird sorgf\u00e4ltig von Hand gefertigt \u2013 mit Lavendel von unserer Bio-Plantage in Serbien.\nSo stellen wir sicher, dass jedes Produkt ein H\u00f6chstma\u00df an Qualit\u00e4t und Authentizit\u00e4t bewahrt.\nHandarbeit ist unsere Leidenschaft und garantiert, dass jedes Produkt eine einzigartige Note von Liebe und Liebe zum Detail tr\u00e4gt.<\/p>\n<p><strong>Vielfacher Nutzen:<\/strong> Das Set bietet umfassende Hautpflege, Reinigung, Haarpflege und Aromatherapie und deckt damit unterschiedliche Bed\u00fcrfnisse ab.\nOb Sie sich nach einem anstrengenden Tag entspannen, Ihre Haut erfrischen oder einfach die Vorz\u00fcge von Lavendel genie\u00dfen m\u00f6chten \u2013 dieses Set bietet alles, was Sie brauchen.<\/p>\n<h3><strong>Inspiration und Geschichte<\/strong><\/h3>\n<p>Na\u0161 Poklon set \u2013 Proizvodi od Lavande proizveden je sa ljubavlju prema prirodi i posve\u0107eno\u0161\u0107u o\u010duvanju okoline. Svaka biljka lavande koja se koristi u na\u0161im proizvodima pa\u017eljivo je uzgajana na na\u0161oj organskoj planta\u017ei u Srbiji, gde se po\u0161tuju najvi\u0161i standardi organske proizvodnje. Koristimo tradicionalne metode destilacije kako bismo sa\u010duvali sva blagotvorna svojstva lavande, omogu\u0107avaju\u0107i vam da u\u017eivate u najboljem \u0161to priroda nudi.<\/p>\n<h3><strong>Ideales Geschenk<\/strong><\/h3>\n<p>Bilo da tra\u017eite savr\u0161en poklon za ekolo\u0161ki osve\u0161\u0107ene prijatelje, porodicu ili jednostavno \u017eelite da sebi priu\u0161tite trenutak opu\u0161tanja, na\u0161 Poklon set \u2013 Proizvodi od Lavande je pravi izbor. Ovaj set je vi\u0161e od poklona \u2013 to je na\u010din da poka\u017eete ljubav prema prirodi i sebi. U\u017eivajte u prirodnoj nezi i luksuzu lavande svaki dan, uz proizvode koji su napravljeni sa stra\u0161\u0107u i posve\u0107eno\u0161\u0107u prema zdravlju i dobrobiti.<\/p>\n<p>\u00a0<\/p>\n<p><iframe title=\"YouTube video player\" src=\"https:\/\/www.youtube.com\/embed\/zXC9jbMv52c?si=L8ZWvdmW8MooMhKl\" width=\"560\" height=\"315\" frameborder=\"0\" allowfullscreen=\"allowfullscreen\"><\/iframe><\/p>\n<p><iframe title=\"YouTube video player\" src=\"https:\/\/www.youtube.com\/embed\/mzO748u2rzo?si=xk3Y4uD4VRoYWpnG\" width=\"560\" height=\"315\" frameborder=\"0\" allowfullscreen=\"allowfullscreen\"><\/iframe><\/p>","protected":false},"excerpt":{"rendered":"<p>Entdecken Sie die Wohltaten des Lavendels mit unserem exklusiven <strong>Geschenkset \u2013 Lavendelprodukte<\/strong>, perfekt f\u00fcr Liebhaber von Naturkosmetik und umweltbewusste Menschen.\nDas Set enth\u00e4lt sechs Produkte: Naturseife, \u00e4therisches \u00d6l, Hydrolat, Gesichtsserum, nat\u00fcrliches Deodorant und K\u00f6rperlotion \u2013 alle handgefertigt aus Bio-Lavendel von unserer Plantage.<\/p>\n<p>Umweltfreundliche Verpackung sowie biologische, tierversuchsfreie und vegane Produkte bieten umfassende Pflege f\u00fcr die Haut, Reinigung, Haarpflege und Aromatherapie.\nIdeal als originelles Geschenk oder f\u00fcr eine luxuri\u00f6se t\u00e4gliche Pflege.<\/p>","protected":false},"featured_media":18465,"comment_status":"open","ping_status":"closed","template":"","meta":{"wprm-recipe-roundup-name":"","wprm-recipe-roundup-description":""},"product_brand":[],"product_cat":[337,26,30,95],"product_tag":[],"class_list":{"0":"post-12338","1":"product","2":"type-product","3":"status-publish","4":"has-post-thumbnail","6":"product_cat-poklon-setovi","7":"product_cat-aromaterapija","8":"product_cat-prirodna-kozmetika","9":"product_cat-veganska-kozmetika","11":"first","12":"onbackorder","13":"sale","14":"taxable","15":"shipping-taxable","16":"purchasable","17":"product-type-simple"},"_links":{"self":[{"href":"https:\/\/balavander.com\/de\/wp-json\/wp\/v2\/product\/12338","targetHints":{"allow":["GET"]}}],"collection":[{"href":"https:\/\/balavander.com\/de\/wp-json\/wp\/v2\/product"}],"about":[{"href":"https:\/\/balavander.com\/de\/wp-json\/wp\/v2\/types\/product"}],"replies":[{"embeddable":true,"href":"https:\/\/balavander.com\/de\/wp-json\/wp\/v2\/comments?post=12338"}],"wp:featuredmedia":[{"embeddable":true,"href":"https:\/\/balavander.com\/de\/wp-json\/wp\/v2\/media\/18465"}],"wp:attachment":[{"href":"https:\/\/balavander.com\/de\/wp-json\/wp\/v2\/media?parent=12338"}],"wp:term":[{"taxonomy":"product_brand","embeddable":true,"href":"https:\/\/balavander.com\/de\/wp-json\/wp\/v2\/product_brand?post=12338"},{"taxonomy":"product_cat","embeddable":true,"href":"https:\/\/balavander.com\/de\/wp-json\/wp\/v2\/product_cat?post=12338"},{"taxonomy":"product_tag","embeddable":true,"href":"https:\/\/balavander.com\/de\/wp-json\/wp\/v2\/product_tag?post=12338"}],"curies":[{"name":"wp","href":"https:\/\/api.w.org\/{rel}","templated":true}]}}