{"id":12227,"date":"2024-06-03T22:01:51","date_gmt":"2024-06-03T20:01:51","guid":{"rendered":"https:\/\/balavander.com\/?post_type=product&#038;p=12227"},"modified":"2026-04-16T04:39:47","modified_gmt":"2026-04-16T02:39:47","slug":"botanic-hidrolat-lavande","status":"publish","type":"product","link":"https:\/\/balavander.com\/de\/prodavnica\/botanic-hidrolat-lavande\/","title":{"rendered":"Botanic - Lavendelhydrolat"},"content":{"rendered":"<p>Im Herzen unserer biologischen Destillerie wird die reine Essenz des Lavendels geboren \u2013 Lavendel-Hydrolat, auch bekannt als Lavendel-Bl\u00fctenwasser. Unser Hydrolat wird sorgf\u00e4ltig aus hochwertigsten biologischen Lavendelbl\u00fcten hergestellt, auf traditionelle Weise destilliert, um alle heilenden Eigenschaften dieser wunderbaren Pflanze zu bewahren. Verpackt in einer umweltfreundlichen Glasflasche von 100 ml mit abgedunkeltem Glas und praktischem Spray, ist unser Hydrolat die perfekte L\u00f6sung f\u00fcr die t\u00e4gliche Hautpflege und Entspannung von Geist und K\u00f6rper.<\/p>\n<h4><strong>Anwendung:<\/strong><\/h4>\n<ul>\n<li><strong>Gesichtswasser<\/strong>: Nach der Gesichtsreinigung spr\u00fchen Sie Lavendel-Hydrolat auf die Haut, um sie zu tonisieren und f\u00fcr die weitere Pflege vorzubereiten.<\/li>\n<li><strong>Gesichts- und K\u00f6rpererfrischer<\/strong>: Tragen Sie es bei sich und verwenden Sie es w\u00e4hrend des Tages f\u00fcr sofortige Hydratation und Erfrischung.<\/li>\n<li><strong>Beruhigende Kompresse<\/strong>: Auf ein St\u00fcck Watte auftragen und auf m\u00fcde oder gereizte Haut legen.<\/li>\n<li><strong>Aromatherapie<\/strong>: Spr\u00fchen Sie es auf das Kissen oder im Raum, um eine entspannende Atmosph\u00e4re zu schaffen.<\/li>\n<li><strong>Haarpflege:\u00a0<\/strong>nach dem Shampoonieren und Sp\u00fclen der Haare tragen Sie Hydrolat auf das nasse Haar auf f\u00fcr zus\u00e4tzliche Hydratation und Haarglanz.<\/li>\n<\/ul>\n<h4><strong>Vorteile:<\/strong><\/h4>\n<ul>\n<li><strong>Nat\u00fcrliche Hautpflege<\/strong>: Lavendel-Hydrolat ist bekannt f\u00fcr seine beruhigenden und regenerativen Eigenschaften. Es ist ideal f\u00fcr alle Hauttypen, besonders f\u00fcr empfindliche und gereizte Haut.<\/li>\n<li><strong>Hydratation und Erfrischung<\/strong>: Hydratisiert die Haut tiefgehend, stellt ihren nat\u00fcrlichen Glanz und ihre Elastizit\u00e4t wieder her und erfrischt sie gleichzeitig.<\/li>\n<li><strong>Antiseptische Eigenschaften<\/strong>: Wirkt antiseptisch und antibakteriell, hilft im Kampf gegen Akne und Unreinheiten auf der Haut.<\/li>\n<li><strong>Entspannung und Aromatherapie<\/strong>: Sein unverwechselbarer Lavendelduft hilft bei der Reduzierung von Stress, Angst und f\u00f6rdert ruhigen Schlaf.<\/li>\n<\/ul>\n<h4><strong>Aufbewahrungsart:<\/strong><\/h4>\n<p>Bewahren Sie Lavendel-Hydrolat an einem k\u00fchlen und dunklen Ort auf, fern von direktem Sonnenlicht, um seine Frische und Wirksamkeit zu erhalten. Unsere Glasverpackung mit abgedunkeltem Glas hilft zus\u00e4tzlich bei der Erhaltung der Produktqualit\u00e4t.<\/p>\n<h4><strong>Anwendungsweise:<\/strong><\/h4>\n<ul>\n<li><strong>Direkte Anwendung<\/strong>: Einfach auf die Haut von Gesicht, K\u00f6rper oder Haar spr\u00fchen.<\/li>\n<li><strong>Kombination mit anderen Produkten<\/strong>: F\u00fcgen Sie es zu Ihren Lieblingsgesichtsmasken, Cremes oder Lotionen f\u00fcr zus\u00e4tzliche Hydratation hinzu.<\/li>\n<li><strong>Entspannung<\/strong>: Auf Bettw\u00e4sche oder Kleidung spr\u00fchen f\u00fcr ruhigen Schlaf und Entspannung.<\/li>\n<\/ul>\n<h4><strong>Inhaltsstoffe:<\/strong><\/h4>\n<p>100% reines Lavendel-Hydrolat aus unserer biologischen Produktion.<\/p>\n<p><strong>Nettogewicht<\/strong>: 100 ml<br \/>\n<strong>Herkunftsland: <\/strong>Serbien<br \/>\n<strong>Botanischer Name: <\/strong>Lavandula Angustifolia Vera<\/p>\n<p>Unsere umweltfreundliche Verpackung bewahrt nicht nur die wohltuenden Eigenschaften des Hydrolats, sondern ist auch naturfreundlich. Wir haben eine Glasflasche mit abgedunkeltem Glas gew\u00e4hlt, um Langlebigkeit und Qualit\u00e4t des Produkts zu gew\u00e4hrleisten, w\u00e4hrend das praktische Spray eine einfache und gleichm\u00e4\u00dfige Anwendung erm\u00f6glicht.<\/p>\n<p>Au\u00dferdem ist die Verpackung r\u00fcckgabef\u00e4hig, so dass Sie, wenn Sie Ihr Lieblings-Hydrolat aufgebraucht haben, die Verpackung an uns zur\u00fcckgeben und einen zus\u00e4tzlichen Rabatt erhalten k\u00f6nnen.<\/p>\n<p><span style=\"color: #008080;\"><strong>\u2714 100% nat\u00fcrlich<br \/>\n\u2714\u00a0vegan<br \/>\n\u2714 premium-qualit\u00e4t<br \/>\n\u2714 handgefertigt<br \/>\n\u2714 nicht an tieren getestet<\/strong><\/span><\/p>\n<p>&nbsp;<\/p>\n<blockquote><p>In der Flasche bewahrt es die Felder des Sommers,<br \/>\nLavendel-Hydrolat, Geschenk der Natur der Welt.<br \/>\nF\u00fcr zarte Haut, es beruhigt nun,<br \/>\nSchenkt Frische, nat\u00fcrliche Harmonie.<\/p><\/blockquote>\n<p>&nbsp;<\/p>\n<p>Ukoliko Vas jo\u0161 ne\u0161to zanima vezano za hidrolat lavande pre kupovine, mo\u017eete pro\u010ditati u tekstu: &#8220;<a href=\"\/de\/hidrolat-lavande-sve-sto-treba-da-znate\/\">Lavendel-Hydrolat. Alles was Sie wissen m\u00fcssen<\/a>&#8220;.<\/p>\n<p>Sehen Sie, wie es hergestellt wird<strong> Botanic \u2013 Lavandin-Hydrolat<\/strong>.<\/p>\n<p><iframe title=\"YouTube video player\" src=\"https:\/\/www.youtube.com\/embed\/a71ERccXbaA?si=O2IPMNE64qReugSC\" width=\"560\" height=\"315\" frameborder=\"0\" allowfullscreen=\"allowfullscreen\" data-mce-fragment=\"1\"><\/iframe><\/p>\n<p>&nbsp;<\/p>","protected":false},"excerpt":{"rendered":"<p style=\"text-align: left;\">\u00d6ffnen Sie die T\u00fcren zur nat\u00fcrlichen Pflege mit unserem Lavendel-Hydrolat, hergestellt aus hochwertigsten organischen Lavendelbl\u00fcten und verpackt in einer umweltfreundlichen Glasflasche mit praktischem Spray.<br \/>\nDieses magische Elixier beruhigt, hydratisiert und erfrischt die Haut und bietet antiseptische Eigenschaften und Aromatherapie-Vorteile.<br \/>\nPerfekt f\u00fcr alle Hauttypen, Lavendel-Hydrolat ist Ihr Schl\u00fcssel zu nat\u00fcrlicher Sch\u00f6nheit und Entspannung.<\/p>\n<p><strong>100% reines Lavendel-Hydrolat aus unserer biologischen Produktion.<\/strong><\/p>\n<p><strong>Nettogewicht<\/strong>: 100 ml<\/p>","protected":false},"featured_media":12222,"comment_status":"open","ping_status":"closed","template":"","meta":{"wprm-recipe-roundup-name":"","wprm-recipe-roundup-description":""},"product_brand":[],"product_cat":[331,26,334,93,92,91,30,95],"product_tag":[146],"class_list":{"0":"post-12227","1":"product","2":"type-product","3":"status-publish","4":"has-post-thumbnail","6":"product_cat-infuzovano-ulje","7":"product_cat-aromaterapija","8":"product_cat-etericno-ulje","9":"product_cat-nega-kose","10":"product_cat-nega-koze","11":"product_cat-nega-lica","12":"product_cat-prirodna-kozmetika","13":"product_cat-veganska-kozmetika","14":"product_tag-lavanda","16":"first","17":"instock","18":"sale","19":"taxable","20":"shipping-taxable","21":"purchasable","22":"product-type-simple"},"_links":{"self":[{"href":"https:\/\/balavander.com\/de\/wp-json\/wp\/v2\/product\/12227","targetHints":{"allow":["GET"]}}],"collection":[{"href":"https:\/\/balavander.com\/de\/wp-json\/wp\/v2\/product"}],"about":[{"href":"https:\/\/balavander.com\/de\/wp-json\/wp\/v2\/types\/product"}],"replies":[{"embeddable":true,"href":"https:\/\/balavander.com\/de\/wp-json\/wp\/v2\/comments?post=12227"}],"wp:featuredmedia":[{"embeddable":true,"href":"https:\/\/balavander.com\/de\/wp-json\/wp\/v2\/media\/12222"}],"wp:attachment":[{"href":"https:\/\/balavander.com\/de\/wp-json\/wp\/v2\/media?parent=12227"}],"wp:term":[{"taxonomy":"product_brand","embeddable":true,"href":"https:\/\/balavander.com\/de\/wp-json\/wp\/v2\/product_brand?post=12227"},{"taxonomy":"product_cat","embeddable":true,"href":"https:\/\/balavander.com\/de\/wp-json\/wp\/v2\/product_cat?post=12227"},{"taxonomy":"product_tag","embeddable":true,"href":"https:\/\/balavander.com\/de\/wp-json\/wp\/v2\/product_tag?post=12227"}],"curies":[{"name":"wp","href":"https:\/\/api.w.org\/{rel}","templated":true}]}}