{"id":12162,"date":"2024-05-27T23:09:36","date_gmt":"2024-05-27T21:09:36","guid":{"rendered":"https:\/\/balavander.com\/?post_type=product&#038;p=12162"},"modified":"2026-04-20T04:38:34","modified_gmt":"2026-04-20T02:38:34","slug":"orange-sapun-za-lice","status":"publish","type":"product","link":"https:\/\/balavander.com\/de\/prodavnica\/orange-sapun-za-lice\/","title":{"rendered":"Orange - Gesichtsseife"},"content":{"rendered":"<div class=\"_xlr\">\n<p><strong>Anwendung:<\/strong><br \/>\nGesichtsseife mit gr\u00fcner Tonerde \u2013 ein Mittel zur pers\u00f6nlichen Hygiene und Behandlung von problematischer und fettiger Haut.<br \/>\nKann als Seife f\u00fcr alle Hauttypen ohne Einschr\u00e4nkungen verwendet werden.<\/p>\n<p><strong>Gebrauchsanweisung:<\/strong><br \/>\nVor Gebrauch an einem k\u00fchlen, trockenen Ort in der Originalverpackung aufbewahren.<br \/>\nDamit Ihre nat\u00fcrliche Seife l\u00e4nger h\u00e4lt, bewahren Sie sie nach der Verwendung an einem trockenen Ort auf.<\/p>\n<p>&nbsp;<\/p>\n<p><strong>Zutaten<\/strong>:<\/p>\n<p>\u2013 Unraffiniertes Oliven\u00f6l<br \/>\n\u2013 Palm\u00f6l<br \/>\n\u2013 Kokos\u00f6l<br \/>\n\u2013 Rizinus\u00f6l<br \/>\n\u2013 \u00c4therisches Orangen\u00f6l<br \/>\n\u2013 \u00c4therisches Granatapfel\u00f6l<br \/>\n\u2013 Gr\u00fcne Tonerde<br \/>\n\u2013 Mica-Kristalle<\/p>\n<\/div>\n<p><strong>Nettogewicht<\/strong>: 90g<\/p>\n<p><span style=\"color: #008080;\"><strong>\u2714 100% nat\u00fcrlich<br \/>\n\u2714\u00a0vegan<br \/>\n\u2714 premium-qualit\u00e4t<br \/>\n\u2714 handgefertigt<br \/>\n\u2714 nicht an tieren getestet<\/strong><\/span><\/p>\n<p>&nbsp;<\/p>\n<h3>Gr\u00fcne Tonerde f\u00fcr das Gesicht<\/h3>\n<p>Gr\u00fcne Tonerde ist eine hervorragende nat\u00fcrliche Zutat mit heilenden Eigenschaften f\u00fcr die Gesichtshaut. Seit Jahrhunderten wird gr\u00fcne Tonerde in der Kosmetik verwendet, da sie Toxine, \u00fcbersch\u00fcssiges Fett und Unreinheiten aus der Haut zieht und sie erfrischt und revitalisiert. Ihre einzigartigen mineralischen Bestandteile, darunter Magnesium, Calcium, Kalium, Eisen und Zink, bieten zahlreiche Vorteile f\u00fcr die Haut.<\/p>\n<p>Der Hauptvorteil der Verwendung von gr\u00fcner Tonerde f\u00fcr das Gesicht ist ihre starke Tiefenreinigungswirkung. Dank ihrer F\u00e4higkeit, \u00fcbersch\u00fcssigen Talg und Unreinheiten aufzunehmen, hilft diese Tonerde, das Auftreten von Akne und Pickeln zu verhindern. Au\u00dferdem verringert sie die Sichtbarkeit der Poren und verleiht der Haut eine glatte Textur und strahlenden Teint. Die regelm\u00e4\u00dfige Anwendung von Seife mit gr\u00fcner Tonerde kann Ihnen helfen, saubere und strahlende Haut zu erhalten.<\/p>\n<p>Seife mit gr\u00fcner Tonerde hat die F\u00e4higkeit, Irritationen und R\u00f6tungen im Gesicht zu beruhigen. Gr\u00fcne Tonerde wirkt beruhigend auf die Haut, reduziert Entz\u00fcndungen und lindert unangenehme Spannungsgef\u00fchle. Dies ist besonders vorteilhaft f\u00fcr Personen mit empfindlicher Haut, da die Seife sanft wirkt, die Haut nicht austrocknet und ihr nat\u00fcrliches Gleichgewicht nicht st\u00f6rt.<\/p>\n<p>Eine solche Seife ist eine ausgezeichnete Wahl f\u00fcr die nat\u00fcrliche Gesichtspflege, da sie mit n\u00e4hrstoffreichen Inhaltsstoffen angereichert ist. Neben den Mineralien, die die Tonerde selbst liefert, enth\u00e4lt diese Seife oft auch \u00e4therische \u00d6le, Pflanzenextrakte und Vitamine, die zur Hydratation und Regeneration der Haut beitragen. Das bedeutet, dass Ihr Gesicht nicht nur gereinigt, sondern auch gepflegt wird, wodurch das Risiko von trockenen Stellen oder Hautschuppen reduziert wird.<\/p>\n<p>&nbsp;<\/p>\n<h3>Nat\u00fcrliche Gesichtsseife<\/h3>\n<p>Die Gesichtsseife ist ein zentraler Bestandteil Ihrer t\u00e4glichen Hautpflegeroutine, und unsere <strong>Orange<\/strong> Seife mit gr\u00fcner Tonerde macht diese Routine noch effektiver. Formuliert mit nat\u00fcrlichen Inhaltsstoffen, eignet sich diese Seife f\u00fcr alle Hauttypen, einschlie\u00dflich empfindlicher Haut.<\/p>\n<p>Gr\u00fcne Tonerde reinigt effektiv die Poren, entfernt Unreinheiten und erfrischt die Haut, w\u00e4hrend die \u00e4therischen \u00d6le von Orange und Granatapfel zus\u00e4tzliche Vorteile bieten. Diese Inhaltsstoffe tragen gemeinsam dazu bei, das Auftreten von Akne zu reduzieren, die Talgproduktion auszugleichen, den Teint zu harmonisieren und die Hautstruktur zu verbessern.<\/p>\n<p>Genie\u00dfen Sie Ihr t\u00e4gliches Gesichtspflege-Ritual mit dieser nat\u00fcrlichen Gesichtsseife und erleben Sie die Vorteile nat\u00fcrlicher Pflege. Ihre Haut verdient nur das Beste, und diese Seife bietet genau das.<\/p>","protected":false},"excerpt":{"rendered":"<p><strong>Orange<\/strong> Die Gesichtsseife ist ideal f\u00fcr alle Hauttypen und bietet eine sanfte und feuchtigkeitsspendende Pflege.<\/p>\n<p>Mit gr\u00fcner Tonerde f\u00fcr eine gr\u00fcndliche Reinigung bringt diese 100\u202f% nat\u00fcrliche Seife, angereichert mit \u00e4therischen \u00d6len von Orange und Granatapfel, strahlende Haut.<br \/>\nDie entgiftende Wirkung der gr\u00fcnen Tonerde reinigt die Poren und reduziert Unreinheiten, w\u00e4hrend die \u00e4therischen \u00d6le beruhigen und den Hautton verbessern.<br \/>\nHandgemacht und vegan \u2013 dies ist eine Premium-Seife, die nicht an Tieren getestet wurde.<\/p>\n<p>Genie\u00dfen Sie Ihr t\u00e4gliches Gesichtspflege-Ritual f\u00fcr gesunde und strahlende Haut.<\/p>","protected":false},"featured_media":12113,"comment_status":"open","ping_status":"closed","template":"","meta":{"wprm-recipe-roundup-name":"","wprm-recipe-roundup-description":""},"product_brand":[],"product_cat":[32,91,30,95],"product_tag":[],"class_list":{"0":"post-12162","1":"product","2":"type-product","3":"status-publish","4":"has-post-thumbnail","6":"product_cat-prirodni-sapuni","7":"product_cat-nega-lica","8":"product_cat-prirodna-kozmetika","9":"product_cat-veganska-kozmetika","11":"first","12":"instock","13":"taxable","14":"shipping-taxable","15":"purchasable","16":"product-type-simple"},"_links":{"self":[{"href":"https:\/\/balavander.com\/de\/wp-json\/wp\/v2\/product\/12162","targetHints":{"allow":["GET"]}}],"collection":[{"href":"https:\/\/balavander.com\/de\/wp-json\/wp\/v2\/product"}],"about":[{"href":"https:\/\/balavander.com\/de\/wp-json\/wp\/v2\/types\/product"}],"replies":[{"embeddable":true,"href":"https:\/\/balavander.com\/de\/wp-json\/wp\/v2\/comments?post=12162"}],"wp:featuredmedia":[{"embeddable":true,"href":"https:\/\/balavander.com\/de\/wp-json\/wp\/v2\/media\/12113"}],"wp:attachment":[{"href":"https:\/\/balavander.com\/de\/wp-json\/wp\/v2\/media?parent=12162"}],"wp:term":[{"taxonomy":"product_brand","embeddable":true,"href":"https:\/\/balavander.com\/de\/wp-json\/wp\/v2\/product_brand?post=12162"},{"taxonomy":"product_cat","embeddable":true,"href":"https:\/\/balavander.com\/de\/wp-json\/wp\/v2\/product_cat?post=12162"},{"taxonomy":"product_tag","embeddable":true,"href":"https:\/\/balavander.com\/de\/wp-json\/wp\/v2\/product_tag?post=12162"}],"curies":[{"name":"wp","href":"https:\/\/api.w.org\/{rel}","templated":true}]}}