{"id":11390,"date":"2024-02-20T22:36:24","date_gmt":"2024-02-20T21:36:24","guid":{"rendered":"https:\/\/balavander.com\/?post_type=product&#038;p=11390"},"modified":"2026-04-21T06:30:26","modified_gmt":"2026-04-21T04:30:26","slug":"balavander-poklon-vaucer","status":"publish","type":"product","link":"https:\/\/balavander.com\/de\/prodavnica\/balavander-poklon-vaucer\/","title":{"rendered":"Balavander \u2013 Geschenkgutschein"},"content":{"rendered":"<p>Die nat\u00fcrliche Sch\u00f6nheit zu genie\u00dfen war noch nie so einfach! Unser exklusiver Geschenkgutschein bietet Ihnen die M\u00f6glichkeit, die zauberhafte Welt unserer Naturkosmetik und Duftkerzen zu entdecken, die mit Liebe aus den hochwertigsten nat\u00fcrlichen Zutaten hergestellt werden.<\/p>\n<p><strong>Was Sie erhalten:<\/strong><\/p>\n<ul>\n<li>Der Gutschein erm\u00f6glicht Ihnen die freie Auswahl aus unserem Sortiment an Naturkosmetik und Duftkerzen.<\/li>\n<li>Unsere Produkte werden aus reinen und nat\u00fcrlichen Zutaten hergestellt, damit Sie die vollst\u00e4ndige Harmonie mit der Natur erleben k\u00f6nnen.<\/li>\n<li>Die von uns verwendeten \u00e4therischen \u00d6le bieten nicht nur sanfte Pflege, sondern auch ein entspannendes Erlebnis f\u00fcr die Seele.<\/li>\n<\/ul>\n<p><strong>Warum Sie unseren Geschenkgutschein w\u00e4hlen sollten:<\/strong><\/p>\n<ol>\n<li><strong>Luxuserlebnis<\/strong>: Dieser Gutschein ist nicht nur ein Geschenk, sondern eine Einladung zu einer Reise durch den Luxus der Welt nat\u00fcrlicher D\u00fcfte und Hautpflege.<\/li>\n<li><strong>Sicherheit und Nat\u00fcrlichkeit<\/strong>: Alle unsere Produkte sind sicher, frei von sch\u00e4dlichen Chemikalien und bieten das Beste, was die Natur Ihrer Haut und Seele bieten kann.<\/li>\n<li><strong>Personalisierte Erfahrung<\/strong>: Ihre Lieben haben die M\u00f6glichkeit, Produkte nach ihren W\u00fcnschen auszuw\u00e4hlen und so ein einzigartiges und personalisiertes Sch\u00f6nheitserlebnis zu schaffen.<\/li>\n<li><strong>Nachhaltigkeit<\/strong>: Indem Sie unsere Produkte unterst\u00fctzen, f\u00f6rdern Sie auch die Nachhaltigkeit. Alle unsere Produkte sind in umweltfreundlicher Verpackung erh\u00e4ltlich und tierversuchsfrei.<\/li>\n<li><strong>Entspannung und Wohlbefinden<\/strong>Dieser Geschenkgutschein bietet mehr als nur Produkte \u2013 er ist eine Einladung zu Momenten der Entspannung, Revitalisierung und Selbstf\u00fcrsorge.<\/li>\n<\/ol>\n<p>\u00dcberraschen Sie Ihre Liebsten mit diesem Geschenkgutschein und schenken Sie ihnen ein Pflegeerlebnis, das direkt aus dem Herzen der Natur kommt!<\/p>\n<p>&nbsp;<\/p>\n<p><strong>Entdecken Sie die Magie der Natur mit unserem Geschenkgutschein \u2013 das perfekte Geschenk f\u00fcr jeden Anlass!<\/strong><\/p>\n<p>Dies ist eine Einladung zu einer unwiderstehlichen Reise durch unsere Welt der nat\u00fcrlichen Sch\u00f6nheit, perfekt als Geschenk f\u00fcr jeden Anlass. Ob Sie den Internationalen Frauentag, Neujahr, Feiertage, Geburtstage feiern oder einfach jemandem eine Freude machen m\u00f6chten \u2013 unser Geschenkgutschein bietet wertvolle Wahlfreiheit. W\u00e4hlen Sie aus unserer luxuri\u00f6sen Linie nat\u00fcrlicher Kosmetik und bezaubernder Duftkerzen, alle aus reinen und nat\u00fcrlichen Zutaten gefertigt. Mit einem sicheren und nachhaltigen Ansatz f\u00fcr Sch\u00f6nheit ist dieser Gutschein das perfekte Geschenk, um ein personalisiertes Wellness-Erlebnis zu bieten \u2013 ein Erlebnis, das aus dem Herzen der Natur stammt. Verw\u00f6hnen Sie Ihre Liebsten mit etwas Besonderem und lassen Sie sie eine einzigartige Kombination aus Entspannung und Luxus f\u00fcr jeden besonderen Anlass genie\u00dfen.<\/p>","protected":false},"excerpt":{"rendered":"<hr \/>\n<p><strong>Entdecken Sie die Magie der Natur mit unserem Geschenkgutschein!<\/strong><\/p>\n<p>Dies ist eine Einladung zu einer unwiderstehlichen Reise durch unsere Welt der nat\u00fcrlichen Sch\u00f6nheit. Verschenken Sie die wertvolle Freiheit, zwischen unserer luxuri\u00f6sen Linie nat\u00fcrlicher Kosmetik und bezaubernden Duftkerzen zu w\u00e4hlen \u2013 alles hergestellt aus reinen, nat\u00fcrlichen Inhaltsstoffen. Mit einem sicheren und nachhaltigen Ansatz f\u00fcr Sch\u00f6nheit ist unser Gutschein das perfekte Geschenk, um ein personalisiertes Wellness-Erlebnis zu bieten \u2013 ein Moment des Wohlbefindens, der aus dem Herzen der Natur entsteht. Beschenken Sie Ihre Liebsten mit etwas ganz Besonderem und lassen Sie sie eine einzigartige Mischung aus Entspannung und Luxus genie\u00dfen.<\/p>","protected":false},"featured_media":4620,"comment_status":"open","ping_status":"closed","template":"","meta":{"wprm-recipe-roundup-name":"","wprm-recipe-roundup-description":""},"product_brand":[],"product_cat":[337,26,30],"product_tag":[363],"class_list":{"0":"post-11390","1":"product","2":"type-product","3":"status-publish","4":"has-post-thumbnail","6":"product_cat-poklon-setovi","7":"product_cat-aromaterapija","8":"product_cat-prirodna-kozmetika","9":"product_tag-poklon-vaucer","11":"first","12":"instock","13":"taxable","14":"shipping-taxable","15":"purchasable","16":"product-type-variable"},"_links":{"self":[{"href":"https:\/\/balavander.com\/de\/wp-json\/wp\/v2\/product\/11390","targetHints":{"allow":["GET"]}}],"collection":[{"href":"https:\/\/balavander.com\/de\/wp-json\/wp\/v2\/product"}],"about":[{"href":"https:\/\/balavander.com\/de\/wp-json\/wp\/v2\/types\/product"}],"replies":[{"embeddable":true,"href":"https:\/\/balavander.com\/de\/wp-json\/wp\/v2\/comments?post=11390"}],"wp:featuredmedia":[{"embeddable":true,"href":"https:\/\/balavander.com\/de\/wp-json\/wp\/v2\/media\/4620"}],"wp:attachment":[{"href":"https:\/\/balavander.com\/de\/wp-json\/wp\/v2\/media?parent=11390"}],"wp:term":[{"taxonomy":"product_brand","embeddable":true,"href":"https:\/\/balavander.com\/de\/wp-json\/wp\/v2\/product_brand?post=11390"},{"taxonomy":"product_cat","embeddable":true,"href":"https:\/\/balavander.com\/de\/wp-json\/wp\/v2\/product_cat?post=11390"},{"taxonomy":"product_tag","embeddable":true,"href":"https:\/\/balavander.com\/de\/wp-json\/wp\/v2\/product_tag?post=11390"}],"curies":[{"name":"wp","href":"https:\/\/api.w.org\/{rel}","templated":true}]}}