{"id":10673,"date":"2023-11-24T22:20:12","date_gmt":"2023-11-24T21:20:12","guid":{"rendered":"https:\/\/balavander.com\/?post_type=product&#038;p=10673"},"modified":"2026-04-17T12:52:10","modified_gmt":"2026-04-17T10:52:10","slug":"ze-ze-prirodni-sampon-od-koprive","status":"publish","type":"product","link":"https:\/\/balavander.com\/de\/prodavnica\/ze-ze-prirodni-sampon-od-koprive\/","title":{"rendered":"\u017de \u017de \u2013 Nat\u00fcrliches Brennnessel-Shampoo"},"content":{"rendered":"<div class=\"_xlr\">\n<h2>Brennnessel-Shampoo f\u00fcr die Pflege und den Glanz Ihres Haares!<\/h2>\n<p>&nbsp;<\/p>\n<p><strong>Anwendung:<\/strong><\/p>\n<p>Produkt f\u00fcr die pers\u00f6nliche Hygiene f\u00fcr alle Haut- und Haartypen.<br \/>\nDer Hauptzweck dieses nat\u00fcrlichen Brennnessel-Shampoos ist die nat\u00fcrliche Pflege und die F\u00f6rderung eines schnelleren Haarwachstums.<\/p>\n<p>&nbsp;<\/p>\n<p><strong>Gebrauchsanweisung:<br \/>\n<\/strong><br \/>\nVor Gebrauch an einem k\u00fchlen, trockenen Ort in der Originalverpackung aufbewahren.<br \/>\nDamit Ihre nat\u00fcrliche Seife l\u00e4nger h\u00e4lt, bewahren Sie sie nach der Verwendung an einem trockenen Ort auf.<\/p>\n<p class=\"translation-block\">Nat\u00fcrliche Shampoos bzw. nat\u00fcrliche Haarseifen sind viel ges\u00fcnder in der Anwendung als industrielle Seifen und Shampoos, da sie keine Zusatzstoffe und Chemikalien enthalten, sondern aus speziell ausgew\u00e4hlten nat\u00fcrlichen Zutaten hergestellt werden.\n<br>\nNeben der K\u00f6rperpflege ist es dank Rizinus\u00f6l und K\u00fcrbiskern\u00f6l auch f\u00fcr die Pflege der Kopfhaut und Haarwurzeln geeignet, da es gen\u00fcgend N\u00e4hrstoffe f\u00fcr ein schnelleres Haarwachstum liefert und bei der Bek\u00e4mpfung von Schuppen und Haarausfall hilft.<\/p>\n<p>Dieses nat\u00fcrliche Haarshampoo reinigt sanft Ihre Kopfhaut und Ihr Haar und bietet die notwendige Pflege und Schutz.<\/p>\n<p>&nbsp;<\/p>\n<p><strong>Zutaten<\/strong>:<br \/>\n\u2013 Unraffiniertes Oliven\u00f6l<br \/>\n\u2013 Palm\u00f6l<br \/>\n\u2013 Kokos\u00f6l<br \/>\n\u2013 Rizinus\u00f6l<br \/>\n\u2013K\u00fcrbiskern\u00f6l<br \/>\n- Gemahlene Brennnesselbl\u00e4tter<br \/>\n- Brennnessel-\u00c4therisches \u00d6l<br \/>\n\u2013 Mica-Kristalle<\/p>\n<p><strong><br \/>\nNettogewicht<\/strong>: 130g<\/p>\n<p><a class=\"button\" href=\"https:\/\/drive.google.com\/file\/d\/14QQqR-v8l_frj7FYjBwGFkiERVohFi_Z\/view?usp=sharing\" target=\"_blank\" rel=\"noopener\">Gebrauchsanweisung<\/a><\/p>\n<\/div>\n<p>&nbsp;<\/p>\n<h3>Was sind die Vorteile von nat\u00fcrlichem Haarshampoo?<\/h3>\n<div class=\"_xlr\">\n<p>Die Vorteile von nat\u00fcrlichen festen Shampoos sind zahlreich. Ohne viel nachzudenken, k\u00f6nnen wir sagen, dass sie Qualit\u00e4t, Praktikabilit\u00e4t und \u00f6kologische Vorteile bieten.<\/p>\n<p><strong>Qualit\u00e4t<\/strong>. Balavander stellt seine festen Shampoos ausschlie\u00dflich aus nat\u00fcrlichen pflanzlichen \u00d6len, pflanzlichen Buttern und \u00e4therischen \u00d6len her. Nat\u00fcrlich <a href=\"https:\/\/balavander.com\/de\/prodavnica\/pumpkin\/\">feste shampoos<\/a>\u00a0enthalten keine Konservierungsstoffe, Chemikalien und unerw\u00fcnschte Zusatzstoffe. Enthalten keine\u00a0<em>natriumlaurylsulfat<\/em>\u00a0(<strong>SLS<\/strong>), weshalb es das Haar nicht austrocknet oder besch\u00e4digt.<br \/>\nDa wir ausschlie\u00dflich pflanzliche inhaltsstoffe verwenden, sind feste nat\u00fcrliche shampoos auch f\u00fcr veganer geeignet.<\/p>\n<p>Nat\u00fcrliche feste Shampoos erzeugen einen reichhaltigen nat\u00fcrlichen Schaum, der das Haar reinigt und pflegt.<\/p>\n<p><strong>Praktikabilit\u00e4t<\/strong>. Sie sind einfach zu verwenden und auf das haar aufzutragen. reiben sie das nat\u00fcrliche shampoo auf das nasse haar, bis sie genug schaum zum waschen haben. legen sie das shampoo beiseite und fahren sie mit dem waschen wie gewohnt fort.<\/p>\n<p>Einige Leute verwenden unsere nat\u00fcrlichen Shampoos als K\u00f6rperseife oder sogar als Rasierseife, da sie einen reichhaltigen Schaum erzeugen.<\/p>\n<p>Nat\u00fcrliche feste Shampoos und nat\u00fcrliche Haarseifen sind wirtschaftlich und langlebig.<\/p>\n<p><strong>\u00d6kologische Vorteile<\/strong>. Sie verwenden keine Plastikverpackungen, w\u00e4hrend industrielle Shampoos fast ausschlie\u00dflich Plastikverpackungen verwenden. Sie sind klein in der Gr\u00f6\u00dfe, was die Versand- und Transportkosten reduziert. Sie sind extrem konzentriert, was bedeutet, dass weniger Produkt ben\u00f6tigt wird, um den gleichen Effekt wie bei industriellen Shampoos zu erzielen.<\/p>\n<p>&nbsp;<\/p>\n<\/div>\n<p><a href=\"https:\/\/balavander.com\/wp-content\/uploads\/2023\/11\/zeautozeautosamponautoodautokopriveauto2.jpg\"><img fetchpriority=\"high\" decoding=\"async\" class=\"aligncenter wp-image-12098 size-large\" src=\"https:\/\/balavander.com\/wp-content\/uploads\/2023\/11\/zeautozeautosamponautoodautokopriveauto2-1024x1024.jpg\" alt=\"sampon-od-koprive\" width=\"1024\" height=\"1024\" title=\"\" srcset=\"https:\/\/balavander.com\/wp-content\/uploads\/2023\/11\/zeautozeautosamponautoodautokopriveauto2-1024x1024.jpg 1024w, https:\/\/balavander.com\/wp-content\/uploads\/2023\/11\/zeautozeautosamponautoodautokopriveauto2-450x450.jpg 450w, https:\/\/balavander.com\/wp-content\/uploads\/2023\/11\/zeautozeautosamponautoodautokopriveauto2-100x100.jpg 100w, https:\/\/balavander.com\/wp-content\/uploads\/2023\/11\/zeautozeautosamponautoodautokopriveauto2-900x900.jpg 900w, https:\/\/balavander.com\/wp-content\/uploads\/2023\/11\/zeautozeautosamponautoodautokopriveauto2-300x300.jpg 300w, https:\/\/balavander.com\/wp-content\/uploads\/2023\/11\/zeautozeautosamponautoodautokopriveauto2-150x150.jpg 150w, https:\/\/balavander.com\/wp-content\/uploads\/2023\/11\/zeautozeautosamponautoodautokopriveauto2-768x768.jpg 768w, https:\/\/balavander.com\/wp-content\/uploads\/2023\/11\/zeautozeautosamponautoodautokopriveauto2-12x12.jpg 12w, https:\/\/balavander.com\/wp-content\/uploads\/2023\/11\/zeautozeautosamponautoodautokopriveauto2-75x75.jpg 75w, https:\/\/balavander.com\/wp-content\/uploads\/2023\/11\/zeautozeautosamponautoodautokopriveauto2-500x500.jpg 500w, https:\/\/balavander.com\/wp-content\/uploads\/2023\/11\/zeautozeautosamponautoodautokopriveauto2.jpg 1080w\" sizes=\"(max-width: 1024px) 100vw, 1024px\" \/><\/a><\/p>\n<div class=\"_xlr\">\n<h3>Wie benutzt man festes Brennnessel-Shampoo f\u00fcr die Haare?<\/h3>\n<p>Um maximale Ergebnisse zu erzielen, empfehlen wir die Verwendung von <strong>Brennnessel-Shampoo<\/strong> mindestens zweimal pro Woche.<br \/>\nTragen Sie das Shampoo auf das nasse Haar auf, massieren Sie die Kopfhaut sanft mit kreisenden Bewegungen, um die Durchblutung zu f\u00f6rdern, und sp\u00fclen Sie es dann gr\u00fcndlich aus.<br \/>\nF\u00fcr einen noch besseren Effekt k\u00f6nnen Sie das Shampoo mit einem nat\u00fcrlichen Conditioner oder Haarserum kombinieren.<\/p>\n<p>Wenn Sie bisher nur industrielle fl\u00fcssige Shampoos verwendet haben, wird es Ihnen wahrscheinlich ein wenig seltsam vorkommen, etwas anderes zu verwenden.<br \/>\nEs dauert nicht allzu lange, dieses Gef\u00fchl aus dem Kopf zu bekommen. Nat\u00fcrlich gibt es eine gewisse \u00dcbergangszeit, die bei jeder Gewohnheit, die wir haben und entwickeln, \u00fcblich ist.<\/p>\n<p><a href=\"https:\/\/balavander.com\/de\/prodavnica\/pumpkin\/\">Feste Shampoos f\u00fcr die Haare<\/a>\u00a0sind eigentlich konzentrierte nat\u00fcrliche Seifen. Sie werden bei Kontakt mit warmem Wasser aktiviert.<br \/>\nSie k\u00f6nnen Schaum erzeugen, indem Sie das Shampoo in Ihren H\u00e4nden reiben oder es direkt auf das nasse Haar auftragen.<br \/>\nSie werden bemerken, dass sich sofort ein dichter und cremiger Schaum bildet.<\/p>\n<p>Nach dem Waschen der Haare legen Sie das Shampoo in die Originalverpackung, damit es trocknet und seine Haltbarkeit verl\u00e4ngert wird.<\/p>\n<\/div>\n<p>Erfahren Sie mehr \u00fcber nat\u00fcrliche feste Shampoos und die richtige Anwendung in <a href=\"https:\/\/balavander.com\/de\/cvrsti-sampon-zasto\/\">gebrauchsanweisung<\/a>.<\/p>\n<h3><strong>Nat\u00fcrlicher Brennnessel-Shampoo f\u00fcr Haarwachstum<\/strong><\/h3>\n<p>Wenn Sie nach einer L\u00f6sung f\u00fcr ges\u00fcnderes, st\u00e4rkeres und dichteres Haar suchen, unser <strong>Brennnessel-Shampoo<\/strong> ist eine ideale Wahl. Dieses nat\u00fcrliche Produkt, reich an Brennnesselextrakt, wurde so formuliert, dass es das Haarwachstum auf nat\u00fcrliche Weise anregt, es n\u00e4hrt und von der Wurzel bis zu den Spitzen st\u00e4rkt.<\/p>\n<h3>Was macht Brennnessel-Shampoo besonders?<\/h3>\n<p><strong>Brennnessel<\/strong> ist seit langem f\u00fcr ihre wohltuenden Wirkungen auf das Haar bekannt. Ihr Extrakt ist reich an Vitaminen, Mineralien und Antioxidantien, die direkt auf die Haarfollikel wirken, sie st\u00e4rken und ein schnelleres Wachstum f\u00f6rdern. <strong>Brennnessel-Shampoo<\/strong> hilft nicht nur beim Haarwachstum, sondern reinigt auch die Kopfhaut tiefenwirksam, verbessert die Durchblutung und gleicht die Talgproduktion aus, was entscheidend f\u00fcr die Gesundheit der Kopfhaut und die Verhinderung von Haarausfall ist.<\/p>\n<h3>Vorteile des \u017de \u017de Brennnessel-Shampoos<\/h3>\n<p>Unsere Formel enth\u00e4lt keine sch\u00e4dlichen Chemikalien wie Sulfate, Parabene und Silikone, wodurch eine sanfte Pflege gew\u00e4hrleistet wird, die das Haar nicht austrocknet. Stattdessen, <strong>Brennnessel-Shampoo<\/strong> bietet folgende Vorteile:<\/p>\n<ul>\n<li><strong>Nat\u00fcrlicher Schub f\u00fcr das Haarwachstum<\/strong> \u2013 Brennnessel ist daf\u00fcr bekannt, die Haarfollikel zu st\u00e4rken und neues Wachstum anzuregen.<\/li>\n<li><strong>Tiefenhydration<\/strong> \u2013 Pflanzliche Inhaltsstoffe spenden intensive Feuchtigkeit und machen das Haar weicher und gl\u00e4nzender.<\/li>\n<li><strong>Saubere Kopfhaut<\/strong> \u2013 Bei regelm\u00e4\u00dfiger Anwendung reinigt das Shampoo die Poren der Kopfhaut, hilft bei der Beseitigung von Schuppen und reduziert Entz\u00fcndungen.<\/li>\n<li><strong>Verhindert Haarausfall<\/strong> \u2013 Aktive Inhaltsstoffe aus Brennnessel reduzieren \u00fcberm\u00e4\u00dfigen Haarausfall und st\u00e4rken gleichzeitig das vorhandene Haar.<\/li>\n<\/ul>\n<h3>Nat\u00fcrliche Pflege ohne Kompromisse<\/h3>\n<p><strong>Brennnessel-Shampoo<\/strong> ist perfekt f\u00fcr alle Haartypen, einschlie\u00dflich empfindliches oder zu Haarausfall neigendes Haar.<br \/>\nDank milder, aber effektiver Inhaltsstoffe hilft es, das nat\u00fcrliche Gleichgewicht der Kopfhaut zu bewahren.<br \/>\nUnabh\u00e4ngig davon, ob Sie feines, fettiges oder trockenes Haar haben, bietet das Shampoo optimale Ergebnisse und langfristige Pflege.<\/p>","protected":false},"excerpt":{"rendered":"<p>Entdecken Sie das Geheimnis von gesundem und wachsendem Haar; unser nat\u00fcrlicher Brennnessel-Shampoo zur F\u00f6rderung des Haarwachstums ist f\u00fcr Sie da!<br \/>\nMit sorgf\u00e4ltig ausgew\u00e4hlten nat\u00fcrlichen Inhaltsstoffen formuliert, bietet dieses feste Brennnessel-Shampoo alles, was Sie f\u00fcr gest\u00e4rktes, vitales Haar ben\u00f6tigen.<\/p>\n<p>Nat\u00fcrliche Inhaltsstoffe wie unraffiniertes Oliven\u00f6l, Palm\u00f6l, Kokos\u00f6l, Rizinus\u00f6l, K\u00fcrbiskern\u00f6l, gemahlene Brennnesselbl\u00e4tter, Brennnessel-\u00c4therisches \u00d6l und Mica-Kristalle machen dieses Shampoo ideal f\u00fcr alle Haut- und Haartypen. Reich an N\u00e4hrstoffen reinigt unser Shampoo sanft die Kopfhaut und bietet die notwendige Pflege und Schutz.<\/p>\n<p>Mit einem Nettogewicht von <strong>130 g<\/strong>, Dieses kosteng\u00fcnstige Produkt unterst\u00fctzt nicht nur das Haarwachstum, sondern bietet auch praktische und \u00f6kologische Vorteile. Frei von sch\u00e4dlichen Zus\u00e4tzen und Chemikalien ist unser Brennnessel-Shampoo vegan-freundlich und erzeugt einen reichhaltigen nat\u00fcrlichen Schaum, der das Haar reinigt und pflegt.<\/p>\n<p>Sp\u00fcren Sie den Unterschied in Qualit\u00e4t, Praktikabilit\u00e4t und \u00f6kologischen Vorteilen mit unserem nat\u00fcrlichen Shampoo. Lassen Sie Ihr Haar mit Gesundheit und Vitalit\u00e4t erstrahlen, unterst\u00fctzt durch unser speziell formuliertes Brennnessel-Shampoo f\u00fcr Haarwachstum.<\/p>","protected":false},"featured_media":16495,"comment_status":"open","ping_status":"closed","template":"","meta":{"wprm-recipe-roundup-name":"","wprm-recipe-roundup-description":""},"product_brand":[],"product_cat":[427,80,93,30,95],"product_tag":[],"class_list":{"0":"post-10673","1":"product","2":"type-product","3":"status-publish","4":"has-post-thumbnail","6":"product_cat-prirodni-sampon","7":"product_cat-cvrsti-sampon-za-kosu","8":"product_cat-nega-kose","9":"product_cat-prirodna-kozmetika","10":"product_cat-veganska-kozmetika","12":"first","13":"instock","14":"taxable","15":"shipping-taxable","16":"purchasable","17":"product-type-simple"},"_links":{"self":[{"href":"https:\/\/balavander.com\/de\/wp-json\/wp\/v2\/product\/10673","targetHints":{"allow":["GET"]}}],"collection":[{"href":"https:\/\/balavander.com\/de\/wp-json\/wp\/v2\/product"}],"about":[{"href":"https:\/\/balavander.com\/de\/wp-json\/wp\/v2\/types\/product"}],"replies":[{"embeddable":true,"href":"https:\/\/balavander.com\/de\/wp-json\/wp\/v2\/comments?post=10673"}],"wp:featuredmedia":[{"embeddable":true,"href":"https:\/\/balavander.com\/de\/wp-json\/wp\/v2\/media\/16495"}],"wp:attachment":[{"href":"https:\/\/balavander.com\/de\/wp-json\/wp\/v2\/media?parent=10673"}],"wp:term":[{"taxonomy":"product_brand","embeddable":true,"href":"https:\/\/balavander.com\/de\/wp-json\/wp\/v2\/product_brand?post=10673"},{"taxonomy":"product_cat","embeddable":true,"href":"https:\/\/balavander.com\/de\/wp-json\/wp\/v2\/product_cat?post=10673"},{"taxonomy":"product_tag","embeddable":true,"href":"https:\/\/balavander.com\/de\/wp-json\/wp\/v2\/product_tag?post=10673"}],"curies":[{"name":"wp","href":"https:\/\/api.w.org\/{rel}","templated":true}]}}