{"id":10627,"date":"2023-11-16T23:25:39","date_gmt":"2023-11-16T22:25:39","guid":{"rendered":"https:\/\/balavander.com\/?post_type=product&#038;p=10627"},"modified":"2026-04-20T04:37:23","modified_gmt":"2026-04-20T02:37:23","slug":"korporativni-set-7","status":"publish","type":"product","link":"https:\/\/balavander.com\/de\/prodavnica\/korporativni-set-7\/","title":{"rendered":"Geschenkset \u2013 Aromance"},"content":{"rendered":"<div class=\"flex-1 overflow-hidden\">\n<div class=\"react-scroll-to-bottom--css-krajf-79elbk h-full\">\n<div class=\"react-scroll-to-bottom--css-krajf-1n7m0yu\">\n<div class=\"flex flex-col pb-9 text-sm\">\n<div class=\"w-full text-token-text-primary\" data-testid=\"conversation-turn-5\">\n<div class=\"px-4 py-2 justify-center text-base md:gap-6 m-auto\">\n<div class=\"flex flex-1 text-base mx-auto gap-3 md:px-5 lg:px-1 xl:px-5 md:max-w-3xl lg:max-w-[40rem] xl:max-w-[48rem] group final-completion\">\n<div class=\"relative flex w-full flex-col lg:w-[calc(100%-115px)] agent-turn\">\n<div class=\"flex-col gap-1 md:gap-3\">\n<div class=\"flex flex-grow flex-col max-w-full\">\n<div class=\"min-h-[20px] text-message flex flex-col items-start gap-3 whitespace-pre-wrap break-words [.text-message+&amp;]:mt-5 overflow-x-auto\" data-message-author-role=\"assistant\" data-message-id=\"bd2caaa6-f1a5-475f-95f6-a71ac0cf0a13\">\n<div class=\"markdown prose w-full break-words dark:prose-invert dark\">\n<h2 class=\"mb-2 whitespace-pre-line last:mb-0\" data-sentry-component=\"P\" data-sentry-source-file=\"p.tsx\"><strong>Poklon Set Aromance &#8211; Putovanje kroz Svet Prirodnih Mirisa<\/strong><\/h2>\n<div data-sentry-component=\"P\" data-sentry-source-file=\"p.tsx\"><\/div>\n<div class=\"mb-2 whitespace-pre-line last:mb-0\" data-sentry-component=\"P\" data-sentry-source-file=\"p.tsx\">Otkrijte \u010daroliju aromaterapije sa Poklon Setom Aromance, koji spaja elegantni <strong>Wood Scent XL drveni difuzer sa pet pa\u017eljivo odabranih Eco Blend proizvoda<\/strong>.<br \/>\nOvaj set je stvoren za sve koji veruju da pravi luksuz le\u017ei u prirodnim mirisima koji transformi\u0161u prostor u oazu mira i harmonije.<\/div>\n<div data-sentry-component=\"P\" data-sentry-source-file=\"p.tsx\"><\/div>\n<div class=\"mb-2 whitespace-pre-line last:mb-0\" data-sentry-component=\"P\" data-sentry-source-file=\"p.tsx\"><strong>\u0160ta \u010dini Aromance poklon set posebnim?<\/strong><\/div>\n<div class=\"mb-2 whitespace-pre-line last:mb-0\" data-sentry-component=\"P\" data-sentry-source-file=\"p.tsx\">\ud83c\udf3f <strong>Wood Scent XL Difuzer<\/strong> &#8211; Ru\u010dno izra\u0111en drveni difuzer ve\u0107ih dimenzija, bez potrebe za strujom ili plamenom, savr\u0161en za ve\u0107e prostorije<\/div>\n<div class=\"mb-2 whitespace-pre-line last:mb-0\" data-sentry-component=\"P\" data-sentry-source-file=\"p.tsx\">\u2728 <strong>Pet Eco Blend Mirisa<\/strong> &#8211; Jedinstveni blendovi eteri\u010dnih ulja, svaki sa svojom aromom koja pri\u010da pri\u010du o prirodi i ru\u010dnom radu<\/div>\n<div class=\"mb-2 whitespace-pre-line last:mb-0\" data-sentry-component=\"P\" data-sentry-source-file=\"p.tsx\">\ud83c\udf81 <strong>Kompletno Iskustvo<\/strong> &#8211; Sve \u0161to vam je potrebno za po\u010detak aromaterapijskog putovanja u jednom elegantnom paketu<\/div>\n<div data-sentry-component=\"P\" data-sentry-source-file=\"p.tsx\"><\/div>\n<div class=\"mb-2 whitespace-pre-line last:mb-0\" data-sentry-component=\"P\" data-sentry-source-file=\"p.tsx\"><strong>Za koga je Aromance poklon set?<\/strong><\/div>\n<div class=\"mb-2 whitespace-pre-line last:mb-0\" data-sentry-component=\"P\" data-sentry-source-file=\"p.tsx\">Savr\u0161en poklon za ljubitelje prirodnih mirisa, one koji cene kvalitet ru\u010dno ra\u0111enih proizvoda i sve koji \u017eele da svoj dom pretvore u prostor za opu\u0161tanje i regeneraciju. Idealan za po\u010detak aromaterapijskog putovanja ili pro\u0161irenje postoje\u0107e kolekcije.<\/div>\n<div data-sentry-component=\"P\" data-sentry-source-file=\"p.tsx\"><\/div>\n<div class=\"mb-2 whitespace-pre-line last:mb-0\" data-sentry-component=\"P\" data-sentry-source-file=\"p.tsx\"><strong>Na\u010din kori\u0161\u0107enja:<\/strong><\/div>\n<div class=\"mb-2 whitespace-pre-line last:mb-0\" data-sentry-component=\"P\" data-sentry-source-file=\"p.tsx\">Jednostavno nakapajte 3-5 kapi odabranog Eco Blend ulja na drveni ulo\u017eak difuzera i u\u017eivajte u dugotrajnom, prirodnom mirisu koji \u0107e ispuniti va\u0161 prostor.<\/div>\n<\/div>\n<\/div>\n<\/div>\n<\/div>\n<\/div>\n<\/div>\n<\/div>\n<\/div>\n<\/div>\n<\/div>\n<\/div>\n<\/div>\n<h4><strong>Eco Blend \u2013 Prirodni blendovi eteri\u010dnih ulja za difuzere<\/strong><\/h4>\n<div style=\"text-align: center;\"><iframe title=\"YouTube video player\" src=\"https:\/\/www.youtube.com\/embed\/cfRuN1P1KUA?si=Wsz9Y4RsGW93H-lI\" width=\"560\" height=\"315\" frameborder=\"0\" allowfullscreen=\"allowfullscreen\"><\/iframe><\/div>\n<div><\/div>\n<div>\n<h4><strong>Wood Scent \u2013 Drveni difuzer za eteri\u010dna ulja<\/strong><\/h4>\n<\/div>\n<div style=\"text-align: center;\">\n<p><iframe title=\"YouTube video player\" src=\"https:\/\/www.youtube.com\/embed\/Tu89htg-Kw8?si=umNpeZdSijbdWt1A\" width=\"560\" height=\"315\" frameborder=\"0\" allowfullscreen=\"allowfullscreen\"><\/iframe><\/p>\n<\/div>\n","protected":false},"excerpt":{"rendered":"<p><strong>Geschenkset Aromance<\/strong> kombiniert den eleganten Wood Scent XL Holz-Diffusor mit f\u00fcnf verschiedenen Eco Blend Produkten aus \u00e4therischen \u00d6len.<br \/>\nDie perfekte Kombination f\u00fcr Liebhaber nat\u00fcrlicher D\u00fcfte und der Aromatherapie, die ihr Zuhause in eine Oase der Ruhe verwandeln m\u00f6chten.<br \/>\nEin komplettes Aromatherapie-Erlebnis in einem eleganten Paket \u2013 kein Strom, keine Flamme, nur reine Natur.<\/p>\n<p>Sorgf\u00e4ltig ausgew\u00e4hlte Kombinationen \u00e4therischer \u00d6le erm\u00f6glichen es Ihnen, die Atmosph\u00e4re Ihres Raumes individuell zu gestalten \u2013 von entspannenden bis hin zu erfrischenden Noten. Das minimalistische Design des Diffusors f\u00fcgt sich perfekt in jedes Interieur ein und verleiht ihm W\u00e4rme und nat\u00fcrliche Eleganz. Ideal als Geschenk oder als kleiner Luxus, der Ihren Alltag in einen Ort der Balance und des Genusses verwandelt.<\/p>","protected":false},"featured_media":16640,"comment_status":"open","ping_status":"closed","template":"","meta":{"wprm-recipe-roundup-name":"","wprm-recipe-roundup-description":""},"product_brand":[],"product_cat":[337,26,136],"product_tag":[347,346],"class_list":{"0":"post-10627","1":"product","2":"type-product","3":"status-publish","4":"has-post-thumbnail","6":"product_cat-poklon-setovi","7":"product_cat-aromaterapija","8":"product_cat-osvezivac-vazduha","9":"product_tag-korporativni-poklon","10":"product_tag-novogodisnji-poklon","12":"first","13":"instock","14":"sale","15":"taxable","16":"shipping-taxable","17":"purchasable","18":"product-type-simple"},"_links":{"self":[{"href":"https:\/\/balavander.com\/de\/wp-json\/wp\/v2\/product\/10627","targetHints":{"allow":["GET"]}}],"collection":[{"href":"https:\/\/balavander.com\/de\/wp-json\/wp\/v2\/product"}],"about":[{"href":"https:\/\/balavander.com\/de\/wp-json\/wp\/v2\/types\/product"}],"replies":[{"embeddable":true,"href":"https:\/\/balavander.com\/de\/wp-json\/wp\/v2\/comments?post=10627"}],"wp:featuredmedia":[{"embeddable":true,"href":"https:\/\/balavander.com\/de\/wp-json\/wp\/v2\/media\/16640"}],"wp:attachment":[{"href":"https:\/\/balavander.com\/de\/wp-json\/wp\/v2\/media?parent=10627"}],"wp:term":[{"taxonomy":"product_brand","embeddable":true,"href":"https:\/\/balavander.com\/de\/wp-json\/wp\/v2\/product_brand?post=10627"},{"taxonomy":"product_cat","embeddable":true,"href":"https:\/\/balavander.com\/de\/wp-json\/wp\/v2\/product_cat?post=10627"},{"taxonomy":"product_tag","embeddable":true,"href":"https:\/\/balavander.com\/de\/wp-json\/wp\/v2\/product_tag?post=10627"}],"curies":[{"name":"wp","href":"https:\/\/api.w.org\/{rel}","templated":true}]}}