{"id":10601,"date":"2023-11-16T23:15:07","date_gmt":"2023-11-16T22:15:07","guid":{"rendered":"https:\/\/balavander.com\/?post_type=product&#038;p=10601"},"modified":"2026-04-24T03:14:38","modified_gmt":"2026-04-24T01:14:38","slug":"korporativni-set-3","status":"publish","type":"product","link":"https:\/\/balavander.com\/de\/prodavnica\/korporativni-set-3\/","title":{"rendered":"Korporatives Geschenkset \u2013 Balance"},"content":{"rendered":"<h3><strong>Firmen-<\/strong> Geschenkset Eleganz und Aufmerksamkeit auf den ersten Blick<\/h3>\n<p>Willkommen in der Welt der Firmengeschenke, die einen bleibenden Eindruck hinterlassen!<br \/>\nUnser <strong>Firmen-<\/strong><strong>\u00a0Geschenkset<\/strong> ist die perfekte M\u00f6glichkeit, Dankbarkeit und Unterst\u00fctzung auszudr\u00fccken oder Teamerfolge und Gesch\u00e4ftspartner auf raffinierte und personalisierte Weise zu belohnen.<\/p>\n<h4>Was k\u00f6nnen Sie erwarten?<\/h4>\n<p><strong>Ausgew\u00e4hlte Premium-Produkte:<\/strong> Unser Set kombiniert Produkte h\u00f6chster Qualit\u00e4t, sorgf\u00e4ltig ausgew\u00e4hlt, um ein einzigartiges Erlebnis zu schaffen.\nVon Naturkosmetik und handgefertigten Seifen bis hin zu luxuri\u00f6sen Duftkerzen tr\u00e4gt jedes Detail zu einem unvergesslichen Eindruck bei.<\/p>\n<p><strong>Personalisierung nach Ihren Bed\u00fcrfnissen:<\/strong> Unser Team bietet Geschenkpersonalisierungsdienste an, einschlie\u00dflich Branding mit Ihrem Logo, Farben und Botschaften.\nAuf diese Weise spiegelt Ihr Geschenk nicht nur ein hohes Ma\u00df an Professionalit\u00e4t wider, sondern hinterl\u00e4sst auch einen bleibenden Eindruck beim Empf\u00e4nger.<\/p>\n<h4>Warum unser <strong>Firmen-<\/strong> Geschenkset w\u00e4hlen?<\/h4>\n<p><strong>St\u00e4rkung der Beziehungen:<\/strong> Ob Sie Partnern, Mitarbeitern oder Kunden schenken, unser Set ist der perfekte Weg, um Aufmerksamkeit und Dankbarkeit zu zeigen.\nDieses Set verbessert nicht nur Ihre Marke, sondern baut auch st\u00e4rkere Gesch\u00e4ftsbeziehungen auf.<\/p>\n<p><strong>Hohe Qualit\u00e4t und Professionalit\u00e4t:<\/strong> Alle Produkte sind aus nat\u00fcrlichen Inhaltsstoffen h\u00f6chster Qualit\u00e4t hergestellt und bieten ein Gef\u00fchl von Luxus und Aufmerksamkeit.\nMit unserem Personalisierungsservice k\u00f6nnen Sie sicher sein, dass jedes Geschenk Ihre Gesch\u00e4ftswerte widerspiegelt.<\/p>\n<p><strong>Flexibilit\u00e4t und Anpassungsf\u00e4higkeit:<\/strong> Unser Firmengeschenkset kann an verschiedene Bed\u00fcrfnisse, Anl\u00e4sse oder Budgets angepasst werden, sodass Sie Ihr Geschenk entsprechend den spezifischen Anforderungen des Unternehmens personalisieren k\u00f6nnen.<\/p>\n<h4>Was enth\u00e4lt das Set?<\/h4>\n<ul>\n<li>Nat\u00fcrlicher Lippenbalsam<\/li>\n<li>Handgefertigte Seife<\/li>\n<li>Handgefertigtes Haarshampoo<\/li>\n<li>Nat\u00fcrliches Hydrolat f\u00fcr die Hautpflege<\/li>\n<li>Lavandin Hautpflege-Serum<\/li>\n<\/ul>\n<h4>Wie bestellen?<\/h4>\n<p>Die Bestellung unseres <strong>Firmen-<\/strong><strong>\u00a0Geschenksets<\/strong> ist einfach.\nF\u00fcgen Sie das Produkt zum Warenkorb hinzu oder kontaktieren Sie uns direkt f\u00fcr personalisierte Anfragen.\nUnser Team ist hier, um sicherzustellen, dass jedes Detail Ihres Geschenks perfekt ist.<\/p>\n<h4>Hinweis:<\/h4>\n<p>Der Inhalt des Pakets kann je nach Ihren W\u00fcnschen oder der Marke, die Sie repr\u00e4sentieren, variieren.\nWenn Sie spezifische Anforderungen haben, geben Sie diese bitte w\u00e4hrend der Bestellung an, und unser Team wird daf\u00fcr sorgen, dass alles nach Ihren W\u00fcnschen erfolgt.<\/p>","protected":false},"excerpt":{"rendered":"<p>Entdecken Sie unser Angebot an Naturkosmetik, die Frische und Qualit\u00e4t in die t\u00e4gliche Pflege bringt.<br \/>\nUnsere Produkte, hergestellt aus den feinsten nat\u00fcrlichen Inhaltsstoffen, helfen bei der Erhaltung gesunder und sch\u00f6ner Haut, w\u00e4hrend sie sich um Ihre Gesundheit und die Umwelt k\u00fcmmern.<br \/>\nWir bieten personalisierte Firmengeschenke an, einschlie\u00dflich der Option, Ihr Logo auf der Verpackung anzubringen, was eine ideale M\u00f6glichkeit ist, Ihr Engagement f\u00fcr Qualit\u00e4t und Nachhaltigkeit zu zeigen.<\/p>","protected":false},"featured_media":16741,"comment_status":"open","ping_status":"closed","template":"","meta":{"wprm-recipe-roundup-name":"","wprm-recipe-roundup-description":""},"product_brand":[],"product_cat":[337,30],"product_tag":[347,346,359,438],"class_list":{"0":"post-10601","1":"product","2":"type-product","3":"status-publish","4":"has-post-thumbnail","6":"product_cat-poklon-setovi","7":"product_cat-prirodna-kozmetika","8":"product_tag-korporativni-poklon","9":"product_tag-novogodisnji-poklon","10":"product_tag-poklon-za-8-mart","11":"product_tag-poklon-za-dan-zaljubljenih","13":"first","14":"instock","15":"sale","16":"taxable","17":"shipping-taxable","18":"purchasable","19":"product-type-simple"},"_links":{"self":[{"href":"https:\/\/balavander.com\/de\/wp-json\/wp\/v2\/product\/10601","targetHints":{"allow":["GET"]}}],"collection":[{"href":"https:\/\/balavander.com\/de\/wp-json\/wp\/v2\/product"}],"about":[{"href":"https:\/\/balavander.com\/de\/wp-json\/wp\/v2\/types\/product"}],"replies":[{"embeddable":true,"href":"https:\/\/balavander.com\/de\/wp-json\/wp\/v2\/comments?post=10601"}],"wp:featuredmedia":[{"embeddable":true,"href":"https:\/\/balavander.com\/de\/wp-json\/wp\/v2\/media\/16741"}],"wp:attachment":[{"href":"https:\/\/balavander.com\/de\/wp-json\/wp\/v2\/media?parent=10601"}],"wp:term":[{"taxonomy":"product_brand","embeddable":true,"href":"https:\/\/balavander.com\/de\/wp-json\/wp\/v2\/product_brand?post=10601"},{"taxonomy":"product_cat","embeddable":true,"href":"https:\/\/balavander.com\/de\/wp-json\/wp\/v2\/product_cat?post=10601"},{"taxonomy":"product_tag","embeddable":true,"href":"https:\/\/balavander.com\/de\/wp-json\/wp\/v2\/product_tag?post=10601"}],"curies":[{"name":"wp","href":"https:\/\/api.w.org\/{rel}","templated":true}]}}