{"id":10463,"date":"2023-10-25T23:21:50","date_gmt":"2023-10-25T21:21:50","guid":{"rendered":"https:\/\/balavander.com\/?post_type=product&#038;p=10463"},"modified":"2026-04-20T03:14:12","modified_gmt":"2026-04-20T01:14:12","slug":"eco-glow-coffee-dream-mirisna-sveca","status":"publish","type":"product","link":"https:\/\/balavander.com\/de\/prodavnica\/eco-glow-coffee-dream-mirisna-sveca\/","title":{"rendered":"Eco Glow - Coffee Dream - Duftkerze"},"content":{"rendered":"<p><strong>Eco Glow Coffee Dream <\/strong>ist eine Duftkerze aus 100 % nat\u00fcrlichem Sojawachs in einer Aluminiumdose.<br \/>\nIhr Duft l\u00e4sst sich als verf\u00fchrerisches Aroma von Kaffee mit einer Note von Cappuccino beschreiben. Das echte Erlebnis des ersten Kaffees am Morgen.<\/p>\n<p>Sojakerzen sind viel sicherer und viel ges\u00fcnder als gew\u00f6hnliche Kerzen, weil sie aus pflanzlichem Wachs hergestellt sind, das keine krebserregenden Partikel enth\u00e4lt, daher sind sie auch f\u00fcr Veganer geeignet.<\/p>\n<p>Die Brenndauer ist auch viel l\u00e4nger als bei gew\u00f6hnlichen Kerzen.<\/p>\n<p>&nbsp;<\/p>\n<p><strong>Inhaltsstoffe:<\/strong><br \/>\n\u2013 Zwei Holzdochte<br \/>\n\u2013 100% Sojawachs<br \/>\n\u2013 Kaffee-Duft\u00f6l<br \/>\n\u2013 Cappuccino-Duft\u00f6l<br \/>\n\u2013 Aluminiumdose<\/p>\n<p>Netto: <strong>140 g<br \/>\n<\/strong>Brenndauer: <strong>30+ Stunden<\/strong><\/p>","protected":false},"excerpt":{"rendered":"<p><strong>Eco Glow Coffee Dream<\/strong> Sie verleiht die Magie einer Duftkerze aus 100% Sojawachs. Genie\u00dfen Sie die verf\u00fchrerische Mischung aus Kaffee- und Cappuccino-Aromen. Diese vegane Option bietet \u00fcber 30 Stunden Brenndauer und sorgt f\u00fcr langanhaltendes Vergn\u00fcgen.<\/p>\n<p>Mit Zutaten wie Holzdochten, Sojawachs und Duft\u00f6len, verpackt in einer eleganten Aluminiumdose, schafft sie ein anspruchsvolles Ambiente. Verw\u00f6hnen Sie Ihre Sinne mit Eco Glow Coffee Dream und genie\u00dfen Sie nat\u00fcrlichen Luxus sowie ein langanhaltendes Dufterlebnis.<\/p>","protected":false},"featured_media":10462,"comment_status":"open","ping_status":"closed","template":"","meta":{"wprm-recipe-roundup-name":"","wprm-recipe-roundup-description":""},"product_brand":[],"product_cat":[28,26,95],"product_tag":[148],"class_list":{"0":"post-10463","1":"product","2":"type-product","3":"status-publish","4":"has-post-thumbnail","6":"product_cat-mirisne-svece-od-sojinog-voska","7":"product_cat-aromaterapija","8":"product_cat-veganska-kozmetika","9":"product_tag-mirisne-svece","11":"first","12":"instock","13":"taxable","14":"shipping-taxable","15":"purchasable","16":"product-type-simple"},"_links":{"self":[{"href":"https:\/\/balavander.com\/de\/wp-json\/wp\/v2\/product\/10463","targetHints":{"allow":["GET"]}}],"collection":[{"href":"https:\/\/balavander.com\/de\/wp-json\/wp\/v2\/product"}],"about":[{"href":"https:\/\/balavander.com\/de\/wp-json\/wp\/v2\/types\/product"}],"replies":[{"embeddable":true,"href":"https:\/\/balavander.com\/de\/wp-json\/wp\/v2\/comments?post=10463"}],"wp:featuredmedia":[{"embeddable":true,"href":"https:\/\/balavander.com\/de\/wp-json\/wp\/v2\/media\/10462"}],"wp:attachment":[{"href":"https:\/\/balavander.com\/de\/wp-json\/wp\/v2\/media?parent=10463"}],"wp:term":[{"taxonomy":"product_brand","embeddable":true,"href":"https:\/\/balavander.com\/de\/wp-json\/wp\/v2\/product_brand?post=10463"},{"taxonomy":"product_cat","embeddable":true,"href":"https:\/\/balavander.com\/de\/wp-json\/wp\/v2\/product_cat?post=10463"},{"taxonomy":"product_tag","embeddable":true,"href":"https:\/\/balavander.com\/de\/wp-json\/wp\/v2\/product_tag?post=10463"}],"curies":[{"name":"wp","href":"https:\/\/api.w.org\/{rel}","templated":true}]}}