{"id":3814,"date":"2021-09-10T23:32:54","date_gmt":"2021-09-10T21:32:54","guid":{"rendered":"https:\/\/balavander.com\/?page_id=3814"},"modified":"2025-01-14T11:53:06","modified_gmt":"2025-01-14T10:53:06","slug":"povracaj-novca","status":"publish","type":"page","link":"https:\/\/balavander.com\/de\/povracaj-novca\/","title":{"rendered":"R\u00fcckerstattungsbedingungen"},"content":{"rendered":"<div data-elementor-type=\"wp-page\" data-elementor-id=\"3814\" class=\"elementor elementor-3814\">\n\t\t\t\t\t\t<section class=\"elementor-section elementor-top-section elementor-element elementor-element-ce1c6ad elementor-section-boxed elementor-section-height-default elementor-section-height-default elementor-invisible\" data-id=\"ce1c6ad\" data-element_type=\"section\" data-e-type=\"section\" data-settings=\"{&quot;background_background&quot;:&quot;classic&quot;,&quot;animation&quot;:&quot;fadeIn&quot;}\">\n\t\t\t\t\t\t\t<div class=\"elementor-background-overlay\"><\/div>\n\t\t\t\t\t\t\t<div class=\"elementor-container elementor-column-gap-default\">\n\t\t\t\t\t<div class=\"elementor-column elementor-col-100 elementor-top-column elementor-element elementor-element-5180560\" data-id=\"5180560\" data-element_type=\"column\" data-e-type=\"column\">\n\t\t\t<div class=\"elementor-widget-wrap elementor-element-populated\">\n\t\t\t\t\t\t<div class=\"elementor-element elementor-element-5f61d50 elementor-widget elementor-widget-text-editor\" data-id=\"5f61d50\" data-element_type=\"widget\" data-e-type=\"widget\" data-widget_type=\"text-editor.default\">\n\t\t\t\t<div class=\"elementor-widget-container\">\n\t\t\t\t\t\t\t\t\t<p>Unsere R\u00fcckerstattungs- oder Produktersatzrichtlinie gilt 14 Tage.\nWenn 14 Tage seit dem Kauf des Produkts vergangen sind, k\u00f6nnen wir Ihnen keine R\u00fcckerstattung oder Produktersatz anbieten.<\/p>\n<p>Um einen Produktersatz genehmigen zu k\u00f6nnen, muss das Produkt unbenutzt und in der Originalverpackung sein.<\/p>\n<p>Um einen Produktersatz durchf\u00fchren zu k\u00f6nnen, ist es erforderlich, eine Quittung oder einen Kaufnachweis beizuf\u00fcgen.<\/p>\n<p>Nachdem wir das zur\u00fcckgesandte Produkt erhalten und \u00fcberpr\u00fcft haben, senden wir Ihnen eine E-Mail und benachrichtigen Sie \u00fcber das erhaltene Produkt.\nWir werden Sie auch dar\u00fcber informieren, ob der Ersatz und die R\u00fcckerstattung genehmigt oder abgelehnt wurden.<\/p>\n<p>Wenn die R\u00fcckerstattung genehmigt wird, werden Sie benachrichtigt, uns das Konto mitzuteilen, auf das Sie das Geld innerhalb von 3 Werktagen \u00fcberwiesen haben m\u00f6chten.<\/p>\n<p><b>R\u00fcckerstattungsverz\u00f6gerung<\/b><\/p>\n<p>Wenn die R\u00fcckerstattung aus irgendeinem Grund nicht rechtzeitig bearbeitet wurde, kontaktieren Sie uns unter <a href=\"mailto:office@balavander.com\">office@balavander.com<\/a><\/p>\n<p><b>Reduzierte Artikel<\/b><\/p>\n<p>Reduzierte Artikel k\u00f6nnen nicht zur\u00fcckgegeben werden.<\/p>\n<p>Wir bieten einen Produktersatz an, wenn das Produkt w\u00e4hrend des Transports besch\u00e4digt wurde.<br \/>Um eine Produktersatzanfrage zu bearbeiten, benachrichtigen Sie uns per E-Mail, kontaktieren Sie uns unter <a href=\"mailto:office@balavander.com\">office@balavander.com<\/a>.<\/p>\n<h2>R\u00fcckerstattung<\/h2>\n<p>Im Falle der R\u00fcckgabe von Waren und R\u00fcckerstattung an den Kunden, der zuvor mit einer der Zahlungskarten teilweise oder vollst\u00e4ndig bezahlt hat, unabh\u00e4ngig vom Grund der R\u00fcckgabe, <a href=\"https:\/\/balavander.com\/de\/\">balavander.com<\/a> ist verpflichtet, die R\u00fcckerstattung ausschlie\u00dflich \u00fcber VISA, EC\/MC, Maestro, Amex und Dina Zahlungsmethoden vorzunehmen, was bedeutet, dass die Bank auf Anfrage des Verk\u00e4ufers eine R\u00fcckerstattung auf das Konto des Karteninhabers vornimmt.<\/p>\n<h2>Produktr\u00fcckgabe<\/h2>\n<p>Um ein gekauftes Produkt zur\u00fcckzugeben, benachrichtigen Sie uns per E-Mail <a href=\"mailto:office@balavander.com\">office@balavander.com<\/a> und senden Sie das Produkt an die Adresse Bulevar cara Lazara 108, 21000 Novi Sad, Balavander Cosmetics<\/p>\n<p>Die R\u00fccksendekosten tr\u00e4gt der Kunde. <br \/>Versandkosten sind nicht in der R\u00fcckerstattung enthalten.<\/p>\n<p>\u00a0<\/p>\n<h2>Hilfe?<\/h2>\n<p><\/p>\n<p>Kontaktieren Sie uns per E-Mail <a href=\"mailto:office@balavander.com\">office@balavander.com<\/a> f\u00fcr alle Fragen bez\u00fcglich R\u00fcckerstattungen, Produktr\u00fcckgaben oder Produktersatz.<\/p>\t\t\t\t\t\t\t\t<\/div>\n\t\t\t\t<\/div>\n\t\t\t\t\t<\/div>\n\t\t<\/div>\n\t\t\t\t\t<\/div>\n\t\t<\/section>\n\t\t\t\t<\/div>","protected":false},"excerpt":{"rendered":"<p>Na\u0161a politika povra\u0107aja novca ili zamene proizvoda traje 14 dana. Ukoliko je pro\u0161lo 14 dana od kupovine proizvoda, ne\u0107emo biti u mogu\u0107nosti da Vam omogu\u0107imo povra\u0107aj novca ili zamanu proizvoda. Da bi bili u mogu\u0107nosti da Vam odobrimo zamenu proizvoda, proizvod mora biti nekori\u0161\u0107en i u originalnom pakovanju. Da bi [&hellip;]<\/p>\n","protected":false},"author":1,"featured_media":0,"parent":0,"menu_order":0,"comment_status":"closed","ping_status":"closed","template":"","meta":{"wprm-recipe-roundup-name":"","wprm-recipe-roundup-description":"","footnotes":""},"class_list":["post-3814","page","type-page","status-publish","hentry"],"_links":{"self":[{"href":"https:\/\/balavander.com\/de\/wp-json\/wp\/v2\/pages\/3814","targetHints":{"allow":["GET"]}}],"collection":[{"href":"https:\/\/balavander.com\/de\/wp-json\/wp\/v2\/pages"}],"about":[{"href":"https:\/\/balavander.com\/de\/wp-json\/wp\/v2\/types\/page"}],"author":[{"embeddable":true,"href":"https:\/\/balavander.com\/de\/wp-json\/wp\/v2\/users\/1"}],"replies":[{"embeddable":true,"href":"https:\/\/balavander.com\/de\/wp-json\/wp\/v2\/comments?post=3814"}],"version-history":[{"count":0,"href":"https:\/\/balavander.com\/de\/wp-json\/wp\/v2\/pages\/3814\/revisions"}],"wp:attachment":[{"href":"https:\/\/balavander.com\/de\/wp-json\/wp\/v2\/media?parent=3814"}],"curies":[{"name":"wp","href":"https:\/\/api.w.org\/{rel}","templated":true}]}}