{"id":3808,"date":"2021-09-10T23:27:31","date_gmt":"2021-09-10T21:27:31","guid":{"rendered":"https:\/\/balavander.com\/?page_id=3808"},"modified":"2024-12-30T16:38:56","modified_gmt":"2024-12-30T15:38:56","slug":"privacy-policy","status":"publish","type":"page","link":"https:\/\/balavander.com\/de\/privacy-policy\/","title":{"rendered":"Nutzungs- und Verkaufsbedingungen"},"content":{"rendered":"<div data-elementor-type=\"wp-page\" data-elementor-id=\"3808\" class=\"elementor elementor-3808\">\n\t\t\t\t\t\t<section class=\"elementor-section elementor-top-section elementor-element elementor-element-13e2b79 elementor-section-boxed elementor-section-height-default elementor-section-height-default\" data-id=\"13e2b79\" data-element_type=\"section\" data-e-type=\"section\" data-settings=\"{&quot;background_background&quot;:&quot;classic&quot;}\">\n\t\t\t\t\t\t\t<div class=\"elementor-background-overlay\"><\/div>\n\t\t\t\t\t\t\t<div class=\"elementor-container elementor-column-gap-default\">\n\t\t\t\t\t<div class=\"elementor-column elementor-col-100 elementor-top-column elementor-element elementor-element-a55c64e\" data-id=\"a55c64e\" data-element_type=\"column\" data-e-type=\"column\">\n\t\t\t<div class=\"elementor-widget-wrap elementor-element-populated\">\n\t\t\t\t\t\t<section class=\"elementor-section elementor-inner-section elementor-element elementor-element-f50b707 elementor-section-boxed elementor-section-height-default elementor-section-height-default\" data-id=\"f50b707\" data-element_type=\"section\" data-e-type=\"section\">\n\t\t\t\t\t\t<div class=\"elementor-container elementor-column-gap-default\">\n\t\t\t\t\t<div class=\"elementor-column elementor-col-100 elementor-inner-column elementor-element elementor-element-6e04e9e\" data-id=\"6e04e9e\" data-element_type=\"column\" data-e-type=\"column\">\n\t\t\t<div class=\"elementor-widget-wrap elementor-element-populated\">\n\t\t\t\t\t\t<div class=\"elementor-element elementor-element-defa2e8 elementor-widget elementor-widget-text-editor\" data-id=\"defa2e8\" data-element_type=\"widget\" data-e-type=\"widget\" data-widget_type=\"text-editor.default\">\n\t\t\t\t<div class=\"elementor-widget-container\">\n\t\t\t\t\t\t\t\t\t<p>Auf der Grundlage der Bestimmungen von Art.13 und Art.27 des Verbraucherschutzgesetzes (Amtsblatt RS 62\/2014)<br \/>Balavander Cosmetics Novi Sad, Reg.Nr. 66527239, Steuernr.: 113038361,\u00a0 <br \/>seine gesch\u00e4tzten Verbraucher, die Waren \u00fcber die Website kaufen <a href=\"http:\/\/balavander.com\/de\/\">balavander.com<\/a><\/p>\n<p>B E N A C H R I C H T I G T<\/p>\n<p>\u2013 dass f\u00fcr die Einreichung einer Reklamation zu kontaktieren ist: <a href=\"mailto:office@balavander.com\">office@balavander.com<\/a><\/p>\n<p>\u2013 dass die grundlegenden Merkmale der Waren auf der Website zu finden sind\u00a0<a href=\"http:\/\/balavander.com\/de\/\">balavander.com<\/a><\/p>\n<p>\u2013 dass gem\u00e4\u00df dem Verbraucherschutzgesetz (Amtsblatt RS, Nr. 62\/2014) der Kauf \u00fcber unsere Online-Verkaufswebsite\u00a0<a class=\"rank-math-link\" href=\"http:\/\/balavander.com\/de\/\">balavander.com<\/a><a class=\"rank-math-link\" href=\"https:\/\/www.blisshoney.rs\/\" target=\"_blank\" rel=\"noopener\">\u00a0<\/a>is considered distance selling.<\/p>\n<p>\u2013 dass Waren, die \u00fcber die Website verkauft werden\u00a0<a class=\"rank-math-link\" href=\"http:\/\/balavander.com\/de\/\">balavander.com<\/a>\u00a0die f\u00fcr die regul\u00e4re Verwendung dieser Art von Waren erforderlichen Eigenschaften gem\u00e4\u00df ihrem in der Erkl\u00e4rung definierten Zweck besitzen;<\/p>\n<p>\u2013 dass der Verkaufspreis der Waren bei jedem Artikel angegeben ist;<\/p>\n<p>\u2013 dass es kein Mehrwertsteuerzahler ist, alle Preise sind ohne Mehrwertsteuer und versteckte Kosten angegeben<\/p>\n<p>\u2013 gekaufte Waren werden innerhalb von maximal 3 Werktagen \u00fcber den Kurierdienst Post Express geliefert<strong><a href=\"http:\/\/www.sportvision.rs\/isporuka\" target=\"_blank\" rel=\"noreferrer noopener\">.<\/a><\/strong><\/p>\n<p>\u2013 dass die M\u00f6glichkeit, Waren mit besonderen Preisvorteilen und\/oder mit besonderen Verkaufsanreizen (Aktionsverkauf) zu kaufen, gem\u00e4\u00df den auf der Website ver\u00f6ffentlichten Bedingungen erfolgt\u00a0<a class=\"rank-math-link\" href=\"http:\/\/balavander.com\/de\/\">balavander.com<\/a>;<\/p>\n<p>\u2013 dass der Verbraucher bei der Erstellung einer Bestellung durch Dr\u00fccken der Schaltfl\u00e4che BEST\u00c4TIGEN die Verpflichtung zur Zahlung der bestellten Waren \u00fcbernimmt;<\/p>\n<p>\u2013 dass die Vertragskonformit\u00e4t der Waren AUSSCHLIESSLICH nach den Eigenschaften und dem Zweck der Waren bestimmt wird, wie in der entsprechenden Erkl\u00e4rung definiert;<\/p>\n<p>\u2013 dass die Website <a class=\"rank-math-link\" href=\"http:\/\/balavander.com\/de\/\">balavander.com<\/a> verpflichtet ist, Waren zu liefern, die dem Vertrag entsprechen.\nWenn die gelieferten Waren nicht dem Vertrag entsprechen, hat der Verbraucher, der den Verk\u00e4ufer \u00fcber die Nichtkonformit\u00e4t informiert hat, das Recht, vom Verk\u00e4ufer die kostenlose Behebung der Nichtkonformit\u00e4t durch Reparatur oder Ersatz zu verlangen oder eine Preisminderung zu fordern oder den Vertrag bez\u00fcglich dieser Waren zu k\u00fcndigen.\nAlle Kosten, die erforderlich sind, um die Waren vertragskonform zu machen, insbesondere die Kosten f\u00fcr Arbeit, Material, Abholung und Lieferung, tr\u00e4gt die Website <a class=\"rank-math-link\" href=\"http:\/\/balavander.com\/de\/\">balavander.com<\/a>. Die Website <a class=\"rank-math-link\" href=\"http:\/\/balavander.com\/de\/\">balavander.com<\/a> ist verantwortlich f\u00fcr die Nichtkonformit\u00e4t der Waren mit dem Vertrag, die innerhalb von 2 Jahren ab dem Datum des Risiko\u00fcbergangs auf den Verbraucher auftritt.<\/p>\n<p>\u2013 dass der Verbraucher im Falle des Erhalts von Waren, die er nicht behalten m\u00f6chte, das Recht hat, vom Vertrag zur\u00fcckzutreten und eine R\u00fcckerstattung in H\u00f6he des gezahlten Kaufpreises f\u00fcr die betreffenden Waren innerhalb von 14 Tagen auf die definierte Weise zu erhalten.<\/p>\n<p>\u2013 dass der Verbraucher f\u00fcr Waren, die \u00fcber den ONLINE-Shop bestellt wurden, das Recht hat, eine Reklamation f\u00fcr ein bereits verwendetes Produkt auf die f\u00fcr \u00fcber den ONLINE-Shop gekaufte Waren definierte Weise einzureichen.<\/p>\n<p><\/p>\t\t\t\t\t\t\t\t<\/div>\n\t\t\t\t<\/div>\n\t\t\t\t\t<\/div>\n\t\t<\/div>\n\t\t\t\t\t<\/div>\n\t\t<\/section>\n\t\t\t\t<div class=\"elementor-element elementor-element-637a5ba elementor-widget elementor-widget-spacer\" data-id=\"637a5ba\" data-element_type=\"widget\" data-e-type=\"widget\" data-widget_type=\"spacer.default\">\n\t\t\t\t<div class=\"elementor-widget-container\">\n\t\t\t\t\t\t\t<div class=\"elementor-spacer\">\n\t\t\t<div class=\"elementor-spacer-inner\"><\/div>\n\t\t<\/div>\n\t\t\t\t\t\t<\/div>\n\t\t\t\t<\/div>\n\t\t\t\t<div class=\"elementor-element elementor-element-4121d18 elementor-widget elementor-widget-heading\" data-id=\"4121d18\" data-element_type=\"widget\" data-e-type=\"widget\" data-widget_type=\"heading.default\">\n\t\t\t\t<div class=\"elementor-widget-container\">\n\t\t\t\t\t<h2 class=\"elementor-heading-title elementor-size-default\">Konvertierungserkl\u00e4rung<\/h2>\t\t\t\t<\/div>\n\t\t\t\t<\/div>\n\t\t\t\t<div class=\"elementor-element elementor-element-1720be1 elementor-widget elementor-widget-text-editor\" data-id=\"1720be1\" data-element_type=\"widget\" data-e-type=\"widget\" data-widget_type=\"text-editor.default\">\n\t\t\t\t<div class=\"elementor-widget-container\">\n\t\t\t\t\t\t\t\t\t<p>Alle Zahlungen werden in der Landesw\u00e4hrung der Republik Serbien \u2013 Dinar (RSD) \u2013 durchgef\u00fchrt.<br \/>F\u00fcr die informative Anzeige von Preisen in anderen W\u00e4hrungen wird der Mittelkurs der Nationalbank Serbiens verwendet.<br \/>Der Betrag, mit dem Ihre Zahlungskarte belastet wird, wird in Ihrer Landesw\u00e4hrung durch Umrechnung zum Wechselkurs der Kartenorganisationen ausgedr\u00fcckt, der uns zum Zeitpunkt der Transaktion nicht bekannt sein kann. <br \/>Als Ergebnis dieser Umrechnung besteht die M\u00f6glichkeit einer geringf\u00fcgigen Abweichung vom auf unserer Website angegebenen Originalpreis.<\/p>\t\t\t\t\t\t\t\t<\/div>\n\t\t\t\t<\/div>\n\t\t\t\t<div class=\"elementor-element elementor-element-bb95188 elementor-widget elementor-widget-heading\" data-id=\"bb95188\" data-element_type=\"widget\" data-e-type=\"widget\" data-widget_type=\"heading.default\">\n\t\t\t\t<div class=\"elementor-widget-container\">\n\t\t\t\t\t<h2 class=\"elementor-heading-title elementor-size-default\">Lieferung von Waren und m\u00f6gliche Einschr\u00e4nkungen<\/h2>\t\t\t\t<\/div>\n\t\t\t\t<\/div>\n\t\t\t\t<div class=\"elementor-element elementor-element-04690fd elementor-widget elementor-widget-text-editor\" data-id=\"04690fd\" data-element_type=\"widget\" data-e-type=\"widget\" data-widget_type=\"text-editor.default\">\n\t\t\t\t<div class=\"elementor-widget-container\">\n\t\t\t\t\t\t\t\t\t<p>Lieferbedingungen und alle Details zur Bestelllieferung k\u00f6nnen Sie unter dem Link lesen <a href=\"\/de\/dostava\/\">Lieferbedingungen<\/a><\/p>\t\t\t\t\t\t\t\t<\/div>\n\t\t\t\t<\/div>\n\t\t\t\t<div class=\"elementor-element elementor-element-3233552 elementor-widget elementor-widget-heading\" data-id=\"3233552\" data-element_type=\"widget\" data-e-type=\"widget\" data-widget_type=\"heading.default\">\n\t\t\t\t<div class=\"elementor-widget-container\">\n\t\t\t\t\t<h2 class=\"elementor-heading-title elementor-size-default\">Reklamationsrichtlinie<\/h2>\t\t\t\t<\/div>\n\t\t\t\t<\/div>\n\t\t\t\t<div class=\"elementor-element elementor-element-88dca65 elementor-widget elementor-widget-text-editor\" data-id=\"88dca65\" data-element_type=\"widget\" data-e-type=\"widget\" data-widget_type=\"text-editor.default\">\n\t\t\t\t<div class=\"elementor-widget-container\">\n\t\t\t\t\t\t\t\t\t<p>Reklamationsrichtlinie<\/p>\n<p>Ihre Zufriedenheit mit unseren Produkten ist uns am wichtigsten. <strong>14 Tagen<\/strong> ab dem Datum des Erhalts des Produkts eine Reklamation einreichen.<\/p>\n<p>Reklamationen sind in folgenden F\u00e4llen m\u00f6glich:<\/p>\n<ul>\n<li>Besch\u00e4digung des Produkts w\u00e4hrend der Lieferung<\/li>\n<li>Produktmangel<\/li>\n<li>Falsch geliefertes Produkt<\/li>\n<\/ul>\n<p>Um eine Reklamation einzureichen, stellen Sie uns bitte Folgendes zur Verf\u00fcgung:<\/p>\n<ul>\n<li>Beschreibung des Problems mit dem Produkt<\/li>\n<li>Fiskalbeleg als Kaufnachweis<br \/><br \/><\/li>\n<\/ul>\n<p>Sie k\u00f6nnen Reklamationen per E-Mail oder Telefon einreichen. Kontaktinformationen sind auf unserer Website verf\u00fcgbar.<br \/><br \/>Die Kosten f\u00fcr die R\u00fccksendung reklamierter Produkte tr\u00e4gt der K\u00e4ufer.<\/p>\n<p>Nachdem wir das Produkt erhalten und die Berechtigung der Reklamation festgestellt haben, senden wir Ihnen auf unsere Kosten ein Ersatzprodukt oder erstatten das Geld gem\u00e4\u00df der Vereinbarung.<\/p>\n<p>Die Bedingungen und die Art der Reklamation bez\u00fcglich Bestellungen k\u00f6nnen Sie unter dem Link einsehen <a href=\"\/de\/povracaj-novca\/\">R\u00fcckerstattungsbedingungen<\/a>.<\/p>\t\t\t\t\t\t\t\t<\/div>\n\t\t\t\t<\/div>\n\t\t\t\t<div class=\"elementor-element elementor-element-6b58e3e elementor-widget elementor-widget-heading\" data-id=\"6b58e3e\" data-element_type=\"widget\" data-e-type=\"widget\" data-widget_type=\"heading.default\">\n\t\t\t\t<div class=\"elementor-widget-container\">\n\t\t\t\t\t<h2 class=\"elementor-heading-title elementor-size-default\">R\u00fcckerstattung<\/h2>\t\t\t\t<\/div>\n\t\t\t\t<\/div>\n\t\t\t\t<div class=\"elementor-element elementor-element-0166551 elementor-widget elementor-widget-text-editor\" data-id=\"0166551\" data-element_type=\"widget\" data-e-type=\"widget\" data-widget_type=\"text-editor.default\">\n\t\t\t\t<div class=\"elementor-widget-container\">\n\t\t\t\t\t\t\t\t\t<p>Im Falle der R\u00fcckgabe von Waren und R\u00fcckerstattung<br \/>an den Kunden, der zuvor mit einer der Zahlungskarten teilweise oder vollst\u00e4ndig bezahlt hat, unabh\u00e4ngig vom<br \/>Grund der R\u00fcckgabe, <a href=\"http:\/\/balavander.com\/de\/\">balavander.com<\/a> ist verpflichtet, die R\u00fcckerstattung ausschlie\u00dflich<br \/>\u00fcber VISA, EC\/MC, Maestro, Amex und Dina Zahlungsmethoden vorzunehmen, was bedeutet, dass die Bank auf Anfrage des<br \/>Verk\u00e4ufers eine R\u00fcckerstattung auf das Konto des Karteninhabers vornimmt.<\/p>\t\t\t\t\t\t\t\t<\/div>\n\t\t\t\t<\/div>\n\t\t\t\t<div class=\"elementor-element elementor-element-bb2394a elementor-widget elementor-widget-spacer\" data-id=\"bb2394a\" data-element_type=\"widget\" data-e-type=\"widget\" data-widget_type=\"spacer.default\">\n\t\t\t\t<div class=\"elementor-widget-container\">\n\t\t\t\t\t\t\t<div class=\"elementor-spacer\">\n\t\t\t<div class=\"elementor-spacer-inner\"><\/div>\n\t\t<\/div>\n\t\t\t\t\t\t<\/div>\n\t\t\t\t<\/div>\n\t\t\t\t<div class=\"elementor-element elementor-element-b4934ea elementor-widget elementor-widget-heading\" data-id=\"b4934ea\" data-element_type=\"widget\" data-e-type=\"widget\" data-widget_type=\"heading.default\">\n\t\t\t\t<div class=\"elementor-widget-container\">\n\t\t\t\t\t<h2 class=\"elementor-heading-title elementor-size-default\">Schutz der Privatsph\u00e4re der Benutzer<\/h2>\t\t\t\t<\/div>\n\t\t\t\t<\/div>\n\t\t\t\t<div class=\"elementor-element elementor-element-a748aa7 elementor-widget elementor-widget-text-editor\" data-id=\"a748aa7\" data-element_type=\"widget\" data-e-type=\"widget\" data-widget_type=\"text-editor.default\">\n\t\t\t\t<div class=\"elementor-widget-container\">\n\t\t\t\t\t\t\t\t\t<p>Im Namen von Balavander Cosmetics (balavander.com) verpflichten wir uns, die Privatsph\u00e4re aller unserer Kunden zu sch\u00fctzen.\nWir sammeln nur die notwendigen, grundlegenden Daten \u00fcber K\u00e4ufer\/Benutzer und Daten, die f\u00fcr den Gesch\u00e4ftsbetrieb und die Information der Benutzer gem\u00e4\u00df guter Gesch\u00e4ftspraktiken und zur Erbringung qualitativ hochwertiger Dienstleistungen erforderlich sind.\nWir geben Kunden die Wahlm\u00f6glichkeit, einschlie\u00dflich<br \/>der M\u00f6glichkeit zu entscheiden, ob sie aus Mailinglisten, die f\u00fcr Marketingkampagnen verwendet werden, entfernt werden m\u00f6chten oder nicht. <br \/>Alle Daten \u00fcber Benutzer\/Kunden werden streng gesch\u00fctzt und sind nur Mitarbeitern zug\u00e4nglich, die diese Daten zur Ausf\u00fchrung ihrer Arbeit ben\u00f6tigen.\nAlle Mitarbeiter von Balavander Cosmetics (und Gesch\u00e4ftspartner) sind f\u00fcr die Einhaltung der Grunds\u00e4tze des Datenschutzes verantwortlich.<\/p>\t\t\t\t\t\t\t\t<\/div>\n\t\t\t\t<\/div>\n\t\t\t\t<div class=\"elementor-element elementor-element-0b21dbe elementor-widget elementor-widget-heading\" data-id=\"0b21dbe\" data-element_type=\"widget\" data-e-type=\"widget\" data-widget_type=\"heading.default\">\n\t\t\t\t<div class=\"elementor-widget-container\">\n\t\t\t\t\t<h2 class=\"elementor-heading-title elementor-size-default\">Schutz vertraulicher Transaktionsdaten<\/h2>\t\t\t\t<\/div>\n\t\t\t\t<\/div>\n\t\t\t\t<div class=\"elementor-element elementor-element-d7c02c0 elementor-widget elementor-widget-text-editor\" data-id=\"d7c02c0\" data-element_type=\"widget\" data-e-type=\"widget\" data-widget_type=\"text-editor.default\">\n\t\t\t\t<div class=\"elementor-widget-container\">\n\t\t\t\t\t\t\t\t\t<p>Bei der Eingabe von Zahlungskartendaten werden vertrauliche Informationen \u00fcber das \u00f6ffentliche Netzwerk in gesch\u00fctzter (verschl\u00fcsselter) Form unter Verwendung des SSL-Protokolls und PKI-Systems als derzeit fortschrittlichster kryptografischer Technologie \u00fcbertragen.<br \/>Die Datensicherheit beim Kauf wird vom Zahlungskartenverarbeiter Banca Intesa ad Belgrad garantiert, sodass der gesamte Zahlungsvorgang auf den Seiten der Bank stattfindet. <br \/>Zu keinem Zeitpunkt sind Zahlungskartendaten f\u00fcr unser System zug\u00e4nglich.<\/p>\t\t\t\t\t\t\t\t<\/div>\n\t\t\t\t<\/div>\n\t\t\t\t<div class=\"elementor-element elementor-element-6a7addd elementor-widget elementor-widget-heading\" data-id=\"6a7addd\" data-element_type=\"widget\" data-e-type=\"widget\" data-widget_type=\"heading.default\">\n\t\t\t\t<div class=\"elementor-widget-container\">\n\t\t\t\t\t<h2 class=\"elementor-heading-title elementor-size-default\">Mehrwertsteuererkl\u00e4rung <\/h2>\t\t\t\t<\/div>\n\t\t\t\t<\/div>\n\t\t\t\t<div class=\"elementor-element elementor-element-a8ac630 elementor-widget elementor-widget-text-editor\" data-id=\"a8ac630\" data-element_type=\"widget\" data-e-type=\"widget\" data-widget_type=\"text-editor.default\">\n\t\t\t\t<div class=\"elementor-widget-container\">\n\t\t\t\t\t\t\t\t\t<p>Balavander Cosmetics ist nicht im Mehrwertsteuersystem.<\/p>\t\t\t\t\t\t\t\t<\/div>\n\t\t\t\t<\/div>\n\t\t\t\t<div class=\"elementor-element elementor-element-8907a81 elementor-widget elementor-widget-spacer\" data-id=\"8907a81\" data-element_type=\"widget\" data-e-type=\"widget\" data-widget_type=\"spacer.default\">\n\t\t\t\t<div class=\"elementor-widget-container\">\n\t\t\t\t\t\t\t<div class=\"elementor-spacer\">\n\t\t\t<div class=\"elementor-spacer-inner\"><\/div>\n\t\t<\/div>\n\t\t\t\t\t\t<\/div>\n\t\t\t\t<\/div>\n\t\t\t\t\t<\/div>\n\t\t<\/div>\n\t\t\t\t\t<\/div>\n\t\t<\/section>\n\t\t\t\t<section class=\"elementor-section elementor-top-section elementor-element elementor-element-e527a76 elementor-section-boxed elementor-section-height-default elementor-section-height-default\" data-id=\"e527a76\" data-element_type=\"section\" data-e-type=\"section\">\n\t\t\t\t\t\t<div class=\"elementor-container elementor-column-gap-default\">\n\t\t\t\t\t<div class=\"elementor-column elementor-col-100 elementor-top-column elementor-element elementor-element-aa136ec\" data-id=\"aa136ec\" data-element_type=\"column\" data-e-type=\"column\">\n\t\t\t<div class=\"elementor-widget-wrap elementor-element-populated\">\n\t\t\t\t\t\t<div class=\"elementor-element elementor-element-650bb5a elementor-widget elementor-widget-spacer\" data-id=\"650bb5a\" data-element_type=\"widget\" data-e-type=\"widget\" data-widget_type=\"spacer.default\">\n\t\t\t\t<div class=\"elementor-widget-container\">\n\t\t\t\t\t\t\t<div class=\"elementor-spacer\">\n\t\t\t<div class=\"elementor-spacer-inner\"><\/div>\n\t\t<\/div>\n\t\t\t\t\t\t<\/div>\n\t\t\t\t<\/div>\n\t\t\t\t<div class=\"elementor-element elementor-element-bc4a467 elementor-widget elementor-widget-heading\" data-id=\"bc4a467\" data-element_type=\"widget\" data-e-type=\"widget\" data-widget_type=\"heading.default\">\n\t\t\t\t<div class=\"elementor-widget-container\">\n\t\t\t\t\t<h2 class=\"elementor-heading-title elementor-size-default\">Kontakt<\/h2>\t\t\t\t<\/div>\n\t\t\t\t<\/div>\n\t\t\t\t<div class=\"elementor-element elementor-element-1786d33 elementor-widget elementor-widget-text-editor\" data-id=\"1786d33\" data-element_type=\"widget\" data-e-type=\"widget\" data-widget_type=\"text-editor.default\">\n\t\t\t\t<div class=\"elementor-widget-container\">\n\t\t\t\t\t\t\t\t\t<p>Wenn Sie Fragen oder Anmerkungen zu dieser Cookie-Richtlinie haben, kontaktieren Sie uns bitte per E-Mail unter <a style=\"background-color: #ffffff;\" href=\"mailto:office@balavander.com\">office@balavander.com<\/a> oder \u00fcber das Kontaktformular auf unserer Website.<\/p>\n<p>\u00a0<\/p>\n<p>Mit einem L\u00e4cheln,<br \/><strong>Balavander<\/strong><\/p>\t\t\t\t\t\t\t\t<\/div>\n\t\t\t\t<\/div>\n\t\t\t\t\t<\/div>\n\t\t<\/div>\n\t\t\t\t\t<\/div>\n\t\t<\/section>\n\t\t\t\t<\/div>","protected":false},"excerpt":{"rendered":"<p>Na osnovu odredbe \u010dl.13. i \u010dl.27. Zakona o za\u0161titi potro\u0161a\u010da (Sl.glasnik RS 62\/2014)Balavander Cosmetics Novi Sad, mat.br. 66527239, PIB: 113038361,\u00a0 svoje cenjene potro\u0161a\u010de koji robu kupuju putem internet sajta balavander.com O B A V E \u0160 T A V A \u2013 da se za izjavljivanje reklamacije kontaktira: office@balavander.com \u2013 da [&hellip;]<\/p>\n","protected":false},"author":1,"featured_media":0,"parent":0,"menu_order":0,"comment_status":"closed","ping_status":"closed","template":"","meta":{"wprm-recipe-roundup-name":"","wprm-recipe-roundup-description":"","footnotes":""},"class_list":["post-3808","page","type-page","status-publish","hentry"],"_links":{"self":[{"href":"https:\/\/balavander.com\/de\/wp-json\/wp\/v2\/pages\/3808","targetHints":{"allow":["GET"]}}],"collection":[{"href":"https:\/\/balavander.com\/de\/wp-json\/wp\/v2\/pages"}],"about":[{"href":"https:\/\/balavander.com\/de\/wp-json\/wp\/v2\/types\/page"}],"author":[{"embeddable":true,"href":"https:\/\/balavander.com\/de\/wp-json\/wp\/v2\/users\/1"}],"replies":[{"embeddable":true,"href":"https:\/\/balavander.com\/de\/wp-json\/wp\/v2\/comments?post=3808"}],"version-history":[{"count":0,"href":"https:\/\/balavander.com\/de\/wp-json\/wp\/v2\/pages\/3808\/revisions"}],"wp:attachment":[{"href":"https:\/\/balavander.com\/de\/wp-json\/wp\/v2\/media?parent=3808"}],"curies":[{"name":"wp","href":"https:\/\/api.w.org\/{rel}","templated":true}]}}