{"id":3790,"date":"2021-09-10T23:17:39","date_gmt":"2021-09-10T21:17:39","guid":{"rendered":"https:\/\/balavander.com\/?page_id=3790"},"modified":"2025-01-14T11:56:50","modified_gmt":"2025-01-14T10:56:50","slug":"dostava","status":"publish","type":"page","link":"https:\/\/balavander.com\/de\/dostava\/","title":{"rendered":"Lieferung"},"content":{"rendered":"<div data-elementor-type=\"wp-page\" data-elementor-id=\"3790\" class=\"elementor elementor-3790\">\n\t\t\t\t\t\t<section class=\"elementor-section elementor-top-section elementor-element elementor-element-edc05f0 elementor-section-boxed elementor-section-height-default elementor-section-height-default\" data-id=\"edc05f0\" data-element_type=\"section\" data-e-type=\"section\">\n\t\t\t\t\t\t<div class=\"elementor-container elementor-column-gap-default\">\n\t\t\t\t\t<div class=\"elementor-column elementor-col-100 elementor-top-column elementor-element elementor-element-4f757a0\" data-id=\"4f757a0\" data-element_type=\"column\" data-e-type=\"column\">\n\t\t\t<div class=\"elementor-widget-wrap elementor-element-populated\">\n\t\t\t\t\t\t<div class=\"elementor-element elementor-element-a0c199d elementor-widget elementor-widget-heading\" data-id=\"a0c199d\" data-element_type=\"widget\" data-e-type=\"widget\" data-widget_type=\"heading.default\">\n\t\t\t\t<div class=\"elementor-widget-container\">\n\t\t\t\t\t<h3 class=\"elementor-heading-title elementor-size-default\">Produktabholung<\/h3>\t\t\t\t<\/div>\n\t\t\t\t<\/div>\n\t\t\t\t<div class=\"elementor-element elementor-element-022b993 elementor-widget elementor-widget-text-editor\" data-id=\"022b993\" data-element_type=\"widget\" data-e-type=\"widget\" data-widget_type=\"text-editor.default\">\n\t\t\t\t<div class=\"elementor-widget-container\">\n\t\t\t\t\t\t\t\t\t<p>Die Produktabholung ist nur nach vorheriger Vereinbarung mit dem Verk\u00e4ufer \u00fcber den offiziellen Kommunikationskanal m\u00f6glich.<\/p>\t\t\t\t\t\t\t\t<\/div>\n\t\t\t\t<\/div>\n\t\t\t\t<div class=\"elementor-element elementor-element-db813ea elementor-widget elementor-widget-heading\" data-id=\"db813ea\" data-element_type=\"widget\" data-e-type=\"widget\" data-widget_type=\"heading.default\">\n\t\t\t\t<div class=\"elementor-widget-container\">\n\t\t\t\t\t<h3 class=\"elementor-heading-title elementor-size-default\">PRODUKTLIEFERUNG<\/h3>\t\t\t\t<\/div>\n\t\t\t\t<\/div>\n\t\t\t\t<div class=\"elementor-element elementor-element-6752fcf elementor-widget elementor-widget-text-editor\" data-id=\"6752fcf\" data-element_type=\"widget\" data-e-type=\"widget\" data-widget_type=\"text-editor.default\">\n\t\t\t\t<div class=\"elementor-widget-container\">\n\t\t\t\t\t\t\t\t\t<p>Die Lieferung der Produkte, die Sie \u00fcber unseren Online-Shop bestellt haben, erfolgt per Kurierdienst im Gebiet der Republik Serbien oder in anderen L\u00e4ndern.\nDer Kurierdienst, der die Lieferung durchf\u00fchrt, ist Post Express aufgrund der sicheren und wirtschaftlichen Art der Paketzustellung.<\/p>\t\t\t\t\t\t\t\t<\/div>\n\t\t\t\t<\/div>\n\t\t\t\t<div class=\"elementor-element elementor-element-283fc72 elementor-widget elementor-widget-heading\" data-id=\"283fc72\" data-element_type=\"widget\" data-e-type=\"widget\" data-widget_type=\"heading.default\">\n\t\t\t\t<div class=\"elementor-widget-container\">\n\t\t\t\t\t<h3 class=\"elementor-heading-title elementor-size-default\">LIEFERZEIT<\/h3>\t\t\t\t<\/div>\n\t\t\t\t<\/div>\n\t\t\t\t<div class=\"elementor-element elementor-element-a13a33d elementor-widget__width-initial elementor-widget elementor-widget-text-editor\" data-id=\"a13a33d\" data-element_type=\"widget\" data-e-type=\"widget\" data-widget_type=\"text-editor.default\">\n\t\t\t\t<div class=\"elementor-widget-container\">\n\t\t\t\t\t\t\t\t\t<p>Die Sendung an Ihre Adresse wird von Post Express-Kurieren im Zeitraum von <b>8-18 Uhr<\/b>. <br>Bitte stellen Sie sicher, dass in diesem Zeitraum eine Person an der Adresse ist, die die Sendung entgegennimmt. <br>Wenn Sie dazu nicht in der Lage sind, wartet die Bestellung maximal 5 Werktage in der n\u00e4chstgelegenen Postfiliale auf Sie.<br><br><b>Wichtig:<\/b><br><i>Wenn die Frist f\u00fcr die Abholung der Sendung abl\u00e4uft und Ihre Sendung zur\u00fcckgeschickt wird, k\u00f6nnen Sie auf unserer Website keine Bestellungen mehr aufgeben.<\/i><\/p>\n<p>Wenn Sie feststellen, dass der Versandkarton erheblich besch\u00e4digt ist und vermuten, dass das Produkt m\u00f6glicherweise besch\u00e4digt ist, lehnen Sie die Annahme der Sendung ab und benachrichtigen Sie uns sofort. <br>Wenn die Sendung offensichtlich unbesch\u00e4digt ist, nehmen Sie die Sendung gerne entgegen und unterschreiben Sie den Lieferschein f\u00fcr den Kurier.<\/p>\t\t\t\t\t\t\t\t<\/div>\n\t\t\t\t<\/div>\n\t\t\t\t<div class=\"elementor-element elementor-element-3ed3956 elementor-widget elementor-widget-heading\" data-id=\"3ed3956\" data-element_type=\"widget\" data-e-type=\"widget\" data-widget_type=\"heading.default\">\n\t\t\t\t<div class=\"elementor-widget-container\">\n\t\t\t\t\t<h3 class=\"elementor-heading-title elementor-size-default\">ZAHLUNGSART UND LIEFERPREIS<\/h3>\t\t\t\t<\/div>\n\t\t\t\t<\/div>\n\t\t\t\t<div class=\"elementor-element elementor-element-207dc37 elementor-widget elementor-widget-text-editor\" data-id=\"207dc37\" data-element_type=\"widget\" data-e-type=\"widget\" data-widget_type=\"text-editor.default\">\n\t\t\t\t<div class=\"elementor-widget-container\">\n\t\t\t\t\t\t\t\t\t<p>Zahlung per Nachnahme in bar zum Zeitpunkt der Lieferung an die bei der Bestellung angegebene Adresse.<\/p><p>Der Lieferpreis f\u00fcr Bestellungen \u00fcber 3000,00 Din. ist <strong>kostenlos<\/strong>.<br \/>Kostenlose Lieferung ist nicht m\u00f6glich, wenn sie mit verschiedenen Gutscheincodes f\u00fcr Rabatte kombiniert wird.<br \/><br \/>F\u00fcr andere Bestellungen richtet sich der Lieferpreis nach der Preisliste des Kurierdienstes.<\/p><p>Wenn Sie als Zahlungsart \u201e\u00dcberweisung auf Konto\" w\u00e4hlen, wird Ihre Bestellung versendet\u00a0<span style=\"font-weight: bold;\">nach Zahlungseingang<\/span>\u00a0auf das Konto.<br \/>Wenn Sie als Zahlungsart \u201eKartenzahlung\" w\u00e4hlen, wird Ihre Bestellung versendet\u00a0<span style=\"font-weight: bold;\">nach Zahlungseingang<\/span>\u00a0auf das Konto.<\/p><p><b>Hinweis: <\/b>Wenn Sie m\u00f6chten, dass Ihre Bestellung auf andere Weise versendet wird, k\u00f6nnen Sie dies bei der Bestellung angeben.<\/p>\t\t\t\t\t\t\t\t<\/div>\n\t\t\t\t<\/div>\n\t\t\t\t\t<\/div>\n\t\t<\/div>\n\t\t\t\t\t<\/div>\n\t\t<\/section>\n\t\t\t\t<\/div>","protected":false},"excerpt":{"rendered":"<p>Preuzimanje proizvoda Preuzimanje proizvoda mogu\u0107e je jedino uz prethodni dogovor sa prodavcem, putem zvani\u010dnog kanala komunikacije. DOSTAVA PROIZVODA Dostava proizvoda koje ste poru\u010dili preko na\u0161e internet prodavnice vr\u0161i se putem kurirske slu\u017ebe na teritoriji Republike Srbije ili drugih zemalja. Kurirska slu\u017eba koja vr\u0161i isporuku je Post Express zbog sigurnog i [&hellip;]<\/p>\n","protected":false},"author":1,"featured_media":0,"parent":0,"menu_order":0,"comment_status":"closed","ping_status":"closed","template":"","meta":{"wprm-recipe-roundup-name":"","wprm-recipe-roundup-description":"","footnotes":""},"class_list":["post-3790","page","type-page","status-publish","hentry"],"_links":{"self":[{"href":"https:\/\/balavander.com\/de\/wp-json\/wp\/v2\/pages\/3790","targetHints":{"allow":["GET"]}}],"collection":[{"href":"https:\/\/balavander.com\/de\/wp-json\/wp\/v2\/pages"}],"about":[{"href":"https:\/\/balavander.com\/de\/wp-json\/wp\/v2\/types\/page"}],"author":[{"embeddable":true,"href":"https:\/\/balavander.com\/de\/wp-json\/wp\/v2\/users\/1"}],"replies":[{"embeddable":true,"href":"https:\/\/balavander.com\/de\/wp-json\/wp\/v2\/comments?post=3790"}],"version-history":[{"count":0,"href":"https:\/\/balavander.com\/de\/wp-json\/wp\/v2\/pages\/3790\/revisions"}],"wp:attachment":[{"href":"https:\/\/balavander.com\/de\/wp-json\/wp\/v2\/media?parent=3790"}],"curies":[{"name":"wp","href":"https:\/\/api.w.org\/{rel}","templated":true}]}}