{"id":3109,"date":"2019-10-24T00:57:41","date_gmt":"2019-10-24T00:57:41","guid":{"rendered":"https:\/\/goya.everthemes.com\/demo-fashion\/?page_id=3109"},"modified":"2024-12-30T14:54:17","modified_gmt":"2024-12-30T13:54:17","slug":"politika-privatnosti","status":"publish","type":"page","link":"https:\/\/balavander.com\/de\/politika-privatnosti\/","title":{"rendered":"Datenschutzerkl\u00e4rung"},"content":{"rendered":"<h2 class=\"wp-block-heading\">Wer wir sind<\/h2>\n\n\n\n<p>Unsere Website-Adresse lautet: <a href=\"https:\/\/balavander.com.\">https:\/\/balavander.com.<\/a><\/p>\n\n\n\n<h2 class=\"wp-block-heading\">Kommentare<\/h2>\n\n\n\n<p>Wenn Besucher Kommentare auf der Website hinterlassen, erfassen wir die im Kommentarformular angezeigten Daten sowie die IP-Adresse des Besuchers und den User-Agent-String des Browsers, um bei der Erkennung von Spam zu helfen.<\/p>\n\n\n\n<p>Eine anonymisierte Zeichenfolge, die aus Ihrer E-Mail-Adresse erstellt wird (auch Hash genannt), kann an den Gravatar-Dienst \u00fcbermittelt werden, um zu pr\u00fcfen, ob Sie ihn verwenden. Die Datenschutzerkl\u00e4rung des Gravatar-Dienstes ist hier verf\u00fcgbar: https:\/\/automattic.com\/privacy\/\n. Nach der Freigabe Ihres Kommentars ist Ihr Profilbild \u00f6ffentlich im Zusammenhang mit Ihrem Kommentar sichtbar.<\/p>\n\n\n\n<h2 class=\"wp-block-heading\">Inhalt<\/h2>\n\n\n\n<p>Wenn Sie Bilder auf die Website hochladen, sollten Sie das Hochladen von Bildern mit eingebetteten Standortdaten (EXIF GPS) vermeiden. Besucher der Website k\u00f6nnen Standortdaten aus Bildern auf der Website herunterladen und extrahieren.<\/p>\n\n\n\n<h2 class=\"wp-block-heading\">Cookie-Richtlinie<\/h2>\n\n\n\n<p>Diese Cookie-Richtlinie erkl\u00e4rt, was Cookies sind, wie wir sie auf unserer Website balavander.com verwenden, welche Arten von Cookies wir einsetzen, welche Informationen wir durch Cookies sammeln, wie diese Informationen verwendet werden und wie Sie Ihre Cookie-Einstellungen steuern k\u00f6nnen.<\/p>\n\n\n\n<h3 class=\"wp-block-heading\">Was sind Cookies?<\/h3>\n\n\n\n<p>Cookies sind kleine Textdateien, die auf Ihrem Ger\u00e4t gespeichert werden, wenn Sie eine Website besuchen. Cookies helfen uns, Ihre Benutzererfahrung zu verbessern, indem sie es der Website erm\u00f6glichen, Sie bei Ihrem n\u00e4chsten Besuch zu erkennen und Inhalte an Ihre Vorlieben anzupassen.<\/p>\n\n\n\n<h3 class=\"wp-block-heading\">Wie wir Cookies verwenden<\/h3>\n\n\n\n<p>Wir verwenden Cookies aus mehreren Gr\u00fcnden, darunter:<\/p>\n\n\n\n<ol class=\"wp-block-list\">\n<li><strong>Notwendige Cookies<\/strong>: Diese Cookies sind f\u00fcr das ordnungsgem\u00e4\u00dfe Funktionieren unserer Website unerl\u00e4sslich. Sie erm\u00f6glichen die Navigation auf der Website und die Nutzung grundlegender Funktionen.<\/li>\n\n\n\n<li><strong>Analytische Cookies<\/strong>Wir verwenden Google Analytics, um zu verstehen, wie Nutzer unsere Website nutzen. Diese Cookies sammeln Informationen dar\u00fcber, welche Seiten Sie besuchen, wie lange Sie auf der Website bleiben und wie Sie auf unsere Website gelangt sind.<\/li>\n\n\n\n<li><strong>Marketing-Cookies<\/strong>Facebook Pixel erm\u00f6glicht es uns, Besucher, die von Facebook kommen, zu verfolgen und ihnen personalisierte Werbung anzuzeigen.<\/li>\n<\/ol>\n\n\n\n<h3 class=\"wp-block-heading\">Cookies von Drittanbietern<\/h3>\n\n\n\n<p>Wir nutzen Dienste von Drittanbietern wie Google Analytics und Facebook Pixel, die ebenfalls Cookies auf Ihrem Ger\u00e4t platzieren. Diese Cookies sammeln Daten in anonymisierter Form, einschlie\u00dflich der Anzahl der Besucher der Website, ihrer Herkunft und der von ihnen besuchten Seiten auf unserer Website.<\/p>\n\n\n\n<h3 class=\"wp-block-heading\">Dauer der Cookies<\/h3>\n\n\n\n<p>Die Cookies auf unserer Website sind dauerhaft, das hei\u00dft, sie bleiben f\u00fcr einen bestimmten Zeitraum auf Ihrem Ger\u00e4t oder bis Sie sie l\u00f6schen.<\/p>\n\n\n\n<h3 class=\"wp-block-heading\">Wie Sie Cookies verwalten<\/h3>\n\n\n\n<p>Sie k\u00f6nnen entscheiden, ob Sie Cookies \u00fcber unser Cookie-Banner akzeptieren oder ablehnen, das bei Ihrem ersten Besuch der Website angezeigt wird. Sie k\u00f6nnen Ihre Cookie-Einstellungen auch jederzeit \u00fcber die Browsereinstellungen \u00e4ndern. Bitte beachten Sie, dass die Ablehnung von Cookies die Funktionalit\u00e4t der Website beeintr\u00e4chtigen kann.<\/p>\n\n\n\n<h2 class=\"wp-block-heading\">Eingebettete Inhalte von anderen Websites<\/h2>\n\n\n\n<p>Artikel auf dieser Website k\u00f6nnen eingebettete Inhalte enthalten (z.\u202fB. Videos, Bilder, Artikel usw.). Eingebettete Inhalte von anderen Websites verhalten sich genau so, als h\u00e4tte der Besucher diese andere Website direkt besucht.<\/p>\n\n\n\n<p>Diese Websites k\u00f6nnen Daten \u00fcber Sie sammeln, Cookies verwenden, zus\u00e4tzliches Tracking durch Dritte einbetten und Ihre Interaktionen mit diesem eingebetteten Inhalt \u00fcberwachen, einschlie\u00dflich der \u00dcberwachung Ihrer Interaktionen, wenn Sie ein Konto haben und auf dieser Website angemeldet sind.<\/p>\n\n\n\n<h2 class=\"wp-block-heading\">Wie lange wir Ihre Daten speichern<\/h2>\n\n\n\n<p>Wenn Sie einen Kommentar hinterlassen, werden dieser Kommentar und seine Metadaten unbegrenzt gespeichert. Dies dient dazu, Folgekommentare automatisch zu erkennen und freizugeben, anstatt sie in der Moderationswarteschlange zu halten.<\/p>\n\n\n\n<p>F\u00fcr Benutzer, die sich auf unserer Website registrieren (falls vorhanden), speichern wir auch die pers\u00f6nlichen Informationen, die sie in ihrem Benutzerprofil angeben. Alle Benutzer k\u00f6nnen ihre pers\u00f6nlichen Daten jederzeit einsehen, bearbeiten oder l\u00f6schen (au\u00dfer dass sie ihren Benutzernamen nicht \u00e4ndern k\u00f6nnen). Die Website-Administratoren k\u00f6nnen diese Informationen ebenfalls einsehen und bearbeiten.<\/p>\n\n\n\n<h2 class=\"wp-block-heading\">Welche Rechte Sie in Bezug auf Ihre Daten haben<\/h2>\n\n\n\n<p>Wenn Sie ein Konto auf dieser Website haben oder Kommentare hinterlassen haben, k\u00f6nnen Sie verlangen, eine Datei mit den exportierten pers\u00f6nlichen Daten zu erhalten, die wir \u00fcber Sie gespeichert haben, einschlie\u00dflich aller Daten, die Sie uns bereitgestellt haben. Sie k\u00f6nnen auch verlangen, dass wir alle pers\u00f6nlichen Daten l\u00f6schen, die wir \u00fcber Sie gespeichert haben. Dies schlie\u00dft keine Daten ein, die wir aus administrativen, rechtlichen oder sicherheitsrelevanten Gr\u00fcnden aufbewahren m\u00fcssen.<\/p>\n\n\n\n<h2 class=\"wp-block-heading\">Wohin wir Ihre Daten senden<\/h2>\n\n\n\n<p>Besucherkommentare k\u00f6nnen \u00fcber einen automatisierten Spam-Erkennungsdienst \u00fcberpr\u00fcft werden.<\/p>","protected":false},"excerpt":{"rendered":"<p>Ko smo mi Na\u0161a adresa veb mesta je: https:\/\/balavander.com. Komentari Kada posetioci ostave komentare na veb mestu, skupljamo podatke prikazane u obrascu za komentare kao i IP adresu posetioca i nisku user agent njegovog pregleda\u010da veba za pomo\u0107 u otkrivanju nepo\u017eeljnog. Anonimizovana niska napravljena od va\u0161e adrese e-po\u0161te (tako\u0111e nazvana [&hellip;]<\/p>\n","protected":false},"author":1,"featured_media":0,"parent":0,"menu_order":0,"comment_status":"closed","ping_status":"closed","template":"","meta":{"wprm-recipe-roundup-name":"","wprm-recipe-roundup-description":"","footnotes":""},"class_list":["post-3109","page","type-page","status-publish","hentry"],"_links":{"self":[{"href":"https:\/\/balavander.com\/de\/wp-json\/wp\/v2\/pages\/3109","targetHints":{"allow":["GET"]}}],"collection":[{"href":"https:\/\/balavander.com\/de\/wp-json\/wp\/v2\/pages"}],"about":[{"href":"https:\/\/balavander.com\/de\/wp-json\/wp\/v2\/types\/page"}],"author":[{"embeddable":true,"href":"https:\/\/balavander.com\/de\/wp-json\/wp\/v2\/users\/1"}],"replies":[{"embeddable":true,"href":"https:\/\/balavander.com\/de\/wp-json\/wp\/v2\/comments?post=3109"}],"version-history":[{"count":0,"href":"https:\/\/balavander.com\/de\/wp-json\/wp\/v2\/pages\/3109\/revisions"}],"wp:attachment":[{"href":"https:\/\/balavander.com\/de\/wp-json\/wp\/v2\/media?parent=3109"}],"curies":[{"name":"wp","href":"https:\/\/api.w.org\/{rel}","templated":true}]}}